{"id":109492,"date":"2024-08-29T20:14:32","date_gmt":"2024-08-29T18:14:32","guid":{"rendered":"https:\/\/one-horizon.ch\/product\/kind-bag-lunch-bag\/"},"modified":"2026-04-07T23:21:32","modified_gmt":"2026-04-07T21:21:32","slug":"kind-bag-lunch-bag","status":"publish","type":"product","link":"https:\/\/one-horizon.ch\/fr\/product\/kind-bag-lunch-bag\/","title":{"rendered":"Sac \u00e0 lunch"},"content":{"rendered":"<p><strong>Kind Bag Lunch Bag Deluxe &#8211; Pour un d\u00e9jeuner durable<\/strong><\/p>\n<p>\u00cates-vous pr\u00eat \u00e0 faire passer votre pause d\u00e9jeuner \u00e0 un niveau sup\u00e9rieur ? Nos sacs \u00e0 lunch innovants offrent non seulement une solution optimale pour vos repas en d\u00e9placement, mais ils envoient \u00e9galement un signal fort en faveur de la protection de l&#8217;environnement et du d\u00e9veloppement durable. <\/p>\n<p>&nbsp;<\/p>\n<p><strong>Mat\u00e9riaux et aspect environnemental<\/strong><br \/>\nChaque lunch bag est fabriqu\u00e9 \u00e0 partir de mat\u00e9riaux 100 % recycl\u00e9s, soit l&#8217;\u00e9quivalent de sept bouteilles en plastique r\u00e9utilis\u00e9es. En plus d&#8217;\u00eatre r\u00e9sistants \u00e0 l&#8217;eau, ces sacs sont exempts de PFA et de BPA, pour que vos repas restent s\u00fbrs et sains. Avec leur surface lavable et la possibilit\u00e9 de les laver en machine, ces lunch bags offrent un nettoyage sans probl\u00e8me.  <\/p>\n<p>&nbsp;<\/p>\n<p><strong>Design et fonctionnalit\u00e9<\/strong><br \/>\nLe design n&#8217;est pas seulement \u00e9l\u00e9gant, il est \u00e9galement bien pens\u00e9. Une fermeture magn\u00e9tique \u00e0 enroulement avec bouton permet de s\u00e9curiser votre repas, tandis que la poign\u00e9e, \u00e9galement dot\u00e9e d&#8217;un bouton, facilite le transport. \u00c0 l&#8217;int\u00e9rieur, vous trouverez deux poches ainsi qu&#8217;un compartiment sp\u00e9cial sur le c\u00f4t\u00e9 int\u00e9rieur le plus court pour les couverts et un autre compartiment pour les snacks. Cet agencement permet de maintenir l&#8217;ordre et de garder tout ce qui est important \u00e0 port\u00e9e de main.   <\/p>\n<p>&nbsp;<\/p>\n<p><strong>Robustesse et durabilit\u00e9<\/strong><br \/>\nLes mat\u00e9riaux robustes et r\u00e9sistants garantissent une longue dur\u00e9e de vie \u00e0 votre lunch bag. Que ce soit pour vos trajets quotidiens entre le domicile et le bureau ou pour une sortie \u00e0 l&#8217;aire de jeux, il sera le compagnon id\u00e9al. <\/p>\n<p>&nbsp;<\/p>\n<p>Pr\u00e9parez-vous \u00e0 faire des envieux lorsque vous emporterez votre nouveau lunch bag \u00e0 votre prochain rendez-vous de travail ou de loisirs. Confortable, chic et respectueux de l&#8217;environnement &#8211; la mise \u00e0 niveau de vos habitudes alimentaires et de votre style de vie ! <\/p>\n","protected":false},"excerpt":{"rendered":"<p>D\u00e9couvrez notre sac \u00e0 d\u00e9jeuner imperm\u00e9able, fabriqu\u00e9 \u00e0 partir de mat\u00e9riaux 100 % recycl\u00e9s. Dot\u00e9 d&#8217;une fermeture magn\u00e9tique \u00e0 enroulement, il est lavable en machine et ne contient pas de BPA.  Incl. de nombreux compartiments pour les couverts et les snacks. Fabriqu\u00e9 \u00e0 partir de 7 bouteilles en plastique. Parfait pour le bureau ou les loisirs &#8211; durable et pratique !  <\/p>\n","protected":false},"featured_media":109093,"comment_status":"open","ping_status":"closed","template":"","meta":{"_acf_changed":false},"product_brand":[3013],"product_cat":[1299],"product_tag":[3302,3295],"class_list":{"0":"post-109492","1":"product","2":"type-product","3":"status-publish","4":"has-post-thumbnail","6":"product_brand-kind-bag","7":"product_cat-sacs-et-bagages","8":"product_tag-pour-les-enfants","9":"product_tag-pour-vous","10":"product_shipping_class-colis-jusqua-2-kg","11":"pa_farbe-abstract-flowers-vert","12":"pa_farbe-bi-colour-stripes-fr","13":"pa_farbe-checkerboard-rose-bleu","14":"pa_farbe-confetti-fr","15":"pa_farbe-formes-organiques","16":"pa_farbe-wavy-daisy-fr","18":"first","19":"onbackorder","20":"taxable","21":"shipping-taxable","22":"purchasable","23":"product-type-variable"},"acf":[],"_links":{"self":[{"href":"https:\/\/one-horizon.ch\/fr\/wp-json\/wp\/v2\/product\/109492","targetHints":{"allow":["GET"]}}],"collection":[{"href":"https:\/\/one-horizon.ch\/fr\/wp-json\/wp\/v2\/product"}],"about":[{"href":"https:\/\/one-horizon.ch\/fr\/wp-json\/wp\/v2\/types\/product"}],"replies":[{"embeddable":true,"href":"https:\/\/one-horizon.ch\/fr\/wp-json\/wp\/v2\/comments?post=109492"}],"wp:featuredmedia":[{"embeddable":true,"href":"https:\/\/one-horizon.ch\/fr\/wp-json\/wp\/v2\/media\/109093"}],"wp:attachment":[{"href":"https:\/\/one-horizon.ch\/fr\/wp-json\/wp\/v2\/media?parent=109492"}],"wp:term":[{"taxonomy":"product_brand","embeddable":true,"href":"https:\/\/one-horizon.ch\/fr\/wp-json\/wp\/v2\/product_brand?post=109492"},{"taxonomy":"product_cat","embeddable":true,"href":"https:\/\/one-horizon.ch\/fr\/wp-json\/wp\/v2\/product_cat?post=109492"},{"taxonomy":"product_tag","embeddable":true,"href":"https:\/\/one-horizon.ch\/fr\/wp-json\/wp\/v2\/product_tag?post=109492"}],"curies":[{"name":"wp","href":"https:\/\/api.w.org\/{rel}","templated":true}]}}