{"id":109501,"date":"2024-08-28T15:02:14","date_gmt":"2024-08-28T13:02:14","guid":{"rendered":"https:\/\/one-horizon.ch\/product\/remember-penderie-murale-avec-plateau\/"},"modified":"2026-04-02T00:09:32","modified_gmt":"2026-04-01T22:09:32","slug":"remember-penderie-murale-avec-plateau","status":"publish","type":"product","link":"https:\/\/one-horizon.ch\/fr\/product\/remember-penderie-murale-avec-plateau\/","title":{"rendered":"Portemanteau mural avec \u00e9tag\u00e8re"},"content":{"rendered":"<p><strong>Portemanteau mural \u00e9l\u00e9gant avec \u00e9tag\u00e8re &#8211; \u00e9l\u00e9gance et praticit\u00e9 pour votre entr\u00e9e<\/strong><\/p>\n<p>Agr\u00e9mentez votre entr\u00e9e d&#8217;une combinaison de fonctionnalit\u00e9 et de design \u00e9l\u00e9gant ! Notre portemanteau mural n&#8217;attire pas seulement le regard, il offre \u00e9galement la solution id\u00e9ale pour le rangement quotidien. Avec ses 6 crochets aux formes rondes et \u00e9l\u00e9gantes et sa surface de rangement g\u00e9n\u00e9reuse, ce portemanteau incarne une combinaison parfaite de formes claires et de compositions de couleurs attrayantes.  <\/p>\n<p>Cette disposition vous permet d&#8217;accrocher facilement manteaux, vestes, \u00e9charpes, chapeaux et sacs. En outre, la tablette spacieuse sert de surface de rangement pratique pour les accessoires tels que les gants, les bonnets, les t\u00e9l\u00e9phones portables ou les parapluies de poche. Que ce soit \u00e0 la maison ou au bureau, ce portemanteau met l&#8217;accent partout et maintient l&#8217;entr\u00e9e en ordre.  <\/p>\n<p>Le montage du portemanteau mural est tr\u00e8s simple et rapide, il est donc pr\u00eat \u00e0 l&#8217;emploi. De plus, il se combine parfaitement avec nos miroirs muraux et nos \u00e9l\u00e9gantes tables d&#8217;appoint REMEMBER pour cr\u00e9er un ensemble harmonieux et accueillant dans votre entr\u00e9e. <\/p>\n<p>&nbsp;<\/p>\n<p><strong>Aper\u00e7u des propri\u00e9t\u00e9s<\/strong><\/p>\n<ul>\n<li>6 crochets ronds et esth\u00e9tiques pour de multiples possibilit\u00e9s d&#8217;accrochage<\/li>\n<li>Grande surface de rangement pour divers accessoires<\/li>\n<li>Un langage des formes clair et des couleurs esth\u00e9tiques<\/li>\n<li>Montage rapide et facile<\/li>\n<li>Id\u00e9alement combinable avec d&#8217;autres \u00e9l\u00e9ments d&#8217;ameublement<\/li>\n<\/ul>\n<p>&nbsp;<\/p>\n<p>Donnez du style et de l&#8217;ordre \u00e0 votre entr\u00e9e avec notre portemanteau mural avec rangement. L&#8217;\u00e9l\u00e9gance rencontre la praticit\u00e9 &#8211; pour le plus beau rangement dont vous puissiez r\u00eaver ! <\/p>\n","protected":false},"excerpt":{"rendered":"<p>Portemanteau mural avec 6 crochets ronds et un grand espace de rangement &#8211; garde les vestes, sacs et accessoires \u00e0 port\u00e9e de main. Design \u00e9pur\u00e9, montage facile, id\u00e9al pour l&#8217;entr\u00e9e ou le bureau. <\/p>\n","protected":false},"featured_media":108610,"comment_status":"open","ping_status":"closed","template":"","meta":{"_acf_changed":false},"product_brand":[3039],"product_cat":[1297],"product_tag":[],"class_list":{"0":"post-109501","1":"product","2":"type-product","3":"status-publish","4":"has-post-thumbnail","6":"product_brand-remember","7":"product_cat-accessoires-dinterieur","8":"product_shipping_class-colis-jusqua-2-kg","9":"pa_farbe-bleu","10":"pa_farbe-noir","12":"first","13":"outofstock","14":"taxable","15":"shipping-taxable","16":"purchasable","17":"product-type-variable"},"acf":[],"_links":{"self":[{"href":"https:\/\/one-horizon.ch\/fr\/wp-json\/wp\/v2\/product\/109501","targetHints":{"allow":["GET"]}}],"collection":[{"href":"https:\/\/one-horizon.ch\/fr\/wp-json\/wp\/v2\/product"}],"about":[{"href":"https:\/\/one-horizon.ch\/fr\/wp-json\/wp\/v2\/types\/product"}],"replies":[{"embeddable":true,"href":"https:\/\/one-horizon.ch\/fr\/wp-json\/wp\/v2\/comments?post=109501"}],"wp:featuredmedia":[{"embeddable":true,"href":"https:\/\/one-horizon.ch\/fr\/wp-json\/wp\/v2\/media\/108610"}],"wp:attachment":[{"href":"https:\/\/one-horizon.ch\/fr\/wp-json\/wp\/v2\/media?parent=109501"}],"wp:term":[{"taxonomy":"product_brand","embeddable":true,"href":"https:\/\/one-horizon.ch\/fr\/wp-json\/wp\/v2\/product_brand?post=109501"},{"taxonomy":"product_cat","embeddable":true,"href":"https:\/\/one-horizon.ch\/fr\/wp-json\/wp\/v2\/product_cat?post=109501"},{"taxonomy":"product_tag","embeddable":true,"href":"https:\/\/one-horizon.ch\/fr\/wp-json\/wp\/v2\/product_tag?post=109501"}],"curies":[{"name":"wp","href":"https:\/\/api.w.org\/{rel}","templated":true}]}}