{"id":109506,"date":"2024-08-28T17:30:34","date_gmt":"2024-08-28T15:30:34","guid":{"rendered":"https:\/\/one-horizon.ch\/product\/miroir-mural-de-decoration-dinterieur-47-cm\/"},"modified":"2026-04-02T14:53:03","modified_gmt":"2026-04-02T12:53:03","slug":"miroir-mural-de-decoration-dinterieur-47-cm","status":"publish","type":"product","link":"https:\/\/one-horizon.ch\/fr\/product\/miroir-mural-de-decoration-dinterieur-47-cm\/","title":{"rendered":"miroir mural, 47 cm"},"content":{"rendered":"<p>D\u00e9couvrez l&#8217;\u00e9l\u00e9gant miroir mural Raumgestalt de 47 cm qui enrichira votre int\u00e9rieur avec son design intemporel et son aspect chaleureux. Ce miroir de haute qualit\u00e9 est dot\u00e9 d&#8217;une finition huil\u00e9e fonc\u00e9e qui lui conf\u00e8re une texture \u00e9l\u00e9gante et attrayante. <\/p>\n<p>&nbsp;<\/p>\n<p><strong>Principales caract\u00e9ristiques<\/strong><\/p>\n<ul>\n<li><strong>Taille :<\/strong> diam\u00e8tre de 47 cm offrant une surface de r\u00e9flexion suffisante tout en \u00e9tant peu encombrant.<\/li>\n<li><strong>Mat\u00e9riaux :<\/strong> Le cadre du miroir est fabriqu\u00e9 \u00e0 partir de mat\u00e9riaux soigneusement s\u00e9lectionn\u00e9s.<\/li>\n<li><strong>Design :<\/strong> Avec son design simple mais \u00e9l\u00e9gant, ce miroir s&#8217;int\u00e8gre parfaitement dans divers styles d&#8217;int\u00e9rieur, id\u00e9al pour les int\u00e9rieurs modernes et traditionnels.<\/li>\n<li><strong>Domaines d&#8217;utilisation :<\/strong> Parfaitement adapt\u00e9 \u00e0 une utilisation dans la chambre \u00e0 coucher, le salon, l&#8217;entr\u00e9e ou la salle de bains.<\/li>\n<li><strong>Installation :<\/strong> le miroir peut \u00eatre mont\u00e9 facilement et en toute s\u00e9curit\u00e9 sur le mur, le mat\u00e9riel de montage n\u00e9cessaire \u00e9tant d\u00e9j\u00e0 inclus.<\/li>\n<\/ul>\n<p>&nbsp;<\/p>\n<p>Le miroir mural Raumgestalt n&#8217;est pas seulement pratique, il sert \u00e9galement d&#8217;\u00e9l\u00e9ment d\u00e9coratif qui conf\u00e8re \u00e0 chaque pi\u00e8ce une atmosph\u00e8re particuli\u00e8rement accueillante et chaleureuse. Il est id\u00e9al pour les personnes qui souhaitent ajouter une touche d&#8217;\u00e9l\u00e9gance et de fonctionnalit\u00e9 \u00e0 leur int\u00e9rieur. <\/p>\n","protected":false},"excerpt":{"rendered":"<p>miroir mural \u00e9l\u00e9gant, huil\u00e9 fonc\u00e9, pour les int\u00e9rieurs modernes. Il apporte une touche de style et conf\u00e8re \u00e0 chaque pi\u00e8ce une atmosph\u00e8re chaleureuse et accueillante. <\/p>\n","protected":false},"featured_media":108639,"comment_status":"open","ping_status":"closed","template":"","meta":{"_acf_changed":false},"product_brand":[3038],"product_cat":[876],"product_tag":[],"class_list":{"0":"post-109506","1":"product","2":"type-product","3":"status-publish","4":"has-post-thumbnail","6":"product_brand-raumgestalt","7":"product_cat-vivre","8":"product_shipping_class-colis-jusqua-10-kg","9":"pa_holz-chene-huile","10":"pa_holz-chene-huile-fonce","11":"pa_holz-chene-naturel","13":"first","14":"outofstock","15":"taxable","16":"shipping-taxable","17":"purchasable","18":"product-type-variable"},"acf":[],"_links":{"self":[{"href":"https:\/\/one-horizon.ch\/fr\/wp-json\/wp\/v2\/product\/109506","targetHints":{"allow":["GET"]}}],"collection":[{"href":"https:\/\/one-horizon.ch\/fr\/wp-json\/wp\/v2\/product"}],"about":[{"href":"https:\/\/one-horizon.ch\/fr\/wp-json\/wp\/v2\/types\/product"}],"replies":[{"embeddable":true,"href":"https:\/\/one-horizon.ch\/fr\/wp-json\/wp\/v2\/comments?post=109506"}],"wp:featuredmedia":[{"embeddable":true,"href":"https:\/\/one-horizon.ch\/fr\/wp-json\/wp\/v2\/media\/108639"}],"wp:attachment":[{"href":"https:\/\/one-horizon.ch\/fr\/wp-json\/wp\/v2\/media?parent=109506"}],"wp:term":[{"taxonomy":"product_brand","embeddable":true,"href":"https:\/\/one-horizon.ch\/fr\/wp-json\/wp\/v2\/product_brand?post=109506"},{"taxonomy":"product_cat","embeddable":true,"href":"https:\/\/one-horizon.ch\/fr\/wp-json\/wp\/v2\/product_cat?post=109506"},{"taxonomy":"product_tag","embeddable":true,"href":"https:\/\/one-horizon.ch\/fr\/wp-json\/wp\/v2\/product_tag?post=109506"}],"curies":[{"name":"wp","href":"https:\/\/api.w.org\/{rel}","templated":true}]}}