{"id":110199,"date":"2024-09-01T18:22:49","date_gmt":"2024-09-01T16:22:49","guid":{"rendered":"https:\/\/one-horizon.ch\/?post_type=product&#038;p=110199"},"modified":"2026-04-01T23:54:02","modified_gmt":"2026-04-01T21:54:02","slug":"yamazaki-table-dappoint-tour","status":"publish","type":"product","link":"https:\/\/one-horizon.ch\/fr\/product\/yamazaki-table-dappoint-tour\/","title":{"rendered":"Table d&#8217;appoint Tower"},"content":{"rendered":"<p>Avec ses lignes \u00e9pur\u00e9es, cette table minimaliste s&#8217;int\u00e8gre parfaitement dans tout environnement, que ce soit comme table d&#8217;appoint Tower dans le salon ou comme table de chevet dans la chambre \u00e0 coucher. Gr\u00e2ce \u00e0 son design sobre et moderne, elle compl\u00e8te n&#8217;importe quel concept d&#8217;int\u00e9rieur sans \u00eatre envahissante. <\/p>\n<p>La table d&#8217;appoint Tower est un v\u00e9ritable chef-d&#8217;\u0153uvre de design minimaliste. Avec ses lignes droites et \u00e9pur\u00e9es et son esth\u00e9tique discr\u00e8te, elle s&#8217;int\u00e8gre sans peine dans n&#8217;importe quel environnement, que ce soit dans le salon, la chambre \u00e0 coucher ou m\u00eame le bureau. Cette table allie fonctionnalit\u00e9 et style d&#8217;une mani\u00e8re qui est \u00e0 la fois pratique et agr\u00e9able \u00e0 l&#8217;\u0153il.  <\/p>\n<p>La table d&#8217;appoint Tower n&#8217;est pas une simple table, mais une d\u00e9claration de design moderne. Son design \u00e9pur\u00e9 lui permet de s&#8217;int\u00e9grer parfaitement dans diff\u00e9rents styles d&#8217;int\u00e9rieur, qu&#8217;il s&#8217;agisse d&#8217;un int\u00e9rieur moderne, scandinave ou industriel. Elle peut \u00eatre utilis\u00e9e de diff\u00e9rentes mani\u00e8res : comme table d&#8217;appoint \u00e0 c\u00f4t\u00e9 du canap\u00e9, comme table de chevet \u00e0 c\u00f4t\u00e9 du lit ou m\u00eame comme rangement \u00e9l\u00e9gant dans l&#8217;entr\u00e9e.  <\/p>\n<p>Fabriqu\u00e9e \u00e0 partir de mat\u00e9riaux de qualit\u00e9, la table d&#8217;appoint Tower offre une surface robuste et durable qui r\u00e9siste sans probl\u00e8me \u00e0 une utilisation quotidienne. Sa taille compacte la rend id\u00e9ale pour les petits espaces, sans pour autant faire de compromis sur la fonctionnalit\u00e9 ou le style. La table offre suffisamment d&#8217;espace pour une lampe, des livres, des boissons ou des objets de d\u00e9coration, tout en cr\u00e9ant une atmosph\u00e8re ordonn\u00e9e et \u00e9l\u00e9gante.  <\/p>\n<p><strong>Dimensions :<\/strong> D50 x H49 cm<\/p>\n","protected":false},"excerpt":{"rendered":"<p>Table d&#8217;appoint minimaliste aux lignes \u00e9pur\u00e9es et au design intemporel &#8211; polyvalente, elle peut \u00eatre utilis\u00e9e comme table de salon ou table de chevet. Compacte (\u00d850 x H49 cm), robuste et adapt\u00e9e aux styles d&#8217;int\u00e9rieur modernes, scandinaves ou industriels. <\/p>\n","protected":false},"featured_media":110204,"comment_status":"open","ping_status":"closed","template":"","meta":{"_acf_changed":false},"product_brand":[3050],"product_cat":[1297],"product_tag":[],"class_list":{"0":"post-110199","1":"product","2":"type-product","3":"status-publish","4":"has-post-thumbnail","6":"product_brand-yamazaki","7":"product_cat-accessoires-dinterieur","8":"product_shipping_class-colis-jusqua-10-kg","9":"pa_farbe-blanc","10":"pa_farbe-noir","12":"first","13":"onbackorder","14":"taxable","15":"shipping-taxable","16":"purchasable","17":"product-type-variable"},"acf":[],"_links":{"self":[{"href":"https:\/\/one-horizon.ch\/fr\/wp-json\/wp\/v2\/product\/110199","targetHints":{"allow":["GET"]}}],"collection":[{"href":"https:\/\/one-horizon.ch\/fr\/wp-json\/wp\/v2\/product"}],"about":[{"href":"https:\/\/one-horizon.ch\/fr\/wp-json\/wp\/v2\/types\/product"}],"replies":[{"embeddable":true,"href":"https:\/\/one-horizon.ch\/fr\/wp-json\/wp\/v2\/comments?post=110199"}],"wp:featuredmedia":[{"embeddable":true,"href":"https:\/\/one-horizon.ch\/fr\/wp-json\/wp\/v2\/media\/110204"}],"wp:attachment":[{"href":"https:\/\/one-horizon.ch\/fr\/wp-json\/wp\/v2\/media?parent=110199"}],"wp:term":[{"taxonomy":"product_brand","embeddable":true,"href":"https:\/\/one-horizon.ch\/fr\/wp-json\/wp\/v2\/product_brand?post=110199"},{"taxonomy":"product_cat","embeddable":true,"href":"https:\/\/one-horizon.ch\/fr\/wp-json\/wp\/v2\/product_cat?post=110199"},{"taxonomy":"product_tag","embeddable":true,"href":"https:\/\/one-horizon.ch\/fr\/wp-json\/wp\/v2\/product_tag?post=110199"}],"curies":[{"name":"wp","href":"https:\/\/api.w.org\/{rel}","templated":true}]}}