{"id":110440,"date":"2024-09-04T10:24:59","date_gmt":"2024-09-04T08:24:59","guid":{"rendered":"https:\/\/one-horizon.ch\/?post_type=product&#038;p=110440"},"modified":"2026-04-01T22:11:53","modified_gmt":"2026-04-01T20:11:53","slug":"table-console-tour","status":"publish","type":"product","link":"https:\/\/one-horizon.ch\/fr\/product\/table-console-tour\/","title":{"rendered":"Table console &#8211; Tower"},"content":{"rendered":"<p>Apportez de l&#8217;\u00e9l\u00e9gance \u00e0 votre entr\u00e9e. Une solution pratique et peu encombrante pour chaque appartement. <\/p>\n","protected":false},"excerpt":{"rendered":"<p>Apportez de l&#8217;\u00e9l\u00e9gance \u00e0 votre entr\u00e9e. Une solution pratique et peu encombrante pour chaque appartement. <\/p>\n","protected":false},"featured_media":110445,"comment_status":"open","ping_status":"closed","template":"","meta":{"_acf_changed":false},"product_brand":[3050],"product_cat":[1297],"product_tag":[],"class_list":{"0":"post-110440","1":"product","2":"type-product","3":"status-publish","4":"has-post-thumbnail","6":"product_brand-yamazaki","7":"product_cat-accessoires-dinterieur","8":"product_shipping_class-colis-jusqua-10-kg","9":"pa_farbe-blanc","10":"pa_farbe-noir","12":"first","13":"onbackorder","14":"taxable","15":"shipping-taxable","16":"purchasable","17":"product-type-variable"},"acf":[],"_links":{"self":[{"href":"https:\/\/one-horizon.ch\/fr\/wp-json\/wp\/v2\/product\/110440","targetHints":{"allow":["GET"]}}],"collection":[{"href":"https:\/\/one-horizon.ch\/fr\/wp-json\/wp\/v2\/product"}],"about":[{"href":"https:\/\/one-horizon.ch\/fr\/wp-json\/wp\/v2\/types\/product"}],"replies":[{"embeddable":true,"href":"https:\/\/one-horizon.ch\/fr\/wp-json\/wp\/v2\/comments?post=110440"}],"wp:featuredmedia":[{"embeddable":true,"href":"https:\/\/one-horizon.ch\/fr\/wp-json\/wp\/v2\/media\/110445"}],"wp:attachment":[{"href":"https:\/\/one-horizon.ch\/fr\/wp-json\/wp\/v2\/media?parent=110440"}],"wp:term":[{"taxonomy":"product_brand","embeddable":true,"href":"https:\/\/one-horizon.ch\/fr\/wp-json\/wp\/v2\/product_brand?post=110440"},{"taxonomy":"product_cat","embeddable":true,"href":"https:\/\/one-horizon.ch\/fr\/wp-json\/wp\/v2\/product_cat?post=110440"},{"taxonomy":"product_tag","embeddable":true,"href":"https:\/\/one-horizon.ch\/fr\/wp-json\/wp\/v2\/product_tag?post=110440"}],"curies":[{"name":"wp","href":"https:\/\/api.w.org\/{rel}","templated":true}]}}