{"id":110491,"date":"2024-09-04T10:44:13","date_gmt":"2024-09-04T08:44:13","guid":{"rendered":"https:\/\/one-horizon.ch\/?post_type=product&#038;p=110491"},"modified":"2026-04-05T18:33:30","modified_gmt":"2026-04-05T16:33:30","slug":"tour-de-garde","status":"publish","type":"product","link":"https:\/\/one-horizon.ch\/fr\/product\/tour-de-garde\/","title":{"rendered":"Vestiaire &#8211; Tour"},"content":{"rendered":"<p>Mince, esth\u00e9tique, stable. Emball\u00e9 pour un gain de place, facile \u00e0 monter soi-m\u00eame. <\/p>\n","protected":false},"excerpt":{"rendered":"<p>Mince, esth\u00e9tique, stable. Emball\u00e9 pour un gain de place, facile \u00e0 monter soi-m\u00eame. <\/p>\n","protected":false},"featured_media":110496,"comment_status":"open","ping_status":"closed","template":"","meta":{"_acf_changed":false},"product_brand":[3050],"product_cat":[876],"product_tag":[],"class_list":{"0":"post-110491","1":"product","2":"type-product","3":"status-publish","4":"has-post-thumbnail","6":"product_brand-yamazaki","7":"product_cat-vivre","8":"product_shipping_class-colis-jusqua-10-kg","9":"pa_farbe-blanc","10":"pa_farbe-noir","12":"first","13":"onbackorder","14":"taxable","15":"shipping-taxable","16":"purchasable","17":"product-type-variable"},"acf":[],"_links":{"self":[{"href":"https:\/\/one-horizon.ch\/fr\/wp-json\/wp\/v2\/product\/110491","targetHints":{"allow":["GET"]}}],"collection":[{"href":"https:\/\/one-horizon.ch\/fr\/wp-json\/wp\/v2\/product"}],"about":[{"href":"https:\/\/one-horizon.ch\/fr\/wp-json\/wp\/v2\/types\/product"}],"replies":[{"embeddable":true,"href":"https:\/\/one-horizon.ch\/fr\/wp-json\/wp\/v2\/comments?post=110491"}],"wp:featuredmedia":[{"embeddable":true,"href":"https:\/\/one-horizon.ch\/fr\/wp-json\/wp\/v2\/media\/110496"}],"wp:attachment":[{"href":"https:\/\/one-horizon.ch\/fr\/wp-json\/wp\/v2\/media?parent=110491"}],"wp:term":[{"taxonomy":"product_brand","embeddable":true,"href":"https:\/\/one-horizon.ch\/fr\/wp-json\/wp\/v2\/product_brand?post=110491"},{"taxonomy":"product_cat","embeddable":true,"href":"https:\/\/one-horizon.ch\/fr\/wp-json\/wp\/v2\/product_cat?post=110491"},{"taxonomy":"product_tag","embeddable":true,"href":"https:\/\/one-horizon.ch\/fr\/wp-json\/wp\/v2\/product_tag?post=110491"}],"curies":[{"name":"wp","href":"https:\/\/api.w.org\/{rel}","templated":true}]}}