{"id":110528,"date":"2024-09-04T10:52:42","date_gmt":"2024-09-04T08:52:42","guid":{"rendered":"https:\/\/one-horizon.ch\/?post_type=product&#038;p=110528"},"modified":"2026-04-06T18:51:47","modified_gmt":"2026-04-06T16:51:47","slug":"yamazaki-naehkasten-tower","status":"publish","type":"product","link":"https:\/\/one-horizon.ch\/fr\/product\/yamazaki-naehkasten-tower\/","title":{"rendered":"Bo\u00eete \u00e0 couture &#8211; Tower"},"content":{"rendered":"<p>Une mani\u00e8re \u00e9l\u00e9gante de ranger les ustensiles de couture sans prendre trop de place. La combinaison du bois et de l&#8217;acier conf\u00e8re un charme \u00e9l\u00e9gant \u00e0 n&#8217;importe quelle pi\u00e8ce. Gr\u00e2ce \u00e0 sa poign\u00e9e, la bo\u00eete est \u00e9galement facile \u00e0 d\u00e9placer.  <\/p>\n","protected":false},"excerpt":{"rendered":"<p>Une mani\u00e8re \u00e9l\u00e9gante de ranger les ustensiles de couture sans prendre trop de place. La combinaison du bois et de l&#8217;acier conf\u00e8re un charme \u00e9l\u00e9gant \u00e0 n&#8217;importe quelle pi\u00e8ce. Gr\u00e2ce \u00e0 sa poign\u00e9e, la bo\u00eete est \u00e9galement facile \u00e0 d\u00e9placer.  <\/p>\n","protected":false},"featured_media":110534,"comment_status":"open","ping_status":"closed","template":"","meta":{"_acf_changed":false},"product_brand":[3050],"product_cat":[1302],"product_tag":[],"class_list":{"0":"post-110528","1":"product","2":"type-product","3":"status-publish","4":"has-post-thumbnail","6":"product_brand-yamazaki","7":"product_cat-rangement","8":"product_shipping_class-colis-jusqua-10-kg","9":"pa_farbe-blanc","10":"pa_farbe-noir","12":"first","13":"onbackorder","14":"taxable","15":"shipping-taxable","16":"purchasable","17":"product-type-variable"},"acf":[],"_links":{"self":[{"href":"https:\/\/one-horizon.ch\/fr\/wp-json\/wp\/v2\/product\/110528","targetHints":{"allow":["GET"]}}],"collection":[{"href":"https:\/\/one-horizon.ch\/fr\/wp-json\/wp\/v2\/product"}],"about":[{"href":"https:\/\/one-horizon.ch\/fr\/wp-json\/wp\/v2\/types\/product"}],"replies":[{"embeddable":true,"href":"https:\/\/one-horizon.ch\/fr\/wp-json\/wp\/v2\/comments?post=110528"}],"wp:featuredmedia":[{"embeddable":true,"href":"https:\/\/one-horizon.ch\/fr\/wp-json\/wp\/v2\/media\/110534"}],"wp:attachment":[{"href":"https:\/\/one-horizon.ch\/fr\/wp-json\/wp\/v2\/media?parent=110528"}],"wp:term":[{"taxonomy":"product_brand","embeddable":true,"href":"https:\/\/one-horizon.ch\/fr\/wp-json\/wp\/v2\/product_brand?post=110528"},{"taxonomy":"product_cat","embeddable":true,"href":"https:\/\/one-horizon.ch\/fr\/wp-json\/wp\/v2\/product_cat?post=110528"},{"taxonomy":"product_tag","embeddable":true,"href":"https:\/\/one-horizon.ch\/fr\/wp-json\/wp\/v2\/product_tag?post=110528"}],"curies":[{"name":"wp","href":"https:\/\/api.w.org\/{rel}","templated":true}]}}