{"id":110614,"date":"2024-09-04T11:48:52","date_gmt":"2024-09-04T09:48:52","guid":{"rendered":"https:\/\/one-horizon.ch\/?post_type=product&#038;p=110614"},"modified":"2026-04-05T18:33:27","modified_gmt":"2026-04-05T16:33:27","slug":"kind-bag-cross-body-bag","status":"publish","type":"product","link":"https:\/\/one-horizon.ch\/fr\/product\/kind-bag-cross-body-bag\/","title":{"rendered":"Sac \u00e0 bandouli\u00e8re"},"content":{"rendered":"<p><strong>Sac \u00e0 bandouli\u00e8re en plastique marin recycl\u00e9<\/strong><\/p>\n<p>Compact, polyvalent et port\u00e9 en toute bonne conscience, ce sac crossbody structur\u00e9 est enti\u00e8rement fabriqu\u00e9 \u00e0 partir de mat\u00e9riaux recycl\u00e9s, plus pr\u00e9cis\u00e9ment de 2,5 bouteilles de PET r\u00e9cup\u00e9r\u00e9es dans l&#8217;oc\u00e9an.<\/p>\n<p>L&#8217;ext\u00e9rieur textur\u00e9 lui donne de la texture et la bandouli\u00e8re r\u00e9glable le rend confortable \u00e0 porter, que ce soit en crossbody ou en sac \u00e0 main classique. A l&#8217;int\u00e9rieur : une poche zipp\u00e9e et deux poches ouvertes, tout \u00e0 port\u00e9e de main et bien organis\u00e9. <\/p>\n<p>Disponible en six couleurs. Convient \u00e0 presque tout, bon pour plus que votre propre quotidien. <\/p>\n<p>&nbsp;<\/p>\n<p><strong>D\u00e9tails en un coup d&#8217;\u0153il<\/strong><\/p>\n<ul>\n<li>Mat\u00e9riau : 100 % de bouteilles PET recycl\u00e9es (ext\u00e9rieur, int\u00e9rieur, \u00e9tiquettes)<\/li>\n<li>Fabriqu\u00e9 \u00e0 partir de bouteilles en plastique marin 2,5<\/li>\n<li>Bandouli\u00e8re r\u00e9glable<\/li>\n<li>1\u00d7 poche int\u00e9rieure zipp\u00e9e, 2\u00d7 poches ouvertes<\/li>\n<li>Fermeture \u00e0 glissi\u00e8re avec zip m\u00e9tallique<\/li>\n<li>6 options de couleurs<\/li>\n<\/ul>\n","protected":false},"excerpt":{"rendered":"<p>Sac \u00e0 bandouli\u00e8re compact fabriqu\u00e9 \u00e0 partir de bouteilles en plastique marin 100 % recycl\u00e9es &#8211; disponible en 6 couleurs. Lani\u00e8re r\u00e9glable, plusieurs compartiments, peut \u00eatre port\u00e9 comme un sac \u00e0 main ou un sac \u00e0 bandouli\u00e8re. <\/p>\n","protected":false},"featured_media":110619,"comment_status":"open","ping_status":"closed","template":"","meta":{"_acf_changed":false},"product_brand":[3013],"product_cat":[1321],"product_tag":[],"class_list":{"0":"post-110614","1":"product","2":"type-product","3":"status-publish","4":"has-post-thumbnail","6":"product_brand-kind-bag","7":"product_cat-sacs-ventraux","8":"product_shipping_class-colis-jusqua-10-kg","10":"first","11":"onbackorder","12":"taxable","13":"shipping-taxable","14":"purchasable","15":"product-type-variable"},"acf":[],"_links":{"self":[{"href":"https:\/\/one-horizon.ch\/fr\/wp-json\/wp\/v2\/product\/110614","targetHints":{"allow":["GET"]}}],"collection":[{"href":"https:\/\/one-horizon.ch\/fr\/wp-json\/wp\/v2\/product"}],"about":[{"href":"https:\/\/one-horizon.ch\/fr\/wp-json\/wp\/v2\/types\/product"}],"replies":[{"embeddable":true,"href":"https:\/\/one-horizon.ch\/fr\/wp-json\/wp\/v2\/comments?post=110614"}],"wp:featuredmedia":[{"embeddable":true,"href":"https:\/\/one-horizon.ch\/fr\/wp-json\/wp\/v2\/media\/110619"}],"wp:attachment":[{"href":"https:\/\/one-horizon.ch\/fr\/wp-json\/wp\/v2\/media?parent=110614"}],"wp:term":[{"taxonomy":"product_brand","embeddable":true,"href":"https:\/\/one-horizon.ch\/fr\/wp-json\/wp\/v2\/product_brand?post=110614"},{"taxonomy":"product_cat","embeddable":true,"href":"https:\/\/one-horizon.ch\/fr\/wp-json\/wp\/v2\/product_cat?post=110614"},{"taxonomy":"product_tag","embeddable":true,"href":"https:\/\/one-horizon.ch\/fr\/wp-json\/wp\/v2\/product_tag?post=110614"}],"curies":[{"name":"wp","href":"https:\/\/api.w.org\/{rel}","templated":true}]}}