{"id":110791,"date":"2024-09-04T12:42:15","date_gmt":"2024-09-04T10:42:15","guid":{"rendered":"https:\/\/one-horizon.ch\/?post_type=product&#038;p=110791"},"modified":"2026-04-01T22:10:00","modified_gmt":"2026-04-01T20:10:00","slug":"boyhood-maverick","status":"publish","type":"product","link":"https:\/\/one-horizon.ch\/fr\/product\/boyhood-maverick\/","title":{"rendered":"Maverick"},"content":{"rendered":"<p>Une fois que vous avez pli\u00e9 un avion en papier parfait qui volait vraiment loin, il n&#8217;y avait plus de limite \u00e0 l&#8217;endroit o\u00f9 il pouvait vous emmener !<\/p>\n<p>Maverick est un souvenir lumineux de l&#8217;\u00e9poque o\u00f9 un seul &#8220;lancer&#8221; suffisait pour s&#8217;envoler vers le monde &#8211; et atterrir en un clin d&#8217;\u0153il en Afrique, aux \u00c9tats-Unis ou en Chine. Ce grand avion en papier est moul\u00e9 et fabriqu\u00e9 en ch\u00eane massif. L\u00e9ger et a\u00e9rien, il est toujours pr\u00eat \u00e0 d\u00e9coller. Avec un fil de nylon fin, votre Maverick d\u00e9collera bient\u00f4t pour de bon&#8230;   <\/p>\n<p>Mat\u00e9riel :<\/p>\n<p>Ch\u00eane blanc europ\u00e9en FSC<\/p>\n","protected":false},"excerpt":{"rendered":"<p>Maverick est un souvenir lumineux de l&#8217;\u00e9poque o\u00f9 un seul &#8220;lancer&#8221; suffisait pour s&#8217;envoler vers le monde &#8211; et atterrir en un clin d&#8217;\u0153il en Afrique, aux \u00c9tats-Unis ou en Chine. Ce grand avion en papier est moul\u00e9 et fabriqu\u00e9 en ch\u00eane massif. L\u00e9ger et a\u00e9rien, il est toujours pr\u00eat \u00e0 s&#8217;envoler.  <\/p>\n","protected":false},"featured_media":110800,"comment_status":"open","ping_status":"closed","template":"","meta":{"_acf_changed":false},"product_brand":[2987],"product_cat":[1297],"product_tag":[],"class_list":{"0":"post-110791","1":"product","2":"type-product","3":"status-publish","4":"has-post-thumbnail","6":"product_brand-boyhood","7":"product_cat-accessoires-dinterieur","8":"product_shipping_class-colis-jusqua-10-kg","9":"pa_grosse-grand","10":"pa_grosse-petit","12":"first","13":"onbackorder","14":"taxable","15":"shipping-taxable","16":"purchasable","17":"product-type-variable"},"acf":[],"_links":{"self":[{"href":"https:\/\/one-horizon.ch\/fr\/wp-json\/wp\/v2\/product\/110791","targetHints":{"allow":["GET"]}}],"collection":[{"href":"https:\/\/one-horizon.ch\/fr\/wp-json\/wp\/v2\/product"}],"about":[{"href":"https:\/\/one-horizon.ch\/fr\/wp-json\/wp\/v2\/types\/product"}],"replies":[{"embeddable":true,"href":"https:\/\/one-horizon.ch\/fr\/wp-json\/wp\/v2\/comments?post=110791"}],"wp:featuredmedia":[{"embeddable":true,"href":"https:\/\/one-horizon.ch\/fr\/wp-json\/wp\/v2\/media\/110800"}],"wp:attachment":[{"href":"https:\/\/one-horizon.ch\/fr\/wp-json\/wp\/v2\/media?parent=110791"}],"wp:term":[{"taxonomy":"product_brand","embeddable":true,"href":"https:\/\/one-horizon.ch\/fr\/wp-json\/wp\/v2\/product_brand?post=110791"},{"taxonomy":"product_cat","embeddable":true,"href":"https:\/\/one-horizon.ch\/fr\/wp-json\/wp\/v2\/product_cat?post=110791"},{"taxonomy":"product_tag","embeddable":true,"href":"https:\/\/one-horizon.ch\/fr\/wp-json\/wp\/v2\/product_tag?post=110791"}],"curies":[{"name":"wp","href":"https:\/\/api.w.org\/{rel}","templated":true}]}}