{"id":110869,"date":"2024-09-04T17:21:33","date_gmt":"2024-09-04T15:21:33","guid":{"rendered":"https:\/\/one-horizon.ch\/?post_type=product&#038;p=110869"},"modified":"2026-04-02T14:52:43","modified_gmt":"2026-04-02T12:52:43","slug":"pots-a-plantes-set-de-3","status":"publish","type":"product","link":"https:\/\/one-horizon.ch\/fr\/product\/pots-a-plantes-set-de-3\/","title":{"rendered":"Set de 3 pots \u00e0 plantes"},"content":{"rendered":"<div class=\"ProductMeta__Description\">\n<div class=\"Rte\">\n<p>Un langage des formes clair &#8211; une variation de taille et de couleur : le set de pots de plantes apporte une ligne dans la conception des plantes et assure en m\u00eame temps une belle variation sur le rebord de fen\u00eatre ou le balcon. Pratique : le plus petit pot est id\u00e9al pour les pots d&#8217;herbes aromatiques standard, le pot moyen convient \u00e0 la version maxi. Set multicolore avec des pots de 3 tailles diff\u00e9rentes, pour l&#8217;int\u00e9rieur et l&#8217;ext\u00e9rieur, r\u00e9sistant au gel et \u00e0 l&#8217;hiver. Dimensions : S : L 13 x P 13 x H 13 cm.    M : L 15 x P 15 x H 15 cm. L : L 17 x P 17 x H 17 cm.<\/p>\n<\/div>\n<\/div>\n","protected":false},"excerpt":{"rendered":"<p>Un langage des formes clair &#8211; une variation de taille et de couleur : le set de pots de plantes apporte une ligne dans la conception des plantes et assure en m\u00eame temps une belle variation sur le rebord de fen\u00eatre ou le balcon. Pratique : le plus petit pot est id\u00e9al pour les pots d&#8217;herbes aromatiques standard, le pot moyen convient \u00e0 la version maxi. Set multicolore avec des pots de 3 tailles diff\u00e9rentes, pour l&#8217;int\u00e9rieur et l&#8217;ext\u00e9rieur, r\u00e9sistant au gel et \u00e0 l&#8217;hiver. Dimensions : S : L 13 x P 13 x H 13 cm. M : L 15 x P 15 x H 15 cm. L : L 17 x P 17 x H 17 cm.     <\/p>\n","protected":false},"featured_media":110876,"comment_status":"open","ping_status":"closed","template":"","meta":{"_acf_changed":false},"product_brand":[3039],"product_cat":[1329],"product_tag":[],"class_list":{"0":"post-110869","1":"product","2":"type-product","3":"status-publish","4":"has-post-thumbnail","6":"product_brand-remember","7":"product_cat-vases-fr","8":"product_shipping_class-colis-jusqua-10-kg","9":"pa_farbe-siena-fr","10":"pa_farbe-turin-fr","12":"first","13":"onbackorder","14":"taxable","15":"shipping-taxable","16":"purchasable","17":"product-type-variable"},"acf":[],"_links":{"self":[{"href":"https:\/\/one-horizon.ch\/fr\/wp-json\/wp\/v2\/product\/110869","targetHints":{"allow":["GET"]}}],"collection":[{"href":"https:\/\/one-horizon.ch\/fr\/wp-json\/wp\/v2\/product"}],"about":[{"href":"https:\/\/one-horizon.ch\/fr\/wp-json\/wp\/v2\/types\/product"}],"replies":[{"embeddable":true,"href":"https:\/\/one-horizon.ch\/fr\/wp-json\/wp\/v2\/comments?post=110869"}],"wp:featuredmedia":[{"embeddable":true,"href":"https:\/\/one-horizon.ch\/fr\/wp-json\/wp\/v2\/media\/110876"}],"wp:attachment":[{"href":"https:\/\/one-horizon.ch\/fr\/wp-json\/wp\/v2\/media?parent=110869"}],"wp:term":[{"taxonomy":"product_brand","embeddable":true,"href":"https:\/\/one-horizon.ch\/fr\/wp-json\/wp\/v2\/product_brand?post=110869"},{"taxonomy":"product_cat","embeddable":true,"href":"https:\/\/one-horizon.ch\/fr\/wp-json\/wp\/v2\/product_cat?post=110869"},{"taxonomy":"product_tag","embeddable":true,"href":"https:\/\/one-horizon.ch\/fr\/wp-json\/wp\/v2\/product_tag?post=110869"}],"curies":[{"name":"wp","href":"https:\/\/api.w.org\/{rel}","templated":true}]}}