{"id":110947,"date":"2024-09-04T17:35:47","date_gmt":"2024-09-04T15:35:47","guid":{"rendered":"https:\/\/one-horizon.ch\/?post_type=product&#038;p=110947"},"modified":"2026-04-01T22:06:04","modified_gmt":"2026-04-01T20:06:04","slug":"remember-sitzkissen","status":"publish","type":"product","link":"https:\/\/one-horizon.ch\/fr\/product\/remember-sitzkissen\/","title":{"rendered":"Coussin de si\u00e8ge"},"content":{"rendered":"<div class=\"ProductMeta__Description\">\n<div class=\"Rte\">\n<p>Vous cherchez un autre point fort pour votre balcon, votre cuisine ou votre terrasse ? Ces coussins d&#8217;assise confortables, aux combinaisons de couleurs originales, sont parfaits sur un banc, une chaise ou dans une chaise de plage. La housse est amovible et peut \u00eatre lav\u00e9e en machine sans probl\u00e8me. Coussin d&#8217;assise en 4 couleurs avec passepoil en velours sur tout le pourtour, avec fermeture \u00e0 glissi\u00e8re, rembourrage en mousse inclus. Lavable \u00e0 30 \u00b0C.     <\/p>\n<\/div>\n<\/div>\n","protected":false},"excerpt":{"rendered":"<p>Vous cherchez un autre point fort pour votre balcon, votre cuisine ou votre terrasse ? Ces coussins d&#8217;assise confortables, aux combinaisons de couleurs originales, sont parfaits sur un banc, une chaise ou dans une chaise de plage. La housse est amovible et peut \u00eatre lav\u00e9e en machine sans probl\u00e8me. Coussin d&#8217;assise en 4 couleurs avec passepoil en velours sur tout le pourtour, avec fermeture \u00e0 glissi\u00e8re, rembourrage en mousse inclus. Lavable \u00e0 30 \u00b0C.     <\/p>\n","protected":false},"featured_media":110964,"comment_status":"open","ping_status":"closed","template":"","meta":{"_acf_changed":false},"product_brand":[3039],"product_cat":[1297],"product_tag":[],"class_list":{"0":"post-110947","1":"product","2":"type-product","3":"status-publish","4":"has-post-thumbnail","6":"product_brand-remember","7":"product_cat-accessoires-dinterieur","8":"product_shipping_class-colis-jusqua-10-kg","9":"pa_farbe-cransberry-fr","10":"pa_farbe-noix-de-cajou","11":"pa_farbe-peanut-fr","12":"pa_farbe-wasabi-fr","14":"first","15":"onbackorder","16":"taxable","17":"shipping-taxable","18":"purchasable","19":"product-type-variable"},"acf":[],"_links":{"self":[{"href":"https:\/\/one-horizon.ch\/fr\/wp-json\/wp\/v2\/product\/110947","targetHints":{"allow":["GET"]}}],"collection":[{"href":"https:\/\/one-horizon.ch\/fr\/wp-json\/wp\/v2\/product"}],"about":[{"href":"https:\/\/one-horizon.ch\/fr\/wp-json\/wp\/v2\/types\/product"}],"replies":[{"embeddable":true,"href":"https:\/\/one-horizon.ch\/fr\/wp-json\/wp\/v2\/comments?post=110947"}],"wp:featuredmedia":[{"embeddable":true,"href":"https:\/\/one-horizon.ch\/fr\/wp-json\/wp\/v2\/media\/110964"}],"wp:attachment":[{"href":"https:\/\/one-horizon.ch\/fr\/wp-json\/wp\/v2\/media?parent=110947"}],"wp:term":[{"taxonomy":"product_brand","embeddable":true,"href":"https:\/\/one-horizon.ch\/fr\/wp-json\/wp\/v2\/product_brand?post=110947"},{"taxonomy":"product_cat","embeddable":true,"href":"https:\/\/one-horizon.ch\/fr\/wp-json\/wp\/v2\/product_cat?post=110947"},{"taxonomy":"product_tag","embeddable":true,"href":"https:\/\/one-horizon.ch\/fr\/wp-json\/wp\/v2\/product_tag?post=110947"}],"curies":[{"name":"wp","href":"https:\/\/api.w.org\/{rel}","templated":true}]}}