{"id":111092,"date":"2024-09-04T18:36:34","date_gmt":"2024-09-04T16:36:34","guid":{"rendered":"https:\/\/one-horizon.ch\/?post_type=product&#038;p=111092"},"modified":"2026-04-01T23:48:21","modified_gmt":"2026-04-01T21:48:21","slug":"table-dappoint-cielo-bleu-slash-mint","status":"publish","type":"product","link":"https:\/\/one-horizon.ch\/fr\/product\/table-dappoint-cielo-bleu-slash-mint\/","title":{"rendered":"Table d&#8217;appoint Cielo bleu\/mint"},"content":{"rendered":"<div class=\"ProductMeta__Description\">\n<div class=\"Rte\">\n<p>Harmonie de la forme et de la fonction : ces beaut\u00e9s minimalistes au design clair et rectiligne sont si polyvalentes qu&#8217;on a envie de les mettre en sc\u00e8ne partout. Comme table d&#8217;appoint \u00e0 c\u00f4t\u00e9 d&#8217;un canap\u00e9 ou d&#8217;un fauteuil de salon, pr\u00e8s du lit ou n&#8217;importe o\u00f9 ailleurs dans la maison, elles se combinent et s&#8217;agencent \u00e0 merveille. <\/p>\n<\/div>\n<\/div>\n","protected":false},"excerpt":{"rendered":"<p>Table d&#8217;appoint ronde en m\u00e9tal au design minimaliste &#8211; polyvalente, elle peut \u00eatre utilis\u00e9e \u00e0 c\u00f4t\u00e9 d&#8217;un canap\u00e9, d&#8217;un fauteuil lounge ou d&#8217;un lit. \u00d8 50 cm, hauteur 38 cm, couleur bleu\/menthe. <\/p>\n","protected":false},"featured_media":111095,"comment_status":"open","ping_status":"closed","template":"","meta":{"_acf_changed":false},"product_brand":[3039],"product_cat":[1297],"product_tag":[],"class_list":{"0":"post-111092","1":"product","2":"type-product","3":"status-publish","4":"has-post-thumbnail","6":"product_brand-remember","7":"product_cat-accessoires-dinterieur","8":"product_shipping_class-colis-jusqua-10-kg","9":"pa_farbe-bleu-mint","11":"first","12":"instock","13":"taxable","14":"shipping-taxable","15":"purchasable","16":"product-type-simple"},"acf":[],"_links":{"self":[{"href":"https:\/\/one-horizon.ch\/fr\/wp-json\/wp\/v2\/product\/111092","targetHints":{"allow":["GET"]}}],"collection":[{"href":"https:\/\/one-horizon.ch\/fr\/wp-json\/wp\/v2\/product"}],"about":[{"href":"https:\/\/one-horizon.ch\/fr\/wp-json\/wp\/v2\/types\/product"}],"replies":[{"embeddable":true,"href":"https:\/\/one-horizon.ch\/fr\/wp-json\/wp\/v2\/comments?post=111092"}],"wp:featuredmedia":[{"embeddable":true,"href":"https:\/\/one-horizon.ch\/fr\/wp-json\/wp\/v2\/media\/111095"}],"wp:attachment":[{"href":"https:\/\/one-horizon.ch\/fr\/wp-json\/wp\/v2\/media?parent=111092"}],"wp:term":[{"taxonomy":"product_brand","embeddable":true,"href":"https:\/\/one-horizon.ch\/fr\/wp-json\/wp\/v2\/product_brand?post=111092"},{"taxonomy":"product_cat","embeddable":true,"href":"https:\/\/one-horizon.ch\/fr\/wp-json\/wp\/v2\/product_cat?post=111092"},{"taxonomy":"product_tag","embeddable":true,"href":"https:\/\/one-horizon.ch\/fr\/wp-json\/wp\/v2\/product_tag?post=111092"}],"curies":[{"name":"wp","href":"https:\/\/api.w.org\/{rel}","templated":true}]}}