{"id":111109,"date":"2024-09-04T18:45:31","date_gmt":"2024-09-04T16:45:31","guid":{"rendered":"https:\/\/one-horizon.ch\/?post_type=product&#038;p=111109"},"modified":"2026-04-28T22:13:26","modified_gmt":"2026-04-28T20:13:26","slug":"vase-en-verre-aura","status":"publish","type":"product","link":"https:\/\/one-horizon.ch\/fr\/product\/vase-en-verre-aura\/","title":{"rendered":"Vase en verre Aura"},"content":{"rendered":"<div class=\"ProductMeta__Description\">\n<div class=\"Rte\">\n<p>El\u00e9gant vase en verre dans le verre compos\u00e9 de deux corps en verre souffl\u00e9 diff\u00e9rents. Selon la nature du bouquet, la partie sup\u00e9rieure peut \u00eatre retourn\u00e9e ou compl\u00e8tement supprim\u00e9e. Avec des fleurs, des herbes ou simplement en solo, la beaut\u00e9 sculpturale du vase fait son effet avec ou sans accompagnement floral. Conseil d&#8217;entretien : convient au lave-vaisselle. Chacun de nos produits en verre est fabriqu\u00e9 \u00e0 la main et est donc unique. De l\u00e9g\u00e8res diff\u00e9rences de mat\u00e9riau, de forme et de couleur sont donc possibles.     <\/p>\n<\/div>\n<\/div>\n","protected":false},"excerpt":{"rendered":"<p>El\u00e9gant vase en verre dans le verre compos\u00e9 de deux corps en verre souffl\u00e9 diff\u00e9rents. Selon la nature du bouquet, la partie sup\u00e9rieure peut \u00eatre retourn\u00e9e ou compl\u00e8tement supprim\u00e9e. Avec des fleurs, des herbes ou simplement seul, la beaut\u00e9 sculpturale du vase fait son effet avec ou sans accompagnement floral.  <\/p>\n","protected":false},"featured_media":111112,"comment_status":"open","ping_status":"closed","template":"","meta":{"_acf_changed":false},"product_brand":[3039],"product_cat":[1329],"product_tag":[],"class_list":{"0":"post-111109","1":"product","2":"type-product","3":"status-publish","4":"has-post-thumbnail","6":"product_brand-remember","7":"product_cat-vases-fr","8":"product_shipping_class-colis-jusqua-10-kg","9":"pa_farbe-ambre","10":"pa_farbe-lila-fr","12":"first","13":"onbackorder","14":"taxable","15":"shipping-taxable","16":"purchasable","17":"product-type-variable"},"acf":[],"_links":{"self":[{"href":"https:\/\/one-horizon.ch\/fr\/wp-json\/wp\/v2\/product\/111109","targetHints":{"allow":["GET"]}}],"collection":[{"href":"https:\/\/one-horizon.ch\/fr\/wp-json\/wp\/v2\/product"}],"about":[{"href":"https:\/\/one-horizon.ch\/fr\/wp-json\/wp\/v2\/types\/product"}],"replies":[{"embeddable":true,"href":"https:\/\/one-horizon.ch\/fr\/wp-json\/wp\/v2\/comments?post=111109"}],"wp:featuredmedia":[{"embeddable":true,"href":"https:\/\/one-horizon.ch\/fr\/wp-json\/wp\/v2\/media\/111112"}],"wp:attachment":[{"href":"https:\/\/one-horizon.ch\/fr\/wp-json\/wp\/v2\/media?parent=111109"}],"wp:term":[{"taxonomy":"product_brand","embeddable":true,"href":"https:\/\/one-horizon.ch\/fr\/wp-json\/wp\/v2\/product_brand?post=111109"},{"taxonomy":"product_cat","embeddable":true,"href":"https:\/\/one-horizon.ch\/fr\/wp-json\/wp\/v2\/product_cat?post=111109"},{"taxonomy":"product_tag","embeddable":true,"href":"https:\/\/one-horizon.ch\/fr\/wp-json\/wp\/v2\/product_tag?post=111109"}],"curies":[{"name":"wp","href":"https:\/\/api.w.org\/{rel}","templated":true}]}}