{"id":111140,"date":"2024-09-04T18:50:49","date_gmt":"2024-09-04T16:50:49","guid":{"rendered":"https:\/\/one-horizon.ch\/?post_type=product&#038;p=111140"},"modified":"2026-04-05T18:54:58","modified_gmt":"2026-04-05T16:54:58","slug":"remember-thermoflasche","status":"publish","type":"product","link":"https:\/\/one-horizon.ch\/fr\/product\/remember-thermoflasche\/","title":{"rendered":"Bouteille isotherme"},"content":{"rendered":"<div class=\"ProductMeta__Description\">\n<div class=\"Rte\">\n<p>D\u00e9couvrez la bouteille isotherme \u00e9l\u00e9gante qui offre un confort optimal pour vos boissons, qu&#8217;elles soient chaudes ou froides. Avec son bouchon rotatif robuste, cette bouteille thermos polyvalente promet de garder vos boissons \u00e0 la temp\u00e9rature id\u00e9ale pendant de nombreuses heures. Elle combine fonctionnalit\u00e9 et design \u00e9cologique, est exempte de BPA et d&#8217;aluminium et offre une isolation \u00e0 double paroi pour une conservation maximale de la temp\u00e9rature &#8211; jusqu&#8217;\u00e0 24 heures !  <\/p>\n<p>Que ce soit au travail, \u00e0 l&#8217;\u00e9cole ou lors d&#8217;aventures en plein air, cette bouteille isotherme est votre compagnon fiable, qui maintient votre boisson isol\u00e9e de mani\u00e8re s\u00fbre et efficace. Veuillez noter qu&#8217;elle ne convient pas aux boissons gazeuses et qu&#8217;elle n&#8217;est pas adapt\u00e9e au lave-vaisselle, au four ou au micro-ondes. <\/p>\n<p>Ajoutez une touche d&#8217;\u00e9l\u00e9gance et d&#8217;efficacit\u00e9 \u00e0 votre boisson quotidienne, tout en contribuant \u00e0 la protection de l&#8217;environnement. Id\u00e9al pour tous ceux qui attachent de l&#8217;importance \u00e0 la qualit\u00e9, au design et \u00e0 la durabilit\u00e9. <\/p>\n<\/div>\n<\/div>\n","protected":false},"excerpt":{"rendered":"<p>D\u00e9couvrez notre \u00e9l\u00e9gante bouteille isotherme &#8211; elle garde les boissons chaudes ou froides jusqu&#8217;\u00e0 24 heures. Parfaitement isol\u00e9e, sans BPA ni aluminium. Id\u00e9ale pour le quotidien !  <\/p>\n","protected":false},"featured_media":111154,"comment_status":"open","ping_status":"closed","template":"","meta":{"_acf_changed":false},"product_brand":[3039],"product_cat":[849],"product_tag":[],"class_list":{"0":"post-111140","1":"product","2":"type-product","3":"status-publish","4":"has-post-thumbnail","6":"product_brand-remember","7":"product_cat-gourdes","8":"product_shipping_class-colis-jusqua-10-kg","10":"first","11":"onbackorder","12":"taxable","13":"shipping-taxable","14":"purchasable","15":"product-type-variable"},"acf":[],"_links":{"self":[{"href":"https:\/\/one-horizon.ch\/fr\/wp-json\/wp\/v2\/product\/111140","targetHints":{"allow":["GET"]}}],"collection":[{"href":"https:\/\/one-horizon.ch\/fr\/wp-json\/wp\/v2\/product"}],"about":[{"href":"https:\/\/one-horizon.ch\/fr\/wp-json\/wp\/v2\/types\/product"}],"replies":[{"embeddable":true,"href":"https:\/\/one-horizon.ch\/fr\/wp-json\/wp\/v2\/comments?post=111140"}],"wp:featuredmedia":[{"embeddable":true,"href":"https:\/\/one-horizon.ch\/fr\/wp-json\/wp\/v2\/media\/111154"}],"wp:attachment":[{"href":"https:\/\/one-horizon.ch\/fr\/wp-json\/wp\/v2\/media?parent=111140"}],"wp:term":[{"taxonomy":"product_brand","embeddable":true,"href":"https:\/\/one-horizon.ch\/fr\/wp-json\/wp\/v2\/product_brand?post=111140"},{"taxonomy":"product_cat","embeddable":true,"href":"https:\/\/one-horizon.ch\/fr\/wp-json\/wp\/v2\/product_cat?post=111140"},{"taxonomy":"product_tag","embeddable":true,"href":"https:\/\/one-horizon.ch\/fr\/wp-json\/wp\/v2\/product_tag?post=111140"}],"curies":[{"name":"wp","href":"https:\/\/api.w.org\/{rel}","templated":true}]}}