{"id":111177,"date":"2024-09-04T18:58:34","date_gmt":"2024-09-04T16:58:34","guid":{"rendered":"https:\/\/one-horizon.ch\/?post_type=product&#038;p=111177"},"modified":"2026-04-05T18:55:00","modified_gmt":"2026-04-05T16:55:00","slug":"remember-gewuerzmuehle","status":"publish","type":"product","link":"https:\/\/one-horizon.ch\/fr\/product\/remember-gewuerzmuehle\/","title":{"rendered":"Moulin \u00e0 \u00e9pices"},"content":{"rendered":"<div class=\"ProductMeta__Description\">\n<div class=\"Rte\">\n<p>D\u00e9couvrez l&#8217;\u00e9l\u00e9gant moulin \u00e0 \u00e9pices qui allie style et fonctionnalit\u00e9 sur votre table \u00e0 manger. Ce moulin ajoute la touche d&#8217;assaisonnement souhait\u00e9e \u00e0 chaque repas, que ce soit en cuisinant ou \u00e0 table. Son int\u00e9rieur durable en acier inoxydable, associ\u00e9 \u00e0 un moulin en c\u00e9ramique pr\u00e9cis et r\u00e9glable en continu, vous permet d&#8217;ajuster parfaitement la mouture de vos grains d&#8217;\u00e9pices &#8211; de grossier \u00e0 fin. Convient pour le sel, le poivre et d&#8217;autres grains d&#8217;\u00e9pices solides.   <\/p>\n<p>Le design intemporel n&#8217;enthousiasme pas seulement par sa fonctionnalit\u00e9, mais aussi par son esth\u00e9tique. Disponible en plusieurs combinaisons de couleurs attrayantes, chaque moulin trouvera sa place dans votre cuisine en tant qu&#8217;accessoire \u00e0 la fois d\u00e9coratif et pratique. <\/p>\n<p>&nbsp;<\/p>\n<p><strong>D\u00e9tails du produit<\/strong><\/p>\n<ul>\n<li>Structure robuste en bois et acier inoxydable<\/li>\n<li>Moulin en c\u00e9ramique durable<\/li>\n<li>Dimensions : hauteur 18 cm, diam\u00e8tre 5,5 cm<\/li>\n<li>Capacit\u00e9 : 18,5 ml<\/li>\n<li>Nettoyage facile avec un chiffon humide<\/li>\n<\/ul>\n<\/div>\n<\/div>\n","protected":false},"excerpt":{"rendered":"<p>Moulin \u00e0 \u00e9pices \u00e9l\u00e9gant avec broyeur en c\u00e9ramique r\u00e9glable, fabriqu\u00e9 avec des mat\u00e9riaux de haute qualit\u00e9. Parfait pour toutes les cuisines. Capacit\u00e9 : 18,5 ml, hauteur : 18 cm.  <\/p>\n","protected":false},"featured_media":111183,"comment_status":"open","ping_status":"closed","template":"","meta":{"_acf_changed":false},"product_brand":[3039],"product_cat":[1392],"product_tag":[],"class_list":{"0":"post-111177","1":"product","2":"type-product","3":"status-publish","4":"has-post-thumbnail","6":"product_brand-remember","7":"product_cat-cuisine","8":"product_shipping_class-colis-jusqua-10-kg","10":"first","11":"onbackorder","12":"taxable","13":"shipping-taxable","14":"purchasable","15":"product-type-variable"},"acf":[],"_links":{"self":[{"href":"https:\/\/one-horizon.ch\/fr\/wp-json\/wp\/v2\/product\/111177","targetHints":{"allow":["GET"]}}],"collection":[{"href":"https:\/\/one-horizon.ch\/fr\/wp-json\/wp\/v2\/product"}],"about":[{"href":"https:\/\/one-horizon.ch\/fr\/wp-json\/wp\/v2\/types\/product"}],"replies":[{"embeddable":true,"href":"https:\/\/one-horizon.ch\/fr\/wp-json\/wp\/v2\/comments?post=111177"}],"wp:featuredmedia":[{"embeddable":true,"href":"https:\/\/one-horizon.ch\/fr\/wp-json\/wp\/v2\/media\/111183"}],"wp:attachment":[{"href":"https:\/\/one-horizon.ch\/fr\/wp-json\/wp\/v2\/media?parent=111177"}],"wp:term":[{"taxonomy":"product_brand","embeddable":true,"href":"https:\/\/one-horizon.ch\/fr\/wp-json\/wp\/v2\/product_brand?post=111177"},{"taxonomy":"product_cat","embeddable":true,"href":"https:\/\/one-horizon.ch\/fr\/wp-json\/wp\/v2\/product_cat?post=111177"},{"taxonomy":"product_tag","embeddable":true,"href":"https:\/\/one-horizon.ch\/fr\/wp-json\/wp\/v2\/product_tag?post=111177"}],"curies":[{"name":"wp","href":"https:\/\/api.w.org\/{rel}","templated":true}]}}