{"id":111356,"date":"2024-09-05T07:18:14","date_gmt":"2024-09-05T05:18:14","guid":{"rendered":"https:\/\/one-horizon.ch\/?post_type=product&#038;p=111356"},"modified":"2026-04-05T18:33:28","modified_gmt":"2026-04-05T16:33:28","slug":"musubu-vase","status":"publish","type":"product","link":"https:\/\/one-horizon.ch\/fr\/product\/musubu-vase\/","title":{"rendered":"Vase Musubu"},"content":{"rendered":"<div class=\"ProductMeta__Description\">\n<div class=\"Rte\">\n<p>Un vase de fleurs nou\u00e9 en porcelaine peut \u00eatre inclin\u00e9 dans diff\u00e9rentes directions. Il y a une limite au centre de l&#8217;int\u00e9rieur, de sorte que m\u00eame si vous y mettez de l&#8217;eau, elle ne s&#8217;\u00e9coulera pas d&#8217;un c\u00f4t\u00e9. M\u00eame si vous ne disposez pas de fleurs, vous pouvez les appr\u00e9cier comme des objets.  <\/p>\n<p>Design : Makoto Komatsu<\/p>\n<p>&nbsp;<\/p>\n<\/div>\n<\/div>\n","protected":false},"excerpt":{"rendered":"<p>Un vase de fleurs nou\u00e9 en porcelaine peut \u00eatre inclin\u00e9 dans diff\u00e9rentes directions. Il y a une limite au centre de l&#8217;int\u00e9rieur, de sorte que m\u00eame si vous y mettez de l&#8217;eau, elle ne s&#8217;\u00e9coulera pas d&#8217;un c\u00f4t\u00e9. M\u00eame si vous ne disposez pas de fleurs, vous pouvez les appr\u00e9cier comme des objets.  <\/p>\n","protected":false},"featured_media":111365,"comment_status":"open","ping_status":"closed","template":"","meta":{"_acf_changed":false},"product_brand":[2994],"product_cat":[1329],"product_tag":[],"class_list":{"0":"post-111356","1":"product","2":"type-product","3":"status-publish","4":"has-post-thumbnail","6":"product_brand-ceramic-japan","7":"product_cat-vases-fr","8":"product_shipping_class-colis-jusqua-10-kg","9":"pa_grosse-grand","10":"pa_grosse-petit","12":"first","13":"onbackorder","14":"taxable","15":"shipping-taxable","16":"purchasable","17":"product-type-variable"},"acf":[],"_links":{"self":[{"href":"https:\/\/one-horizon.ch\/fr\/wp-json\/wp\/v2\/product\/111356","targetHints":{"allow":["GET"]}}],"collection":[{"href":"https:\/\/one-horizon.ch\/fr\/wp-json\/wp\/v2\/product"}],"about":[{"href":"https:\/\/one-horizon.ch\/fr\/wp-json\/wp\/v2\/types\/product"}],"replies":[{"embeddable":true,"href":"https:\/\/one-horizon.ch\/fr\/wp-json\/wp\/v2\/comments?post=111356"}],"wp:featuredmedia":[{"embeddable":true,"href":"https:\/\/one-horizon.ch\/fr\/wp-json\/wp\/v2\/media\/111365"}],"wp:attachment":[{"href":"https:\/\/one-horizon.ch\/fr\/wp-json\/wp\/v2\/media?parent=111356"}],"wp:term":[{"taxonomy":"product_brand","embeddable":true,"href":"https:\/\/one-horizon.ch\/fr\/wp-json\/wp\/v2\/product_brand?post=111356"},{"taxonomy":"product_cat","embeddable":true,"href":"https:\/\/one-horizon.ch\/fr\/wp-json\/wp\/v2\/product_cat?post=111356"},{"taxonomy":"product_tag","embeddable":true,"href":"https:\/\/one-horizon.ch\/fr\/wp-json\/wp\/v2\/product_tag?post=111356"}],"curies":[{"name":"wp","href":"https:\/\/api.w.org\/{rel}","templated":true}]}}