{"id":111389,"date":"2024-09-05T07:25:14","date_gmt":"2024-09-05T05:25:14","guid":{"rendered":"https:\/\/one-horizon.ch\/?post_type=product&#038;p=111389"},"modified":"2026-05-16T11:50:31","modified_gmt":"2026-05-16T09:50:31","slug":"kissen","status":"publish","type":"product","link":"https:\/\/one-horizon.ch\/fr\/product\/kissen\/","title":{"rendered":"Oreiller"},"content":{"rendered":"<div class=\"ProductMeta__Description\">\n<div class=\"Rte\">\n<p>Superbe \u00e0 combiner : Ces coussins vous permettent de vous installer confortablement sur votre canap\u00e9. La belle combinaison de couleurs et le toucher agr\u00e9able font de ce coussin un accessoire d&#8217;int\u00e9rieur attrayant, qui apporte \u00e9galement une touche de confort sur le balcon et la terrasse en \u00e9t\u00e9. <\/p>\n<p><strong>D\u00e9tails du produit :<\/strong><\/p>\n<p>Coussin avec passepoil en velours sur tout le pourtour, avec fermeture \u00e0 glissi\u00e8re, remplissage inclus <\/p>\n<p>Mat\u00e9riaux : housse &#038; rembourrage : 100 % polyester, lavable \u00e0 30 \u00b0C<\/p>\n<p>Dimensions : 45 x 45 cm<\/p>\n<p>&nbsp;<\/p>\n<\/div>\n<\/div>\n","protected":false},"excerpt":{"rendered":"<p>Superbe \u00e0 combiner : Ces coussins vous permettent de vous installer confortablement sur votre canap\u00e9. La belle combinaison de couleurs et le toucher agr\u00e9able font de ce coussin un accessoire d&#8217;int\u00e9rieur attrayant, qui apporte \u00e9galement une touche de confort sur le balcon et la terrasse en \u00e9t\u00e9. <\/p>\n","protected":false},"featured_media":111396,"comment_status":"open","ping_status":"closed","template":"","meta":{"_acf_changed":false},"product_brand":[3039],"product_cat":[3227],"product_tag":[],"class_list":{"0":"post-111389","1":"product","2":"type-product","3":"status-publish","4":"has-post-thumbnail","6":"product_brand-remember","7":"product_cat-textiles","8":"product_shipping_class-colis-jusqua-10-kg","9":"pa_farbe-canneberge","10":"pa_farbe-macadamia","11":"pa_farbe-noix-de-cajou","12":"pa_farbe-peanut-fr","13":"pa_farbe-wasabi-fr","15":"first","16":"outofstock","17":"taxable","18":"shipping-taxable","19":"purchasable","20":"product-type-variable"},"acf":[],"_links":{"self":[{"href":"https:\/\/one-horizon.ch\/fr\/wp-json\/wp\/v2\/product\/111389","targetHints":{"allow":["GET"]}}],"collection":[{"href":"https:\/\/one-horizon.ch\/fr\/wp-json\/wp\/v2\/product"}],"about":[{"href":"https:\/\/one-horizon.ch\/fr\/wp-json\/wp\/v2\/types\/product"}],"replies":[{"embeddable":true,"href":"https:\/\/one-horizon.ch\/fr\/wp-json\/wp\/v2\/comments?post=111389"}],"wp:featuredmedia":[{"embeddable":true,"href":"https:\/\/one-horizon.ch\/fr\/wp-json\/wp\/v2\/media\/111396"}],"wp:attachment":[{"href":"https:\/\/one-horizon.ch\/fr\/wp-json\/wp\/v2\/media?parent=111389"}],"wp:term":[{"taxonomy":"product_brand","embeddable":true,"href":"https:\/\/one-horizon.ch\/fr\/wp-json\/wp\/v2\/product_brand?post=111389"},{"taxonomy":"product_cat","embeddable":true,"href":"https:\/\/one-horizon.ch\/fr\/wp-json\/wp\/v2\/product_cat?post=111389"},{"taxonomy":"product_tag","embeddable":true,"href":"https:\/\/one-horizon.ch\/fr\/wp-json\/wp\/v2\/product_tag?post=111389"}],"curies":[{"name":"wp","href":"https:\/\/api.w.org\/{rel}","templated":true}]}}