{"id":111449,"date":"2024-09-05T07:39:03","date_gmt":"2024-09-05T05:39:03","guid":{"rendered":"https:\/\/one-horizon.ch\/?post_type=product&#038;p=111449"},"modified":"2026-04-05T18:54:59","modified_gmt":"2026-04-05T16:54:59","slug":"strick-baumwolldecke","status":"publish","type":"product","link":"https:\/\/one-horizon.ch\/fr\/product\/strick-baumwolldecke\/","title":{"rendered":"Couverture en tricot et coton"},"content":{"rendered":"<div class=\"ProductMeta__Description\">\n<div class=\"Rte\">\n<p>Une vie sans couverture de canap\u00e9 ? C&#8217;est tout simplement inimaginable ! Notre couverture en coton tricot\u00e9 est merveilleusement chaude et douillette. Elle est donc indispensable pour les petites siestes de l&#8217;apr\u00e8s-midi, les soir\u00e9es confortables sur le canap\u00e9 ou les fra\u00eeches nuits d&#8217;\u00e9t\u00e9 sur la terrasse.  <\/p>\n<p>D\u00e9tails du produit :<\/p>\n<p>Se combine bien avec les coussins en coton tricot\u00e9<\/p>\n<p>Mat\u00e9riau : 100 % coton, lavable \u00e0 30\u00b0C<\/p>\n<p>Dimensions : 130 x 180 cm<\/p>\n<\/div>\n<\/div>\n","protected":false},"excerpt":{"rendered":"<p>Une vie sans couverture de canap\u00e9 ? C&#8217;est tout simplement inimaginable ! Notre couverture en coton tricot\u00e9 est merveilleusement chaude et douillette. Elle est donc indispensable pour les petites siestes de l&#8217;apr\u00e8s-midi, les soir\u00e9es confortables sur le canap\u00e9 ou les fra\u00eeches nuits d&#8217;\u00e9t\u00e9 sur la terrasse.  <\/p>\n","protected":false},"featured_media":111457,"comment_status":"open","ping_status":"closed","template":"","meta":{"_acf_changed":false},"product_brand":[3039],"product_cat":[3259],"product_tag":[],"class_list":{"0":"post-111449","1":"product","2":"type-product","3":"status-publish","4":"has-post-thumbnail","6":"product_brand-remember","7":"product_cat-couvertures-plaids","8":"product_shipping_class-colis-jusqua-10-kg","10":"first","11":"onbackorder","12":"taxable","13":"shipping-taxable","14":"purchasable","15":"product-type-variable"},"acf":[],"_links":{"self":[{"href":"https:\/\/one-horizon.ch\/fr\/wp-json\/wp\/v2\/product\/111449","targetHints":{"allow":["GET"]}}],"collection":[{"href":"https:\/\/one-horizon.ch\/fr\/wp-json\/wp\/v2\/product"}],"about":[{"href":"https:\/\/one-horizon.ch\/fr\/wp-json\/wp\/v2\/types\/product"}],"replies":[{"embeddable":true,"href":"https:\/\/one-horizon.ch\/fr\/wp-json\/wp\/v2\/comments?post=111449"}],"wp:featuredmedia":[{"embeddable":true,"href":"https:\/\/one-horizon.ch\/fr\/wp-json\/wp\/v2\/media\/111457"}],"wp:attachment":[{"href":"https:\/\/one-horizon.ch\/fr\/wp-json\/wp\/v2\/media?parent=111449"}],"wp:term":[{"taxonomy":"product_brand","embeddable":true,"href":"https:\/\/one-horizon.ch\/fr\/wp-json\/wp\/v2\/product_brand?post=111449"},{"taxonomy":"product_cat","embeddable":true,"href":"https:\/\/one-horizon.ch\/fr\/wp-json\/wp\/v2\/product_cat?post=111449"},{"taxonomy":"product_tag","embeddable":true,"href":"https:\/\/one-horizon.ch\/fr\/wp-json\/wp\/v2\/product_tag?post=111449"}],"curies":[{"name":"wp","href":"https:\/\/api.w.org\/{rel}","templated":true}]}}