{"id":111489,"date":"2024-09-05T07:45:00","date_gmt":"2024-09-05T05:45:00","guid":{"rendered":"https:\/\/one-horizon.ch\/?post_type=product&#038;p=111489"},"modified":"2026-05-13T17:08:49","modified_gmt":"2026-05-13T15:08:49","slug":"neceni-7-1","status":"publish","type":"product","link":"https:\/\/one-horizon.ch\/fr\/product\/neceni-7-1\/","title":{"rendered":"Neceni 7.1"},"content":{"rendered":"<div class=\"ProductMeta__Description\">\n<div class=\"Rte\">\n<p><b>Taille :<\/b><\/p>\n<div>\n<ul>\n<li>L\/L\/P : 19cm x 10cm x 10cm<\/li>\n<\/ul>\n<\/div>\n<div><b>Mat\u00e9riel :<\/b><\/div>\n<div>\n<ul>\n<li>Tarpaulin &#038; RPET<\/li>\n<li>Cuir : certifi\u00e9 LGW (leather working group)<\/li>\n<\/ul>\n<\/div>\n<div><b>production :<\/b><\/div>\n<div>\n<ul>\n<li>Travail manuel<\/li>\n<li>Certifi\u00e9 BSCI<\/li>\n<\/ul>\n<\/div>\n<\/div>\n<\/div>\n","protected":false},"excerpt":{"rendered":"<p>Le sac compact 7clouds Neceni 7.1 en tarpaulin robuste et PET recycl\u00e9 est certifi\u00e9 BSCI et fabriqu\u00e9 \u00e0 la main. Avec des dimensions de 19 x 10 x 10 cm &#8211; un compagnon fonctionnel et durable pour tous les jours. <\/p>\n","protected":false},"featured_media":111507,"comment_status":"open","ping_status":"closed","template":"","meta":{"_acf_changed":false},"product_brand":[2984],"product_cat":[1294],"product_tag":[],"class_list":{"0":"post-111489","1":"product","2":"type-product","3":"status-publish","4":"has-post-thumbnail","6":"product_brand-7clouds","7":"product_cat-necessaires-fr","8":"product_shipping_class-colis-jusqua-10-kg","10":"first","11":"onbackorder","12":"taxable","13":"shipping-taxable","14":"purchasable","15":"product-type-variable"},"acf":[],"_links":{"self":[{"href":"https:\/\/one-horizon.ch\/fr\/wp-json\/wp\/v2\/product\/111489","targetHints":{"allow":["GET"]}}],"collection":[{"href":"https:\/\/one-horizon.ch\/fr\/wp-json\/wp\/v2\/product"}],"about":[{"href":"https:\/\/one-horizon.ch\/fr\/wp-json\/wp\/v2\/types\/product"}],"replies":[{"embeddable":true,"href":"https:\/\/one-horizon.ch\/fr\/wp-json\/wp\/v2\/comments?post=111489"}],"wp:featuredmedia":[{"embeddable":true,"href":"https:\/\/one-horizon.ch\/fr\/wp-json\/wp\/v2\/media\/111507"}],"wp:attachment":[{"href":"https:\/\/one-horizon.ch\/fr\/wp-json\/wp\/v2\/media?parent=111489"}],"wp:term":[{"taxonomy":"product_brand","embeddable":true,"href":"https:\/\/one-horizon.ch\/fr\/wp-json\/wp\/v2\/product_brand?post=111489"},{"taxonomy":"product_cat","embeddable":true,"href":"https:\/\/one-horizon.ch\/fr\/wp-json\/wp\/v2\/product_cat?post=111489"},{"taxonomy":"product_tag","embeddable":true,"href":"https:\/\/one-horizon.ch\/fr\/wp-json\/wp\/v2\/product_tag?post=111489"}],"curies":[{"name":"wp","href":"https:\/\/api.w.org\/{rel}","templated":true}]}}