{"id":111797,"date":"2024-09-05T08:31:41","date_gmt":"2024-09-05T06:31:41","guid":{"rendered":"https:\/\/one-horizon.ch\/?post_type=product&#038;p=111797"},"modified":"2026-04-04T18:47:06","modified_gmt":"2026-04-04T16:47:06","slug":"london-2-leder-geldsack","status":"publish","type":"product","link":"https:\/\/one-horizon.ch\/fr\/product\/london-2-leder-geldsack\/","title":{"rendered":"London 2 &#8211; Porte-monnaie en cuir"},"content":{"rendered":"<div class=\"ProductMeta__Description\">\n<div class=\"Rte\">\n<div>London 2 est imm\u00e9diatement reconnaissable gr\u00e2ce \u00e0 ses compartiments zipp\u00e9s tr\u00e8s visibles. La taille pratique, la douceur au toucher et l&#8217;int\u00e9rieur qui organise tout de mani\u00e8re claire et qui est en outre dot\u00e9 d&#8217;une protection RFID, s\u00e9duiront tous ceux qui aiment emporter un format un peu plus pratique.<\/div>\n<div><\/div>\n<div>London 2 est \u00e9quip\u00e9 d&#8217;un film bloquant le signal RFID, de sorte que les donn\u00e9es des cartes de cr\u00e9dit ne peuvent pas \u00eatre espionn\u00e9es ill\u00e9galement. Le skimming consiste \u00e0 obtenir ill\u00e9galement des donn\u00e9es de cartes en lisant les donn\u00e9es des bandes magn\u00e9tiques et en les copiant sur de fausses cartes. <\/div>\n<div><\/div>\n<div>\n<p><b>Le porte-monnaie permet de ranger tout ce pour quoi vous avez travaill\u00e9 dur !<\/b><\/p>\n<div>\n<ul>\n<li>Taille : 9,5 x 2 x 17 cm<\/li>\n<li>cuir \u00e0 tannage semi-v\u00e9g\u00e9tal<\/li>\n<\/ul>\n<\/div>\n<div><\/div>\n<p><i>Int\u00e9rieur<\/i><\/p>\n<div>\n<ul>\n<li>14 fentes pour cartes de cr\u00e9dit<\/li>\n<li>2 poches de rangement<\/li>\n<li>1 compartiment transparent<\/li>\n<\/ul>\n<\/div>\n<p><i>Ext\u00e9rieur<\/i><\/p>\n<div>\n<ul>\n<li>2 compartiments zipp\u00e9s<\/li>\n<\/ul>\n<\/div>\n<\/div>\n<\/div>\n<\/div>\n","protected":false},"excerpt":{"rendered":"<p>Portefeuille en cuir compact avec protection RFID, 14 compartiments pour cartes et poches zipp\u00e9es distinctives &#8211; clairement organis\u00e9 dans un format pratique.<\/p>\n","protected":false},"featured_media":111836,"comment_status":"open","ping_status":"closed","template":"","meta":{"_acf_changed":false},"product_brand":[3019],"product_cat":[3276],"product_tag":[3292,3295],"class_list":{"0":"post-111797","1":"product","2":"type-product","3":"status-publish","4":"has-post-thumbnail","6":"product_brand-margelisch","7":"product_cat-carry-essentials","8":"product_tag-pour-lui","9":"product_tag-pour-vous","10":"product_shipping_class-colis-jusqua-10-kg","12":"first","13":"onbackorder","14":"taxable","15":"shipping-taxable","16":"purchasable","17":"product-type-variable"},"acf":[],"_links":{"self":[{"href":"https:\/\/one-horizon.ch\/fr\/wp-json\/wp\/v2\/product\/111797","targetHints":{"allow":["GET"]}}],"collection":[{"href":"https:\/\/one-horizon.ch\/fr\/wp-json\/wp\/v2\/product"}],"about":[{"href":"https:\/\/one-horizon.ch\/fr\/wp-json\/wp\/v2\/types\/product"}],"replies":[{"embeddable":true,"href":"https:\/\/one-horizon.ch\/fr\/wp-json\/wp\/v2\/comments?post=111797"}],"wp:featuredmedia":[{"embeddable":true,"href":"https:\/\/one-horizon.ch\/fr\/wp-json\/wp\/v2\/media\/111836"}],"wp:attachment":[{"href":"https:\/\/one-horizon.ch\/fr\/wp-json\/wp\/v2\/media?parent=111797"}],"wp:term":[{"taxonomy":"product_brand","embeddable":true,"href":"https:\/\/one-horizon.ch\/fr\/wp-json\/wp\/v2\/product_brand?post=111797"},{"taxonomy":"product_cat","embeddable":true,"href":"https:\/\/one-horizon.ch\/fr\/wp-json\/wp\/v2\/product_cat?post=111797"},{"taxonomy":"product_tag","embeddable":true,"href":"https:\/\/one-horizon.ch\/fr\/wp-json\/wp\/v2\/product_tag?post=111797"}],"curies":[{"name":"wp","href":"https:\/\/api.w.org\/{rel}","templated":true}]}}