{"id":112027,"date":"2024-09-05T08:47:18","date_gmt":"2024-09-05T06:47:18","guid":{"rendered":"https:\/\/one-horizon.ch\/?post_type=product&#038;p=112027"},"modified":"2026-04-01T23:44:38","modified_gmt":"2026-04-01T21:44:38","slug":"leuchten-uri-piccolos-3er-set","status":"publish","type":"product","link":"https:\/\/one-horizon.ch\/fr\/product\/leuchten-uri-piccolos-3er-set\/","title":{"rendered":"Luminaires URI piccolos 3er Set"},"content":{"rendered":"<div class=\"ProductMeta__Description\">\n<div class=\"Rte\">\n<div class=\"product-detail-tabs\">\n<div class=\"card card-tabs\">\n<div class=\"product-detail-tabs-content card-body\">\n<div class=\"tab-content\">\n<div id=\"description-tab-pane\" class=\"tab-pane fade show active\" role=\"tabpanel\" aria-labelledby=\"description-tab\">\n<div class=\"offcanvas-body\">\n<div class=\"product-detail-description tab-pane-container\">\n<div class=\"product-detail-description-text\">La version plus petite de la magnifique lampe URI se pr\u00e9sente sous la forme d&#8217;un lot de 3 et \u00e9claire la table \u00e0 manger, la cuisine, le salon, la terrasse, etc. d&#8217;une toute nouvelle lumi\u00e8re. Que ce soit en combinaison avec la grande lampe URI, en trio ou chacune en solo, ces \u00e9l\u00e9gantes lampes LED avec poign\u00e9e sont facilement rechargeables sur un port USB et peuvent ainsi \u00eatre utilis\u00e9es rapidement et facilement \u00e0 tout moment et en tout lieu. L&#8217;accessoire parfait pour une mise en lumi\u00e8re harmonieuse de la maison et du jardin. 3 designs diff\u00e9rents dans un set avec c\u00e2ble textile color\u00e9 (1m), variateur \u00e0 3 niveaux, port USB, couleur de lumi\u00e8re blanc chaud (3000 Kelvin), ampoule non rempla\u00e7able, dur\u00e9e de vie d&#8217;environ 25.000 heures, temps de charge d&#8217;environ 1 heure, dur\u00e9e d&#8217;\u00e9clairage jusqu&#8217;\u00e0 16 heures.   <\/div>\n<\/div>\n<\/div>\n<\/div>\n<\/div>\n<\/div>\n<\/div>\n<\/div>\n<\/div>\n<\/div>\n","protected":false},"excerpt":{"rendered":"<p>Lampes de table LED en lot de 3, rechargeables par USB, variateur d&#8217;intensit\u00e9 \u00e0 3 niveaux &#8211; lumi\u00e8re d&#8217;ambiance pour l&#8217;int\u00e9rieur &amp; l&#8217;ext\u00e9rieur, jusqu&#8217;\u00e0 16 heures d&#8217;autonomie.<\/p>\n","protected":false},"featured_media":112050,"comment_status":"open","ping_status":"closed","template":"","meta":{"_acf_changed":false},"product_brand":[3039],"product_cat":[1297],"product_tag":[],"class_list":{"0":"post-112027","1":"product","2":"type-product","3":"status-publish","4":"has-post-thumbnail","6":"product_brand-remember","7":"product_cat-accessoires-dinterieur","8":"product_shipping_class-colis-jusqua-10-kg","10":"first","11":"onbackorder","12":"taxable","13":"shipping-taxable","14":"purchasable","15":"product-type-variable"},"acf":[],"_links":{"self":[{"href":"https:\/\/one-horizon.ch\/fr\/wp-json\/wp\/v2\/product\/112027","targetHints":{"allow":["GET"]}}],"collection":[{"href":"https:\/\/one-horizon.ch\/fr\/wp-json\/wp\/v2\/product"}],"about":[{"href":"https:\/\/one-horizon.ch\/fr\/wp-json\/wp\/v2\/types\/product"}],"replies":[{"embeddable":true,"href":"https:\/\/one-horizon.ch\/fr\/wp-json\/wp\/v2\/comments?post=112027"}],"wp:featuredmedia":[{"embeddable":true,"href":"https:\/\/one-horizon.ch\/fr\/wp-json\/wp\/v2\/media\/112050"}],"wp:attachment":[{"href":"https:\/\/one-horizon.ch\/fr\/wp-json\/wp\/v2\/media?parent=112027"}],"wp:term":[{"taxonomy":"product_brand","embeddable":true,"href":"https:\/\/one-horizon.ch\/fr\/wp-json\/wp\/v2\/product_brand?post=112027"},{"taxonomy":"product_cat","embeddable":true,"href":"https:\/\/one-horizon.ch\/fr\/wp-json\/wp\/v2\/product_cat?post=112027"},{"taxonomy":"product_tag","embeddable":true,"href":"https:\/\/one-horizon.ch\/fr\/wp-json\/wp\/v2\/product_tag?post=112027"}],"curies":[{"name":"wp","href":"https:\/\/api.w.org\/{rel}","templated":true}]}}