{"id":113669,"date":"2026-03-15T20:28:58","date_gmt":"2026-03-15T19:28:58","guid":{"rendered":"https:\/\/one-horizon.ch\/product\/vase-aus-glas-klein-tannen\/"},"modified":"2026-03-15T20:28:58","modified_gmt":"2026-03-15T19:28:58","slug":"vase-aus-glas-klein-tannen","status":"publish","type":"product","link":"https:\/\/one-horizon.ch\/fr\/product\/vase-aus-glas-klein-tannen\/","title":{"rendered":"Vase en verre petit sapin"},"content":{"rendered":"<p>Petit mais plein de charme : le vase en verre Petit sapin d\u00e9core chaque rebord de fen\u00eatre et chaque table avec son design de sapin noir filigrane. Comme photophore avec bougie \u00e0 chauffe-plat, vase pour branches de sapin ou petit cadeau de No\u00ebl &#8211; un article de d\u00e9coration polyvalent pour la p\u00e9riode hivernale. <\/p>\n<h2>D\u00e9tails du produit<\/h2>\n<p><strong>Allure de sapin filigran\u00e9<\/strong> sur verre transparent.<\/p>\n<ul>\n<li>Mat\u00e9riau : verre<\/li>\n<li>Dimensions : 8 x 7,5 cm (hauteur x diam\u00e8tre)<\/li>\n<li>Motif : Design de sapin noir<\/li>\n<\/ul>\n<p>Parfait pour un ensemble harmonieux avec le grand vase en sapin. Un joli cadeau de No\u00ebl. <\/p>\n","protected":false},"excerpt":{"rendered":"<p>Petit vase en verre transparent avec un motif de sapin noir &#8211; d\u00e9coration de No\u00ebl comme photophore ou vase, id\u00e9al comme cadeau.<\/p>\n","protected":false},"featured_media":113278,"comment_status":"closed","ping_status":"closed","template":"","meta":{"_acf_changed":false},"product_brand":[3004],"product_cat":[1329],"product_tag":[3139,3140],"class_list":{"0":"post-113669","1":"product","2":"type-product","3":"status-publish","4":"has-post-thumbnail","6":"product_brand-eulenschnitt","7":"product_cat-vases-fr","8":"product_tag-hiver","9":"product_tag-noel","10":"product_shipping_class-colis-jusqua-2-kg","12":"first","13":"instock","14":"taxable","15":"shipping-taxable","16":"purchasable","17":"product-type-simple"},"acf":[],"_links":{"self":[{"href":"https:\/\/one-horizon.ch\/fr\/wp-json\/wp\/v2\/product\/113669","targetHints":{"allow":["GET"]}}],"collection":[{"href":"https:\/\/one-horizon.ch\/fr\/wp-json\/wp\/v2\/product"}],"about":[{"href":"https:\/\/one-horizon.ch\/fr\/wp-json\/wp\/v2\/types\/product"}],"replies":[{"embeddable":true,"href":"https:\/\/one-horizon.ch\/fr\/wp-json\/wp\/v2\/comments?post=113669"}],"wp:featuredmedia":[{"embeddable":true,"href":"https:\/\/one-horizon.ch\/fr\/wp-json\/wp\/v2\/media\/113278"}],"wp:attachment":[{"href":"https:\/\/one-horizon.ch\/fr\/wp-json\/wp\/v2\/media?parent=113669"}],"wp:term":[{"taxonomy":"product_brand","embeddable":true,"href":"https:\/\/one-horizon.ch\/fr\/wp-json\/wp\/v2\/product_brand?post=113669"},{"taxonomy":"product_cat","embeddable":true,"href":"https:\/\/one-horizon.ch\/fr\/wp-json\/wp\/v2\/product_cat?post=113669"},{"taxonomy":"product_tag","embeddable":true,"href":"https:\/\/one-horizon.ch\/fr\/wp-json\/wp\/v2\/product_tag?post=113669"}],"curies":[{"name":"wp","href":"https:\/\/api.w.org\/{rel}","templated":true}]}}