{"id":113672,"date":"2026-03-15T20:28:56","date_gmt":"2026-03-15T19:28:56","guid":{"rendered":"https:\/\/one-horizon.ch\/product\/paperbag-2er-set-alles-was-du-brauchst\/"},"modified":"2026-04-07T23:22:42","modified_gmt":"2026-04-07T21:22:42","slug":"paperbag-2er-set-alles-was-du-brauchst","status":"publish","type":"product","link":"https:\/\/one-horizon.ch\/fr\/product\/paperbag-2er-set-alles-was-du-brauchst\/","title":{"rendered":"Paperbag set de 2 pi\u00e8ces Tout ce dont vous avez besoin"},"content":{"rendered":"<p>De l&#8217;ordre avec du style : le set Paperbag 2 pi\u00e8ces allie fonctionnalit\u00e9 et design minimaliste. Les corbeilles lavables en papier s&#8217;int\u00e8grent harmonieusement dans chaque pi\u00e8ce &#8211; comme panier de rangement, cache-pot pour les plantes, panier \u00e0 linge ou accent d\u00e9coratif. <\/p>\n<h2>Contenu de l&#8217;ensemble &amp; caract\u00e9ristiques<\/h2>\n<p><strong>Deux paniers de tailles diff\u00e9rentes<\/strong> pour une flexibilit\u00e9 maximale.<\/p>\n<ul>\n<li>Mat\u00e9riau : papier lavable<\/li>\n<li>Couleur : Blanc<\/li>\n<li>Petit sac en papier : environ 15 x 15 cm<\/li>\n<li>Grand sac en papier : environ 23 x 23 cm<\/li>\n<li>Inscription grand panier : &#8220;Si vous aimez ce que vous avez, vous avez tout ce dont vous avez besoin&#8221;.<\/li>\n<li>Petit panier avec motif de c\u0153ur<\/li>\n<\/ul>\n<p>En cas de salissure, il suffit de les rincer sous l&#8217;eau courante &#8211; ainsi, les paperbags restent beaux en permanence.<\/p>\n","protected":false},"excerpt":{"rendered":"<p>Set de 2 paperbags lavables en blanc &#8211; polyvalent, il peut \u00eatre utilis\u00e9 comme panier de rangement, cache-pot ou \u00e9l\u00e9ment de d\u00e9coration.<\/p>\n","protected":false},"featured_media":113182,"comment_status":"closed","ping_status":"closed","template":"","meta":{"_acf_changed":false},"product_brand":[3004],"product_cat":[1302],"product_tag":[3295],"class_list":{"0":"post-113672","1":"product","2":"type-product","3":"status-publish","4":"has-post-thumbnail","6":"product_brand-eulenschnitt","7":"product_cat-rangement","8":"product_tag-pour-vous","9":"product_shipping_class-colis-jusqua-2-kg","11":"first","12":"instock","13":"taxable","14":"shipping-taxable","15":"purchasable","16":"product-type-simple"},"acf":[],"_links":{"self":[{"href":"https:\/\/one-horizon.ch\/fr\/wp-json\/wp\/v2\/product\/113672","targetHints":{"allow":["GET"]}}],"collection":[{"href":"https:\/\/one-horizon.ch\/fr\/wp-json\/wp\/v2\/product"}],"about":[{"href":"https:\/\/one-horizon.ch\/fr\/wp-json\/wp\/v2\/types\/product"}],"replies":[{"embeddable":true,"href":"https:\/\/one-horizon.ch\/fr\/wp-json\/wp\/v2\/comments?post=113672"}],"wp:featuredmedia":[{"embeddable":true,"href":"https:\/\/one-horizon.ch\/fr\/wp-json\/wp\/v2\/media\/113182"}],"wp:attachment":[{"href":"https:\/\/one-horizon.ch\/fr\/wp-json\/wp\/v2\/media?parent=113672"}],"wp:term":[{"taxonomy":"product_brand","embeddable":true,"href":"https:\/\/one-horizon.ch\/fr\/wp-json\/wp\/v2\/product_brand?post=113672"},{"taxonomy":"product_cat","embeddable":true,"href":"https:\/\/one-horizon.ch\/fr\/wp-json\/wp\/v2\/product_cat?post=113672"},{"taxonomy":"product_tag","embeddable":true,"href":"https:\/\/one-horizon.ch\/fr\/wp-json\/wp\/v2\/product_tag?post=113672"}],"curies":[{"name":"wp","href":"https:\/\/api.w.org\/{rel}","templated":true}]}}