{"id":113676,"date":"2026-03-15T20:28:55","date_gmt":"2026-03-15T19:28:55","guid":{"rendered":"https:\/\/one-horizon.ch\/product\/kugelschreiber-schwarz-herz\/"},"modified":"2026-03-15T20:28:55","modified_gmt":"2026-03-15T19:28:55","slug":"kugelschreiber-schwarz-herz","status":"publish","type":"product","link":"https:\/\/one-horizon.ch\/fr\/product\/kugelschreiber-schwarz-herz\/","title":{"rendered":"Stylo bille noir c\u0153ur"},"content":{"rendered":"<p>Un stylo \u00e0 bille de caract\u00e8re : le d\u00e9licat c\u0153ur blanc sur le corps m\u00e9tallique noir fait de ce stylo un accroche-regard sur chaque bureau. Gr\u00e2ce \u00e0 son design ergonomique, il tient confortablement dans la main et permet d&#8217;\u00e9crire sans se fatiguer. <\/p>\n<h2>Caract\u00e9ristiques en un coup d&#8217;\u0153il<\/h2>\n<p><strong>Un design intemporel<\/strong> avec un d\u00e9tail de c\u0153ur blanc sur un m\u00e9tal noir.<\/p>\n<ul>\n<li>Mat\u00e9riau : m\u00e9tal<\/li>\n<li>Couleur : noir avec d\u00e9tail blanc<\/li>\n<li>Couleur de la mine : noir<\/li>\n<li>Format : 12,7 x 0,8 cm<\/li>\n<\/ul>\n<p>Id\u00e9al pour vous accompagner en r\u00e9union, \u00e0 l&#8217;\u00e9cole ou \u00e0 la maison &#8211; et un charmant compl\u00e9ment \u00e0 un bloc-notes rechargeable.<\/p>\n","protected":false},"excerpt":{"rendered":"<p>Stylo \u00e0 bille noir \u00e9l\u00e9gant avec un d\u00e9tail en forme de c\u0153ur blanc &#8211; intemporel, agr\u00e9able \u00e0 tenir en main et parfait pour le bureau ou le sac \u00e0 main.<\/p>\n","protected":false},"featured_media":113161,"comment_status":"closed","ping_status":"closed","template":"","meta":{"_acf_changed":false},"product_brand":[3004],"product_cat":[1279],"product_tag":[],"class_list":{"0":"post-113676","1":"product","2":"type-product","3":"status-publish","4":"has-post-thumbnail","6":"product_brand-eulenschnitt","7":"product_cat-stylos","8":"product_shipping_class-petit-envoi","10":"first","11":"instock","12":"taxable","13":"shipping-taxable","14":"purchasable","15":"product-type-simple"},"acf":[],"_links":{"self":[{"href":"https:\/\/one-horizon.ch\/fr\/wp-json\/wp\/v2\/product\/113676","targetHints":{"allow":["GET"]}}],"collection":[{"href":"https:\/\/one-horizon.ch\/fr\/wp-json\/wp\/v2\/product"}],"about":[{"href":"https:\/\/one-horizon.ch\/fr\/wp-json\/wp\/v2\/types\/product"}],"replies":[{"embeddable":true,"href":"https:\/\/one-horizon.ch\/fr\/wp-json\/wp\/v2\/comments?post=113676"}],"wp:featuredmedia":[{"embeddable":true,"href":"https:\/\/one-horizon.ch\/fr\/wp-json\/wp\/v2\/media\/113161"}],"wp:attachment":[{"href":"https:\/\/one-horizon.ch\/fr\/wp-json\/wp\/v2\/media?parent=113676"}],"wp:term":[{"taxonomy":"product_brand","embeddable":true,"href":"https:\/\/one-horizon.ch\/fr\/wp-json\/wp\/v2\/product_brand?post=113676"},{"taxonomy":"product_cat","embeddable":true,"href":"https:\/\/one-horizon.ch\/fr\/wp-json\/wp\/v2\/product_cat?post=113676"},{"taxonomy":"product_tag","embeddable":true,"href":"https:\/\/one-horizon.ch\/fr\/wp-json\/wp\/v2\/product_tag?post=113676"}],"curies":[{"name":"wp","href":"https:\/\/api.w.org\/{rel}","templated":true}]}}