{"id":113677,"date":"2026-03-15T20:28:57","date_gmt":"2026-03-15T19:28:57","guid":{"rendered":"https:\/\/one-horizon.ch\/product\/vase-aus-glas-mittel-herz\/"},"modified":"2026-04-07T23:22:45","modified_gmt":"2026-04-07T21:22:45","slug":"vase-aus-glas-mittel-herz","status":"publish","type":"product","link":"https:\/\/one-horizon.ch\/fr\/product\/vase-aus-glas-mittel-herz\/","title":{"rendered":"Vase en verre moyen Coeur"},"content":{"rendered":"<p>Simple, charmant et polyvalent : le vase en verre moyen c\u0153ur apporte une touche affectueuse \u00e0 la table avec son d\u00e9licat c\u0153ur noir sur la paroi en verre. Que ce soit avec des fleurs fra\u00eeches, des fleurs s\u00e9ch\u00e9es ou comme verre \u00e0 bougies, ce vase donne une touche personnelle \u00e0 chaque pi\u00e8ce. <\/p>\n<p>&nbsp;<\/p>\n<h2>D\u00e9tails du produit<\/h2>\n<p><strong>Design en verre intemporel<\/strong> avec un motif d\u00e9coratif en forme de c\u0153ur.<\/p>\n<ul>\n<li>Mat\u00e9riau : verre<\/li>\n<li>Dimensions : 10 x 9,5 cm (hauteur x diam\u00e8tre)<\/li>\n<li>Motif : C\u0153ur noir<\/li>\n<\/ul>\n<p>Parfait comme petit cadeau, cadeau d&#8217;anniversaire ou cadeau de f\u00eate des m\u00e8res. Peut \u00eatre combin\u00e9 avec d&#8217;autres vases de la s\u00e9rie pour un ensemble coh\u00e9rent. <\/p>\n","protected":false},"excerpt":{"rendered":"<p>Vase en verre transparent avec motif de c\u0153ur noir &#8211; comme vase \u00e0 fleurs ou bougeoir, id\u00e9al comme cadeau.<\/p>\n","protected":false},"featured_media":113263,"comment_status":"open","ping_status":"closed","template":"","meta":{"_acf_changed":false},"product_brand":[3004],"product_cat":[1329],"product_tag":[3295],"class_list":{"0":"post-113677","1":"product","2":"type-product","3":"status-publish","4":"has-post-thumbnail","6":"product_brand-eulenschnitt","7":"product_cat-vases-fr","8":"product_tag-pour-vous","9":"product_shipping_class-colis-jusqua-2-kg","11":"first","12":"instock","13":"taxable","14":"shipping-taxable","15":"purchasable","16":"product-type-simple"},"acf":[],"_links":{"self":[{"href":"https:\/\/one-horizon.ch\/fr\/wp-json\/wp\/v2\/product\/113677","targetHints":{"allow":["GET"]}}],"collection":[{"href":"https:\/\/one-horizon.ch\/fr\/wp-json\/wp\/v2\/product"}],"about":[{"href":"https:\/\/one-horizon.ch\/fr\/wp-json\/wp\/v2\/types\/product"}],"replies":[{"embeddable":true,"href":"https:\/\/one-horizon.ch\/fr\/wp-json\/wp\/v2\/comments?post=113677"}],"wp:featuredmedia":[{"embeddable":true,"href":"https:\/\/one-horizon.ch\/fr\/wp-json\/wp\/v2\/media\/113263"}],"wp:attachment":[{"href":"https:\/\/one-horizon.ch\/fr\/wp-json\/wp\/v2\/media?parent=113677"}],"wp:term":[{"taxonomy":"product_brand","embeddable":true,"href":"https:\/\/one-horizon.ch\/fr\/wp-json\/wp\/v2\/product_brand?post=113677"},{"taxonomy":"product_cat","embeddable":true,"href":"https:\/\/one-horizon.ch\/fr\/wp-json\/wp\/v2\/product_cat?post=113677"},{"taxonomy":"product_tag","embeddable":true,"href":"https:\/\/one-horizon.ch\/fr\/wp-json\/wp\/v2\/product_tag?post=113677"}],"curies":[{"name":"wp","href":"https:\/\/api.w.org\/{rel}","templated":true}]}}