{"id":113686,"date":"2026-03-15T02:28:50","date_gmt":"2026-03-15T01:28:50","guid":{"rendered":"https:\/\/one-horizon.ch\/product\/holzmagnet-3er-set-herz\/"},"modified":"2026-04-20T23:53:59","modified_gmt":"2026-04-20T21:53:59","slug":"holzmagnet-3er-set-herz","status":"publish","type":"product","link":"https:\/\/one-horizon.ch\/fr\/product\/holzmagnet-3er-set-herz\/","title":{"rendered":"Aimant en bois set de 3 c\u0153urs"},"content":{"rendered":"<p>Le set de 3 aimants en bois Coeur apporte un charme naturel et de l&#8217;ordre au r\u00e9frig\u00e9rateur ou au tableau magn\u00e9tique.<\/p>\n<h2>Ch\u00eane grav\u00e9 d&#8217;un c\u0153ur<\/h2>\n<p>Chacun des trois aimants est fabriqu\u00e9 en bois de ch\u00eane et porte une gravure laser en forme de c\u0153ur sur sa face avant. La structure naturelle du bois rend chaque ensemble unique. <\/p>\n<h2>Points forts<\/h2>\n<ul>\n<li>Lot de <strong>3 aimants<\/strong> <\/li>\n<li><strong>Mat\u00e9riau :<\/strong> bois de ch\u00eane<\/li>\n<li><strong>Gravure laser en forme de c\u0153ur<\/strong> sur la face avant<\/li>\n<li><strong>Dimensions :<\/strong> \u00d8 env. 2,5 cm, \u00e9paisseur env. 1 cm<\/li>\n<\/ul>\n<p>Pratique, d\u00e9coratif et un merveilleux cadeau pour les amoureux du bois et les passionn\u00e9s de d\u00e9coration.<\/p>\n","protected":false},"excerpt":{"rendered":"<p>Trois aimants en bois de ch\u00eane d\u00e9licatement grav\u00e9s au laser en forme de c\u0153ur &#8211; \u00d8 2,5 cm. Id\u00e9al pour le r\u00e9frig\u00e9rateur, le tableau magn\u00e9tique ou le tableau d&#8217;affichage. Chaque set est unique gr\u00e2ce \u00e0 son veinage naturel &#8211; un cadeau charmant avec une touche personnelle.  <\/p>\n","protected":false},"featured_media":113029,"comment_status":"open","ping_status":"closed","template":"","meta":{"_acf_changed":false},"product_brand":[3004],"product_cat":[1297],"product_tag":[],"class_list":{"0":"post-113686","1":"product","2":"type-product","3":"status-publish","4":"has-post-thumbnail","6":"product_brand-eulenschnitt","7":"product_cat-accessoires-dinterieur","9":"first","10":"instock","11":"taxable","12":"shipping-taxable","13":"purchasable","14":"product-type-simple"},"acf":[],"_links":{"self":[{"href":"https:\/\/one-horizon.ch\/fr\/wp-json\/wp\/v2\/product\/113686","targetHints":{"allow":["GET"]}}],"collection":[{"href":"https:\/\/one-horizon.ch\/fr\/wp-json\/wp\/v2\/product"}],"about":[{"href":"https:\/\/one-horizon.ch\/fr\/wp-json\/wp\/v2\/types\/product"}],"replies":[{"embeddable":true,"href":"https:\/\/one-horizon.ch\/fr\/wp-json\/wp\/v2\/comments?post=113686"}],"wp:featuredmedia":[{"embeddable":true,"href":"https:\/\/one-horizon.ch\/fr\/wp-json\/wp\/v2\/media\/113029"}],"wp:attachment":[{"href":"https:\/\/one-horizon.ch\/fr\/wp-json\/wp\/v2\/media?parent=113686"}],"wp:term":[{"taxonomy":"product_brand","embeddable":true,"href":"https:\/\/one-horizon.ch\/fr\/wp-json\/wp\/v2\/product_brand?post=113686"},{"taxonomy":"product_cat","embeddable":true,"href":"https:\/\/one-horizon.ch\/fr\/wp-json\/wp\/v2\/product_cat?post=113686"},{"taxonomy":"product_tag","embeddable":true,"href":"https:\/\/one-horizon.ch\/fr\/wp-json\/wp\/v2\/product_tag?post=113686"}],"curies":[{"name":"wp","href":"https:\/\/api.w.org\/{rel}","templated":true}]}}