{"id":113687,"date":"2026-03-15T02:28:51","date_gmt":"2026-03-15T01:28:51","guid":{"rendered":"https:\/\/one-horizon.ch\/product\/tablett-du-bist-toll-aus-eiche\/"},"modified":"2026-03-15T02:28:51","modified_gmt":"2026-03-15T01:28:51","slug":"tablett-du-bist-toll-aus-eiche","status":"publish","type":"product","link":"https:\/\/one-horizon.ch\/fr\/product\/tablett-du-bist-toll-aus-eiche\/","title":{"rendered":"Plateau Tu es g\u00e9nial en ch\u00eane"},"content":{"rendered":"<p>Le plateau Tu es g\u00e9nial en ch\u00eane est absolument polyvalent &#8211; fonctionnel, d\u00e9coratif et avec une dose d&#8217;appr\u00e9ciation.<\/p>\n<h2>Bois de ch\u00eane avec inscription affectueuse<\/h2>\n<p>L&#8217;int\u00e9rieur du plateau est orn\u00e9 de l&#8217;inscription manuscrite &#8220;Tu es g\u00e9nial&#8221;, grav\u00e9e au laser. Le logo Eulenschnitt se trouve au dos. Chaque plateau est unique en raison de la structure naturelle du bois.  <\/p>\n<h2>Points forts<\/h2>\n<ul>\n<li><strong>Mat\u00e9riau :<\/strong> bois de ch\u00eane<\/li>\n<li><strong>Inscription laser<\/strong> &#8220;Tu es g\u00e9niale&#8221; \u00e0 l&#8217;int\u00e9rieur<\/li>\n<li><strong>Dimensions :<\/strong> longueur 25 cm, largeur 12 cm, hauteur 1,5 cm<\/li>\n<li><strong>Polyvalent :<\/strong> plateau de service, plateau \u00e0 bijoux, plateau \u00e0 bougies<\/li>\n<li><strong>Conseil d&#8217;entretien :<\/strong> huiler avant la premi\u00e8re utilisation, ne pas mettre au lave-vaisselle<\/li>\n<\/ul>\n<p>Un magnifique cadeau pour les personnes \u00e0 qui vous voulez montrer votre appr\u00e9ciation.<\/p>\n","protected":false},"excerpt":{"rendered":"<p>Plateau en bois de ch\u00eane avec inscription au laser &#8220;Tu es g\u00e9niale&#8221; &#8211; 25\u00d712 cm, comme plateau de service, plateau pour bijoux ou d\u00e9coration.<\/p>\n","protected":false},"featured_media":113010,"comment_status":"open","ping_status":"closed","template":"","meta":{"_acf_changed":false},"product_brand":[3004],"product_cat":[1302],"product_tag":[],"class_list":{"0":"post-113687","1":"product","2":"type-product","3":"status-publish","4":"has-post-thumbnail","6":"product_brand-eulenschnitt","7":"product_cat-rangement","8":"product_shipping_class-colis-jusqua-2-kg","10":"first","11":"instock","12":"taxable","13":"shipping-taxable","14":"purchasable","15":"product-type-simple"},"acf":[],"_links":{"self":[{"href":"https:\/\/one-horizon.ch\/fr\/wp-json\/wp\/v2\/product\/113687","targetHints":{"allow":["GET"]}}],"collection":[{"href":"https:\/\/one-horizon.ch\/fr\/wp-json\/wp\/v2\/product"}],"about":[{"href":"https:\/\/one-horizon.ch\/fr\/wp-json\/wp\/v2\/types\/product"}],"replies":[{"embeddable":true,"href":"https:\/\/one-horizon.ch\/fr\/wp-json\/wp\/v2\/comments?post=113687"}],"wp:featuredmedia":[{"embeddable":true,"href":"https:\/\/one-horizon.ch\/fr\/wp-json\/wp\/v2\/media\/113010"}],"wp:attachment":[{"href":"https:\/\/one-horizon.ch\/fr\/wp-json\/wp\/v2\/media?parent=113687"}],"wp:term":[{"taxonomy":"product_brand","embeddable":true,"href":"https:\/\/one-horizon.ch\/fr\/wp-json\/wp\/v2\/product_brand?post=113687"},{"taxonomy":"product_cat","embeddable":true,"href":"https:\/\/one-horizon.ch\/fr\/wp-json\/wp\/v2\/product_cat?post=113687"},{"taxonomy":"product_tag","embeddable":true,"href":"https:\/\/one-horizon.ch\/fr\/wp-json\/wp\/v2\/product_tag?post=113687"}],"curies":[{"name":"wp","href":"https:\/\/api.w.org\/{rel}","templated":true}]}}