{"id":113689,"date":"2026-03-15T02:28:50","date_gmt":"2026-03-15T01:28:50","guid":{"rendered":"https:\/\/one-horizon.ch\/product\/vorratsglas-herz-13-cm\/"},"modified":"2026-03-15T02:28:50","modified_gmt":"2026-03-15T01:28:50","slug":"vorratsglas-herz-13-cm","status":"publish","type":"product","link":"https:\/\/one-horizon.ch\/fr\/product\/vorratsglas-herz-13-cm\/","title":{"rendered":"Pot \u00e0 provisions C\u0153ur 13 cm"},"content":{"rendered":"<p>Le bocal \u00e0 provisions C\u0153ur 13 cm associe un rangement pratique \u00e0 un design soign\u00e9 &#8211; un accroche-regard dans chaque cuisine.<\/p>\n<h2>Verre borosilicat\u00e9 de haute qualit\u00e9<\/h2>\n<p>Robuste, lavable au lave-vaisselle et recyclable \u00e0 100 %. Le couvercle en bois d&#8217;acacia non trait\u00e9 est grav\u00e9 du logo Eulenschnitt et de la devise &#8220;Confetti pour l&#8217;\u00e2me&#8221;. Un anneau en silicone assure une fermeture herm\u00e9tique. Chaque couvercle en bois est unique en raison de sa structure naturelle.   <\/p>\n<h2>Points forts<\/h2>\n<ul>\n<li><strong>Mat\u00e9riau :<\/strong> verre borosilicat\u00e9 avec couvercle en acacia<\/li>\n<li><strong>C\u0153ur imprim\u00e9<\/strong> en blanc sur le verre<\/li>\n<li><strong>Dimensions :<\/strong> hauteur 13 cm, \u00d8 avec couvercle 11 cm, \u00d8 verre 10 cm <\/li>\n<li><strong>Volume :<\/strong> environ 625 ml<\/li>\n<li><strong>Passe au lave-vaisselle<\/strong> (verre)<\/li>\n<\/ul>\n<p>C&#8217;est ainsi que le rangement des provisions devient un plaisir &#8211; \u00e0 la fois \u00e9l\u00e9gant et fonctionnel.<\/p>\n","protected":false},"excerpt":{"rendered":"<p>Bocal \u00e0 provisions en verre borosilicat\u00e9 avec impression d&#8217;un c\u0153ur et couvercle en bois d&#8217;acacia &#8211; lavable au lave-vaisselle, env. 625 ml.<\/p>\n","protected":false},"featured_media":112976,"comment_status":"open","ping_status":"closed","template":"","meta":{"_acf_changed":false},"product_brand":[3004],"product_cat":[1302],"product_tag":[],"class_list":{"0":"post-113689","1":"product","2":"type-product","3":"status-publish","4":"has-post-thumbnail","6":"product_brand-eulenschnitt","7":"product_cat-rangement","8":"product_shipping_class-colis-jusqua-2-kg","10":"first","11":"instock","12":"taxable","13":"shipping-taxable","14":"purchasable","15":"product-type-simple"},"acf":[],"_links":{"self":[{"href":"https:\/\/one-horizon.ch\/fr\/wp-json\/wp\/v2\/product\/113689","targetHints":{"allow":["GET"]}}],"collection":[{"href":"https:\/\/one-horizon.ch\/fr\/wp-json\/wp\/v2\/product"}],"about":[{"href":"https:\/\/one-horizon.ch\/fr\/wp-json\/wp\/v2\/types\/product"}],"replies":[{"embeddable":true,"href":"https:\/\/one-horizon.ch\/fr\/wp-json\/wp\/v2\/comments?post=113689"}],"wp:featuredmedia":[{"embeddable":true,"href":"https:\/\/one-horizon.ch\/fr\/wp-json\/wp\/v2\/media\/112976"}],"wp:attachment":[{"href":"https:\/\/one-horizon.ch\/fr\/wp-json\/wp\/v2\/media?parent=113689"}],"wp:term":[{"taxonomy":"product_brand","embeddable":true,"href":"https:\/\/one-horizon.ch\/fr\/wp-json\/wp\/v2\/product_brand?post=113689"},{"taxonomy":"product_cat","embeddable":true,"href":"https:\/\/one-horizon.ch\/fr\/wp-json\/wp\/v2\/product_cat?post=113689"},{"taxonomy":"product_tag","embeddable":true,"href":"https:\/\/one-horizon.ch\/fr\/wp-json\/wp\/v2\/product_tag?post=113689"}],"curies":[{"name":"wp","href":"https:\/\/api.w.org\/{rel}","templated":true}]}}