{"id":113696,"date":"2026-03-15T02:28:48","date_gmt":"2026-03-15T01:28:48","guid":{"rendered":"https:\/\/one-horizon.ch\/product\/schuessel-herz-15cm\/"},"modified":"2026-03-15T02:28:48","modified_gmt":"2026-03-15T01:28:48","slug":"schuessel-herz-15cm","status":"publish","type":"product","link":"https:\/\/one-horizon.ch\/fr\/product\/schuessel-herz-15cm\/","title":{"rendered":"Bol C\u0153ur 15cm"},"content":{"rendered":"<p>Le bol C\u0153ur 15cm allie un design minimaliste \u00e0 un aspect naturel &#8211; fabriqu\u00e9 \u00e0 la main dans une petite poterie du Portugal.<\/p>\n<h2>Fabrication et mat\u00e9riaux<\/h2>\n<p>Chaque bol est fabriqu\u00e9, cuit et \u00e9maill\u00e9 \u00e0 la main avec amour. Des nuances de couleurs naturelles, une forme ondul\u00e9e et un estampage \u00e0 froid en forme de c\u0153ur rendent chaque pi\u00e8ce unique. <\/p>\n<h2>Points forts<\/h2>\n<ul>\n<li><strong>C\u0153ur en relief \u00e0 l<\/strong> &#8216;ext\u00e9rieur<\/li>\n<li><strong>Mat\u00e9riau :<\/strong> Fa\u00efence de haute qualit\u00e9<\/li>\n<li><strong>R\u00e9sistant au lave-vaisselle<\/strong><\/li>\n<li><strong>Dimensions :<\/strong> hauteur environ 8,5 cm, diam\u00e8tre environ 15 cm<\/li>\n<\/ul>\n<p>Parfait comme bol \u00e0 c\u00e9r\u00e9ales, saladier ou plateau d\u00e9coratif &#8211; un v\u00e9ritable atout dans toute cuisine.<\/p>\n","protected":false},"excerpt":{"rendered":"<p>Plat en fa\u00efence fabriqu\u00e9 \u00e0 la main au Portugal avec un c\u0153ur en relief &#8211; lavable au lave-vaisselle et chaque pi\u00e8ce est unique.<\/p>\n","protected":false},"featured_media":112983,"comment_status":"open","ping_status":"closed","template":"","meta":{"_acf_changed":false},"product_brand":[3004],"product_cat":[1280],"product_tag":[3359],"class_list":{"0":"post-113696","1":"product","2":"type-product","3":"status-publish","4":"has-post-thumbnail","6":"product_brand-eulenschnitt","7":"product_cat-vaisselle","8":"product_tag-anniversaire","10":"first","11":"outofstock","12":"taxable","13":"shipping-taxable","14":"purchasable","15":"product-type-simple"},"acf":[],"_links":{"self":[{"href":"https:\/\/one-horizon.ch\/fr\/wp-json\/wp\/v2\/product\/113696","targetHints":{"allow":["GET"]}}],"collection":[{"href":"https:\/\/one-horizon.ch\/fr\/wp-json\/wp\/v2\/product"}],"about":[{"href":"https:\/\/one-horizon.ch\/fr\/wp-json\/wp\/v2\/types\/product"}],"replies":[{"embeddable":true,"href":"https:\/\/one-horizon.ch\/fr\/wp-json\/wp\/v2\/comments?post=113696"}],"wp:featuredmedia":[{"embeddable":true,"href":"https:\/\/one-horizon.ch\/fr\/wp-json\/wp\/v2\/media\/112983"}],"wp:attachment":[{"href":"https:\/\/one-horizon.ch\/fr\/wp-json\/wp\/v2\/media?parent=113696"}],"wp:term":[{"taxonomy":"product_brand","embeddable":true,"href":"https:\/\/one-horizon.ch\/fr\/wp-json\/wp\/v2\/product_brand?post=113696"},{"taxonomy":"product_cat","embeddable":true,"href":"https:\/\/one-horizon.ch\/fr\/wp-json\/wp\/v2\/product_cat?post=113696"},{"taxonomy":"product_tag","embeddable":true,"href":"https:\/\/one-horizon.ch\/fr\/wp-json\/wp\/v2\/product_tag?post=113696"}],"curies":[{"name":"wp","href":"https:\/\/api.w.org\/{rel}","templated":true}]}}