{"id":113755,"date":"2026-03-12T10:56:48","date_gmt":"2026-03-12T09:56:48","guid":{"rendered":"https:\/\/one-horizon.ch\/product\/espresso-becher-me-time\/"},"modified":"2026-04-06T18:51:22","modified_gmt":"2026-04-06T16:51:22","slug":"espresso-becher-me-time","status":"publish","type":"product","link":"https:\/\/one-horizon.ch\/fr\/product\/espresso-becher-me-time\/","title":{"rendered":"Tasse \u00e0 espresso Me Time"},"content":{"rendered":"<p>Offrez-vous un v\u00e9ritable moment de d\u00e9tente avec la tasse \u00e0 expresso Me Time de Eulenschnitt, fabriqu\u00e9e \u00e0 la main.<\/p>\n<p>&nbsp;<\/p>\n<p>Cette charmante tasse en fa\u00efence a \u00e9t\u00e9 sp\u00e9cialement con\u00e7ue pour tous les amateurs d&#8217;espresso qui souhaitent profiter de leur pause caf\u00e9 quotidienne avec un accessoire sp\u00e9cial. Le d\u00e9licat estampage \u00e0 froid de l&#8217;inscription &#8220;Me Time&#8221; vous rappelle de vous accorder d\u00e9lib\u00e9r\u00e9ment une pause, que ce soit pour un simple espresso, un double ristretto ou un espresso macchiato cr\u00e9meux. <\/p>\n<p>&nbsp;<\/p>\n<p>La particularit\u00e9 de ce gobelet est que chaque pi\u00e8ce est unique. Une petite poterie portugaise fabrique ces magnifiques gobelets \u00e0 la main &#8211; chaque gobelet est fa\u00e7onn\u00e9, cuit, estamp\u00e9, ponc\u00e9, \u00e9maill\u00e9 et cuit \u00e0 nouveau \u00e0 la main. Il en r\u00e9sulte des diff\u00e9rences naturelles dans la profondeur d&#8217;impression, la hauteur et la lin\u00e9arit\u00e9, qui font de chaque gobelet quelque chose d&#8217;unique.  <\/p>\n<p>&nbsp;<\/p>\n<p>La collection a \u00e9t\u00e9 enti\u00e8rement d\u00e9velopp\u00e9e par Eulenschnitt &#8211; de la forme \u00e0 l&#8217;argile, en passant par le gla\u00e7age et le design. Si vous aimez le caract\u00e8re unique de la c\u00e9ramique faite \u00e0 la main, vous tomberez sous le charme de ce gobelet. <\/p>\n<p>&nbsp;<\/p>\n<p><strong>D\u00e9tails techniques :<\/strong><\/p>\n<p>&#8211; Mat\u00e9riau : fa\u00efence (faite \u00e0 la main)<\/p>\n<p>&#8211; Dimensions : environ 5,5 x 5,5 cm<\/p>\n<p>&#8211; Capacit\u00e9 utile : environ 70 ml<\/p>\n<p>&#8211; Volume de remplissage \u00e0 ras bord : environ 90 ml<\/p>\n<p>&#8211; Passe au lave-vaisselle<\/p>\n<p>&#8211; Convient au four \u00e0 micro-ondes<\/p>\n<p>&nbsp;<\/p>\n<p>Id\u00e9al comme cadeau pour les fans d&#8217;espresso ou comme petit cadeau pour se faire plaisir de temps en temps.Oui, absolument ! Ce mug est le cadeau id\u00e9al pour tous les amateurs de caf\u00e9 et pour tous ceux qui m\u00e9ritent un petit moment de d\u00e9tente. Avec son charmant gaufrage \u00e0 froid &#8220;Me Time&#8221;, il constitue un cadeau personnel et sp\u00e9cial &#8211; que ce soit pour un anniversaire, un cadeau de No\u00ebl ou simplement une petite attention.  <\/p>\n","protected":false},"excerpt":{"rendered":"<p>Tasse \u00e0 espresso en fa\u00efence faite \u00e0 la main et estampill\u00e9e \u00e0 froid &#8220;Me Time&#8221; &#8211; chaque pi\u00e8ce est unique et provient d&#8217;une poterie portugaise. Lavable au lave-vaisselle, capacit\u00e9 d&#8217;environ 70 ml &#8211; l&#8217;invitation parfaite \u00e0 la pause caf\u00e9 quotidienne. <\/p>\n","protected":false},"featured_media":112603,"comment_status":"closed","ping_status":"closed","template":"","meta":{"_acf_changed":false},"product_brand":[3004],"product_cat":[1280],"product_tag":[],"class_list":{"0":"post-113755","1":"product","2":"type-product","3":"status-publish","4":"has-post-thumbnail","6":"product_brand-eulenschnitt","7":"product_cat-vaisselle","9":"first","10":"instock","11":"taxable","12":"shipping-taxable","13":"purchasable","14":"product-type-simple"},"acf":[],"_links":{"self":[{"href":"https:\/\/one-horizon.ch\/fr\/wp-json\/wp\/v2\/product\/113755","targetHints":{"allow":["GET"]}}],"collection":[{"href":"https:\/\/one-horizon.ch\/fr\/wp-json\/wp\/v2\/product"}],"about":[{"href":"https:\/\/one-horizon.ch\/fr\/wp-json\/wp\/v2\/types\/product"}],"replies":[{"embeddable":true,"href":"https:\/\/one-horizon.ch\/fr\/wp-json\/wp\/v2\/comments?post=113755"}],"wp:featuredmedia":[{"embeddable":true,"href":"https:\/\/one-horizon.ch\/fr\/wp-json\/wp\/v2\/media\/112603"}],"wp:attachment":[{"href":"https:\/\/one-horizon.ch\/fr\/wp-json\/wp\/v2\/media?parent=113755"}],"wp:term":[{"taxonomy":"product_brand","embeddable":true,"href":"https:\/\/one-horizon.ch\/fr\/wp-json\/wp\/v2\/product_brand?post=113755"},{"taxonomy":"product_cat","embeddable":true,"href":"https:\/\/one-horizon.ch\/fr\/wp-json\/wp\/v2\/product_cat?post=113755"},{"taxonomy":"product_tag","embeddable":true,"href":"https:\/\/one-horizon.ch\/fr\/wp-json\/wp\/v2\/product_tag?post=113755"}],"curies":[{"name":"wp","href":"https:\/\/api.w.org\/{rel}","templated":true}]}}