{"id":113762,"date":"2026-03-14T14:22:39","date_gmt":"2026-03-14T13:22:39","guid":{"rendered":"https:\/\/one-horizon.ch\/product\/orbitkey-id-card-holder-pro\/"},"modified":"2026-04-07T23:21:36","modified_gmt":"2026-04-07T21:21:36","slug":"orbitkey-id-card-holder-pro","status":"publish","type":"product","link":"https:\/\/one-horizon.ch\/fr\/product\/orbitkey-id-card-holder-pro\/","title":{"rendered":"Porte-carte d&#8217;identit\u00e9 Orbitkey Pro"},"content":{"rendered":"<p>Le porte-cartes Orbitkey ID Holder Pro est la combinaison parfaite de fonctionnalit\u00e9, de s\u00e9curit\u00e9 et de design \u00e9l\u00e9gant pour la vie quotidienne moderne. Qu&#8217;il s&#8217;agisse d&#8217;une carte d&#8217;acc\u00e8s, d&#8217;une carte d&#8217;identit\u00e9 ou d&#8217;une carte de transport public, ce porte-cartes de haute qualit\u00e9 permet de garder les documents d&#8217;identit\u00e9 importants \u00e0 port\u00e9e de main et bien prot\u00e9g\u00e9s. <\/p>\n<p>La fen\u00eatre transparente int\u00e9gr\u00e9e en acrylique durci permet de scanner facilement les cartes sans avoir \u00e0 les retirer, ce qui est id\u00e9al pour une utilisation rapide \u00e0 l&#8217;entr\u00e9e des bureaux ou dans les transports en commun. Gr\u00e2ce \u00e0 la fonction de protection des donn\u00e9es int\u00e9gr\u00e9e, les informations personnelles sont prot\u00e9g\u00e9es des regards indiscrets. <\/p>\n<p>L&#8217;enrouleur durable avec cordon en Dyneema se fixe silencieusement \u00e0 la ceinture, \u00e0 un sac ou \u00e0 une jupe, pour un confort maximal. Le bo\u00eetier en plastique ABS est robuste et l\u00e9ger, tandis que les pi\u00e8ces m\u00e9talliques de haute qualit\u00e9 en alliage de zinc et le clip en acier \u00e0 ressort chrom\u00e9 garantissent une finition de premi\u00e8re classe. <\/p>\n<p>Le cuir LWG Gold Rated Top Grain est synonyme de production durable et de qualit\u00e9 sup\u00e9rieure des mat\u00e9riaux. Associ\u00e9 au tissu polyester 100% recycl\u00e9, il t\u00e9moigne de l&#8217;ambition \u00e9cologique qui a \u00e9t\u00e9 mise en \u0153uvre de mani\u00e8re coh\u00e9rente dans ce produit. <\/p>\n<p><strong>D\u00e9tails techniques :<\/strong><\/p>\n<ul>\n<li>Dimensions : 149,5 x 70 x 18 mm<\/li>\n<li>Poids : 56 g<\/li>\n<li>Cuir : Cuir de premi\u00e8re qualit\u00e9 LWG Gold Rated<\/li>\n<li>Cordon r\u00e9tractable : Dyneema<\/li>\n<li>Fen\u00eatre transparente : acrylique durci<\/li>\n<li>Pi\u00e8ces en m\u00e9tal : Alliage de zinc<\/li>\n<li>Clip en m\u00e9tal : Acier \u00e0 ressort chrom\u00e9<\/li>\n<li>Couleur : Stone<\/li>\n<\/ul>\n","protected":false},"excerpt":{"rendered":"<p>Porte-cartes Orbitkey ID Holder Pro &#8211; Porte-cartes \u00e9l\u00e9gant avec fen\u00eatre transparente, protection RFID, enrouleur Dyneema &amp; cuir LWG durable.<\/p>\n","protected":false},"featured_media":112707,"comment_status":"closed","ping_status":"closed","template":"","meta":{"_acf_changed":false},"product_brand":[3032],"product_cat":[3276],"product_tag":[3292,3295],"class_list":{"0":"post-113762","1":"product","2":"type-product","3":"status-publish","4":"has-post-thumbnail","6":"product_brand-orbitkey","7":"product_cat-carry-essentials","8":"product_tag-pour-lui","9":"product_tag-pour-vous","10":"pa_farbe-stone-fr","12":"first","13":"onbackorder","14":"taxable","15":"shipping-taxable","16":"purchasable","17":"product-type-simple"},"acf":[],"_links":{"self":[{"href":"https:\/\/one-horizon.ch\/fr\/wp-json\/wp\/v2\/product\/113762","targetHints":{"allow":["GET"]}}],"collection":[{"href":"https:\/\/one-horizon.ch\/fr\/wp-json\/wp\/v2\/product"}],"about":[{"href":"https:\/\/one-horizon.ch\/fr\/wp-json\/wp\/v2\/types\/product"}],"replies":[{"embeddable":true,"href":"https:\/\/one-horizon.ch\/fr\/wp-json\/wp\/v2\/comments?post=113762"}],"wp:featuredmedia":[{"embeddable":true,"href":"https:\/\/one-horizon.ch\/fr\/wp-json\/wp\/v2\/media\/112707"}],"wp:attachment":[{"href":"https:\/\/one-horizon.ch\/fr\/wp-json\/wp\/v2\/media?parent=113762"}],"wp:term":[{"taxonomy":"product_brand","embeddable":true,"href":"https:\/\/one-horizon.ch\/fr\/wp-json\/wp\/v2\/product_brand?post=113762"},{"taxonomy":"product_cat","embeddable":true,"href":"https:\/\/one-horizon.ch\/fr\/wp-json\/wp\/v2\/product_cat?post=113762"},{"taxonomy":"product_tag","embeddable":true,"href":"https:\/\/one-horizon.ch\/fr\/wp-json\/wp\/v2\/product_tag?post=113762"}],"curies":[{"name":"wp","href":"https:\/\/api.w.org\/{rel}","templated":true}]}}