{"id":113769,"date":"2025-10-09T13:26:14","date_gmt":"2025-10-09T11:26:14","guid":{"rendered":"https:\/\/one-horizon.ch\/product\/agal-7-3-junglegreen\/"},"modified":"2026-04-01T23:44:41","modified_gmt":"2026-04-01T21:44:41","slug":"agal-7-3-junglegreen","status":"publish","type":"product","link":"https:\/\/one-horizon.ch\/fr\/product\/agal-7-3-junglegreen\/","title":{"rendered":"Agal 7.3 M &#8211; vert jungle"},"content":{"rendered":"<p>L&#8217;AGAL 7.3-M est un sac \u00e0 dos polyvalent pour ordinateur portable, fabriqu\u00e9 \u00e0 partir de <strong>95 % de mati\u00e8res premi\u00e8res recycl\u00e9es<\/strong> et adapt\u00e9 \u00e0 la vie quotidienne, au travail, aux voyages et aux loisirs.<br \/>\nFabriqu\u00e9 en <strong>r-PET certifi\u00e9 GRS<\/strong> avec un rev\u00eatement \u00e9tanche en PU et TPU, il offre une protection contre les intemp\u00e9ries et une grande durabilit\u00e9.<\/p>\n<p>Il dispose d&#8217;un compartiment rembourr\u00e9 pour ordinateur portable pouvant accueillir des appareils jusqu&#8217;\u00e0 15 pouces, de deux poches int\u00e9rieures et de compartiments avant et arri\u00e8re zipp\u00e9s.<br \/>\nLes bretelles r\u00e9glables et la sangle pectorale ajustable contribuent au confort de transport, m\u00eame sur de longues distances.<\/p>\n<p><strong>Sp\u00e9cifications<\/strong><br \/>\n&#8211; <strong>Dimensions (L\/H\/P) :<\/strong> 27 \u00d7 40 \u00d7 12 cm<br \/>\n&#8211; <strong>Volume :<\/strong> 13,0 l<br \/>\n&#8211; <strong>Poids :<\/strong> 1000 g<\/p>\n<p><strong>Mat\u00e9riaux :<\/strong><br \/>\n&#8211; Dessus 1 : r-PET avec rev\u00eatement PU, imperm\u00e9able<br \/>\n&#8211; Dessus 2 : tarpaulin r-PET avec rev\u00eatement TPU, imperm\u00e9able<br \/>\n&#8211; Doublure : r-PET<br \/>\n&#8211; Parties dures : PP recycl\u00e9<br \/>\n&#8211; Sangles : nylon<br \/>\n&#8211; Fermetures \u00e9clair : YKK<br \/>\n&#8211; <strong>Certification :<\/strong> GRS &#8211; Global Recycled Standard<br \/>\n&#8211; <strong>Compartiments :<\/strong> compartiment frontal, compartiment dorsal, 2 poches int\u00e9rieures, compartiment pour ordinateur portable jusqu&#8217;\u00e0 15 pouces<br \/>\n&#8211; <strong>Options de transport :<\/strong> bretelles r\u00e9glables, sangle de poitrine r\u00e9glable<\/p>\n","protected":false},"excerpt":{"rendered":"<p>Sac \u00e0 dos durable pour ordinateur portable, fabriqu\u00e9 \u00e0 partir de 95 % de mat\u00e9riaux recycl\u00e9s, \u00e9tanche, 13 l &#8211; avec compartiment pour ordinateur portable jusqu&#8217;\u00e0 15&#8243; et syst\u00e8me de portage ergonomique pour le quotidien et les voyages.<\/p>\n","protected":false},"featured_media":112192,"comment_status":"open","ping_status":"closed","template":"","meta":{"_acf_changed":false},"product_brand":[2984],"product_cat":[867],"product_tag":[],"class_list":{"0":"post-113769","1":"product","2":"type-product","3":"status-publish","4":"has-post-thumbnail","6":"product_brand-7clouds","7":"product_cat-sacs-a-dos","8":"product_shipping_class-colis-jusqua-2-kg","10":"first","11":"onbackorder","12":"taxable","13":"shipping-taxable","14":"purchasable","15":"product-type-simple"},"acf":[],"_links":{"self":[{"href":"https:\/\/one-horizon.ch\/fr\/wp-json\/wp\/v2\/product\/113769","targetHints":{"allow":["GET"]}}],"collection":[{"href":"https:\/\/one-horizon.ch\/fr\/wp-json\/wp\/v2\/product"}],"about":[{"href":"https:\/\/one-horizon.ch\/fr\/wp-json\/wp\/v2\/types\/product"}],"replies":[{"embeddable":true,"href":"https:\/\/one-horizon.ch\/fr\/wp-json\/wp\/v2\/comments?post=113769"}],"wp:featuredmedia":[{"embeddable":true,"href":"https:\/\/one-horizon.ch\/fr\/wp-json\/wp\/v2\/media\/112192"}],"wp:attachment":[{"href":"https:\/\/one-horizon.ch\/fr\/wp-json\/wp\/v2\/media?parent=113769"}],"wp:term":[{"taxonomy":"product_brand","embeddable":true,"href":"https:\/\/one-horizon.ch\/fr\/wp-json\/wp\/v2\/product_brand?post=113769"},{"taxonomy":"product_cat","embeddable":true,"href":"https:\/\/one-horizon.ch\/fr\/wp-json\/wp\/v2\/product_cat?post=113769"},{"taxonomy":"product_tag","embeddable":true,"href":"https:\/\/one-horizon.ch\/fr\/wp-json\/wp\/v2\/product_tag?post=113769"}],"curies":[{"name":"wp","href":"https:\/\/api.w.org\/{rel}","templated":true}]}}