{"id":113774,"date":"2026-03-13T17:55:54","date_gmt":"2026-03-13T16:55:54","guid":{"rendered":"https:\/\/one-horizon.ch\/product\/urban-loop-keychain\/"},"modified":"2026-04-22T20:29:16","modified_gmt":"2026-04-22T18:29:16","slug":"urban-loop-keychain","status":"publish","type":"product","link":"https:\/\/one-horizon.ch\/fr\/product\/urban-loop-keychain\/","title":{"rendered":"Porte-cl\u00e9s Urban Loop"},"content":{"rendered":"<p>Le porte-cl\u00e9s Urban Loop d&#8217;Orbitkey a \u00e9t\u00e9 con\u00e7u pour les personnes actives qui recherchent des compagnons intelligents et durables. Son m\u00e9canisme brevet\u00e9 de fermeture rapide permet d&#8217;ajouter ou de retirer des cl\u00e9s en un clin d&#8217;\u0153il, sans se casser les ongles. <\/p>\n<p>&nbsp;<\/p>\n<p>Fabriqu\u00e9 en paracorde de polyester r\u00e9sistant, ce porte-cl\u00e9s combine un design simple et une grande facilit\u00e9 d&#8217;utilisation. La conception ouverte du porte-cl\u00e9s permet d&#8217;accrocher et de d\u00e9crocher facilement les cl\u00e9s et les accessoires. Qu&#8217;il s&#8217;agisse de cl\u00e9s de voiture, de cl\u00e9s de maison ou de porte-cl\u00e9s, le porte-cl\u00e9s Urban Loop les maintient tous ensemble en toute s\u00e9curit\u00e9.  <\/p>\n<p>&nbsp;<\/p>\n<p>Caract\u00e9ristiques :<\/p>\n<p>&#8211; Facteur de forme compact et mince pour la poche<\/p>\n<p>&#8211; M\u00e9canisme de fermeture rapide brevet\u00e9 pour une utilisation facile<\/p>\n<p>&#8211; Conception de porte-cl\u00e9s ouvert pour ajouter\/retirer sans effort<\/p>\n<p>&#8211; Fabriqu\u00e9 en acier inoxydable durable avec rev\u00eatement PVD<\/p>\n<p>&#8211; Paracord en polyester issu du d\u00e9veloppement durable<\/p>\n<p>&#8211; Id\u00e9al pour les cl\u00e9s de voiture, les porte-cl\u00e9s et les accessoires de tous les jours<\/p>\n<p>&#8211; Disponible dans les couleurs Stone et Olive<\/p>\n<p>&nbsp;<\/p>\n<p>Dimensions : 135 mm \u00d7 32 mm \u00d7 11 mm<\/p>\n","protected":false},"excerpt":{"rendered":"<p>Porte-cl\u00e9s compact Orbitkey avec fermeture rapide brevet\u00e9e et paracorde r\u00e9sistante &#8211; id\u00e9al pour un usage quotidien et les aventures en plein air. Disponible en Stone et Olive. <\/p>\n","protected":false},"featured_media":116780,"comment_status":"closed","ping_status":"closed","template":"","meta":{"_acf_changed":false},"product_brand":[3032],"product_cat":[1310],"product_tag":[],"class_list":{"0":"post-113774","1":"product","2":"type-product","3":"status-publish","4":"has-post-thumbnail","6":"product_brand-orbitkey","7":"product_cat-accessoires-fr-2","9":"first","10":"outofstock","11":"taxable","12":"shipping-taxable","13":"purchasable","14":"product-type-variable"},"acf":[],"_links":{"self":[{"href":"https:\/\/one-horizon.ch\/fr\/wp-json\/wp\/v2\/product\/113774","targetHints":{"allow":["GET"]}}],"collection":[{"href":"https:\/\/one-horizon.ch\/fr\/wp-json\/wp\/v2\/product"}],"about":[{"href":"https:\/\/one-horizon.ch\/fr\/wp-json\/wp\/v2\/types\/product"}],"replies":[{"embeddable":true,"href":"https:\/\/one-horizon.ch\/fr\/wp-json\/wp\/v2\/comments?post=113774"}],"wp:featuredmedia":[{"embeddable":true,"href":"https:\/\/one-horizon.ch\/fr\/wp-json\/wp\/v2\/media\/116780"}],"wp:attachment":[{"href":"https:\/\/one-horizon.ch\/fr\/wp-json\/wp\/v2\/media?parent=113774"}],"wp:term":[{"taxonomy":"product_brand","embeddable":true,"href":"https:\/\/one-horizon.ch\/fr\/wp-json\/wp\/v2\/product_brand?post=113774"},{"taxonomy":"product_cat","embeddable":true,"href":"https:\/\/one-horizon.ch\/fr\/wp-json\/wp\/v2\/product_cat?post=113774"},{"taxonomy":"product_tag","embeddable":true,"href":"https:\/\/one-horizon.ch\/fr\/wp-json\/wp\/v2\/product_tag?post=113774"}],"curies":[{"name":"wp","href":"https:\/\/api.w.org\/{rel}","templated":true}]}}