{"id":114068,"date":"2026-04-07T13:20:39","date_gmt":"2026-04-07T11:20:39","guid":{"rendered":"https:\/\/one-horizon.ch\/product\/orbitkey-daily-tote-16l\/"},"modified":"2026-04-07T23:21:32","modified_gmt":"2026-04-07T21:21:32","slug":"orbitkey-daily-tote-16l","status":"publish","type":"product","link":"https:\/\/one-horizon.ch\/fr\/product\/orbitkey-daily-tote-16l\/","title":{"rendered":"Orbitkey Daily Tote 16L"},"content":{"rendered":"<p><strong>Sac polyvalent pour le quotidien<\/strong><br \/>\nL&#8217;Orbitkey Daily Tote 16 L est le compagnon id\u00e9al pour le travail, les loisirs et les voyages. Gr\u00e2ce \u00e0 son design variable, vous pouvez l&#8217;utiliser soit avec la fermeture \u00e9clair ferm\u00e9e pour plus de s\u00e9curit\u00e9, soit grande ouverte pour un acc\u00e8s rapide. Avec un fond structur\u00e9, il reste stable, m\u00eame lorsqu&#8217;il est enti\u00e8rement charg\u00e9.  <\/p>\n<p>&nbsp;<\/p>\n<p><strong>Syst\u00e8me d&#8217;organisation intelligent<\/strong><br \/>\n\u00c0 l&#8217;int\u00e9rieur, un syst\u00e8me d&#8217;organisation bien pens\u00e9 permet de maintenir l&#8217;ordre : un compartiment s\u00e9par\u00e9 et rembourr\u00e9 pour l&#8217;ordinateur portable prot\u00e8ge les appareils jusqu&#8217;\u00e0 14 pouces, tandis qu&#8217;un double compartiment en maille et plusieurs autres poches gardent vos essentiels \u00e0 port\u00e9e de main, comme vos cl\u00e9s, vos lunettes de soleil ou votre bouteille d&#8217;eau. Une poche magn\u00e9tique \u00e0 acc\u00e8s rapide et une poche arri\u00e8re cach\u00e9e offrent un espace de rangement suppl\u00e9mentaire pour les objets de valeur. <\/p>\n<p>&nbsp;<\/p>\n<p><strong>Mat\u00e9riaux de qualit\u00e9 &amp; confort<\/strong><br \/>\nLe sac est fabriqu\u00e9 en polyester recycl\u00e9 robuste et imperm\u00e9able et dispose de poign\u00e9es en nylon r\u00e9sistantes. Gr\u00e2ce \u00e0 sa conception l\u00e9g\u00e8re et \u00e0 sa bandouli\u00e8re en option, ce fourre-tout peut \u00eatre port\u00e9 confortablement, \u00e0 la main, sur l&#8217;\u00e9paule ou en travers du corps. Un passe-bagages pratique facilite la fixation \u00e0 un trolley.  <\/p>\n<p>&nbsp;<\/p>\n<p><strong>Extras pratiques<\/strong><br \/>\nDes accessoires bien plac\u00e9s vous permettent de fixer des accessoires tels que des cl\u00e9s ou des \u00e9couteurs. Avec une capacit\u00e9 de 16 litres (environ 38 \u00d7 14 \u00d7 29 cm), le totem Orbitkey Daily offre suffisamment d&#8217;espace pour un ordinateur portable, un carnet de notes, une bouteille d&#8217;eau et des ustensiles de tous les jours, tout en restant \u00e9l\u00e9gant et minimaliste. <\/p>\n","protected":false},"excerpt":{"rendered":"<p>Sac fourre-tout polyvalent de 16 L avec compartiment pour ordinateur portable 14&#8243; rembourr\u00e9 et syst\u00e8me d&#8217;organisation intelligent. Polyester recycl\u00e9 r\u00e9sistant \u00e0 l&#8217;eau, passage pour trolley &#8211; \u00e9l\u00e9gant pour le travail, la vie quotidienne et les voyages. <\/p>\n","protected":false},"featured_media":114019,"comment_status":"closed","ping_status":"closed","template":"","meta":{"_acf_changed":false},"product_brand":[3032],"product_cat":[1298],"product_tag":[3292,3295],"class_list":{"0":"post-114068","1":"product","2":"type-product","3":"status-publish","4":"has-post-thumbnail","6":"product_brand-orbitkey","7":"product_cat-sacs-a-provisions","8":"product_tag-pour-lui","9":"product_tag-pour-vous","10":"pa_farbe-lila-fr","11":"pa_farbe-noir","12":"pa_farbe-olive-fr","13":"pa_farbe-stone-fr","15":"first","16":"outofstock","17":"taxable","18":"shipping-taxable","19":"purchasable","20":"product-type-variable"},"acf":[],"_links":{"self":[{"href":"https:\/\/one-horizon.ch\/fr\/wp-json\/wp\/v2\/product\/114068","targetHints":{"allow":["GET"]}}],"collection":[{"href":"https:\/\/one-horizon.ch\/fr\/wp-json\/wp\/v2\/product"}],"about":[{"href":"https:\/\/one-horizon.ch\/fr\/wp-json\/wp\/v2\/types\/product"}],"replies":[{"embeddable":true,"href":"https:\/\/one-horizon.ch\/fr\/wp-json\/wp\/v2\/comments?post=114068"}],"wp:featuredmedia":[{"embeddable":true,"href":"https:\/\/one-horizon.ch\/fr\/wp-json\/wp\/v2\/media\/114019"}],"wp:attachment":[{"href":"https:\/\/one-horizon.ch\/fr\/wp-json\/wp\/v2\/media?parent=114068"}],"wp:term":[{"taxonomy":"product_brand","embeddable":true,"href":"https:\/\/one-horizon.ch\/fr\/wp-json\/wp\/v2\/product_brand?post=114068"},{"taxonomy":"product_cat","embeddable":true,"href":"https:\/\/one-horizon.ch\/fr\/wp-json\/wp\/v2\/product_cat?post=114068"},{"taxonomy":"product_tag","embeddable":true,"href":"https:\/\/one-horizon.ch\/fr\/wp-json\/wp\/v2\/product_tag?post=114068"}],"curies":[{"name":"wp","href":"https:\/\/api.w.org\/{rel}","templated":true}]}}