{"id":114202,"date":"2026-04-04T18:43:25","date_gmt":"2026-04-04T16:43:25","guid":{"rendered":"https:\/\/one-horizon.ch\/product\/orbitkey-crossbody-phone-strap\/"},"modified":"2026-04-04T18:43:25","modified_gmt":"2026-04-04T16:43:25","slug":"orbitkey-crossbody-phone-strap","status":"publish","type":"product","link":"https:\/\/one-horizon.ch\/fr\/product\/orbitkey-crossbody-phone-strap\/","title":{"rendered":"Sangle pour t\u00e9l\u00e9phone Orbitkey Crossbody"},"content":{"rendered":"<p><strong>Compatibilit\u00e9 universelle et acc\u00e8s pratique<\/strong><br \/>\nLa sangle Orbitkey Crossbody Phone Strap vous permet de porter votre smartphone autour du cou ou en travers du corps. Gr\u00e2ce \u00e0 l&#8217;onglet sp\u00e9cial pour t\u00e9l\u00e9phone, elle s&#8217;adapte \u00e0 presque tous les mod\u00e8les de smartphones, qu&#8217;il s&#8217;agisse d&#8217;iPhone, de Samsung ou d&#8217;autres marques, et vous permet de garder votre appareil \u00e0 port\u00e9e de main. <\/p>\n<p>&nbsp;<\/p>\n<p><strong>Sangle r\u00e9glable &amp; confortable<\/strong><br \/>\nLa sangle se r\u00e8gle rapidement et en continu entre 50 et 73 cm et offre un confort de transport optimal pour les tailles et les besoins les plus divers. Ainsi, votre smartphone reste toujours \u00e0 port\u00e9e de main lors de vos promenades, de vos voyages ou de vos activit\u00e9s quotidiennes. <\/p>\n<p>&nbsp;<\/p>\n<p><strong>Mat\u00e9riaux de haute qualit\u00e9 issus du recyclage<\/strong><br \/>\nLa sangle r\u00e9sistante est fabriqu\u00e9e \u00e0 partir de cordelette Dacron 100 % recycl\u00e9e et les \u00e9l\u00e9ments m\u00e9talliques robustes sont en alliage de zinc avec un rev\u00eatement mat. Cette combinaison assure une grande durabilit\u00e9 et un look moderne. <\/p>\n<p>&nbsp;<\/p>\n<p><strong>Syst\u00e8me anti-enchev\u00eatrement pivotant<\/strong><br \/>\nUne articulation pivotante \u00e0 360\u00b0 emp\u00eache la ceinture de se tordre et de s&#8217;emm\u00ealer. Ainsi, la sangle reste flexible \u00e0 tout moment et le smartphone peut \u00eatre facilement plac\u00e9 dans la position souhait\u00e9e. <\/p>\n<p>&nbsp;<\/p>\n<p><strong>Id\u00e9al pour les d\u00e9placements<\/strong><br \/>\nQue vous soyez en ville, en festival ou en voyage, la sangle Crossbody Phone Strap vous offre une libert\u00e9 maximale en vous permettant de garder les mains libres tout en ayant un acc\u00e8s imm\u00e9diat \u00e0 votre smartphone.<\/p>\n","protected":false},"excerpt":{"rendered":"<p>Sangle pour t\u00e9l\u00e9phone portable pratique Orbitkey avec sangle r\u00e9glable en velours c\u00f4tel\u00e9 recycl\u00e9, universellement compatible avec les smartphones et id\u00e9ale pour un acc\u00e8s libre en d\u00e9placement.<\/p>\n","protected":false},"featured_media":114150,"comment_status":"closed","ping_status":"closed","template":"","meta":{"_acf_changed":false},"product_brand":[3032],"product_cat":[1310],"product_tag":[],"class_list":{"0":"post-114202","1":"product","2":"type-product","3":"status-publish","4":"has-post-thumbnail","6":"product_brand-orbitkey","7":"product_cat-accessoires-fr-2","8":"pa_farbe-lila-fr","9":"pa_farbe-noir","10":"pa_farbe-stone-fr","11":"pa_farbe-terracotta-fr","13":"first","14":"onbackorder","15":"taxable","16":"shipping-taxable","17":"purchasable","18":"product-type-variable"},"acf":[],"_links":{"self":[{"href":"https:\/\/one-horizon.ch\/fr\/wp-json\/wp\/v2\/product\/114202","targetHints":{"allow":["GET"]}}],"collection":[{"href":"https:\/\/one-horizon.ch\/fr\/wp-json\/wp\/v2\/product"}],"about":[{"href":"https:\/\/one-horizon.ch\/fr\/wp-json\/wp\/v2\/types\/product"}],"replies":[{"embeddable":true,"href":"https:\/\/one-horizon.ch\/fr\/wp-json\/wp\/v2\/comments?post=114202"}],"wp:featuredmedia":[{"embeddable":true,"href":"https:\/\/one-horizon.ch\/fr\/wp-json\/wp\/v2\/media\/114150"}],"wp:attachment":[{"href":"https:\/\/one-horizon.ch\/fr\/wp-json\/wp\/v2\/media?parent=114202"}],"wp:term":[{"taxonomy":"product_brand","embeddable":true,"href":"https:\/\/one-horizon.ch\/fr\/wp-json\/wp\/v2\/product_brand?post=114202"},{"taxonomy":"product_cat","embeddable":true,"href":"https:\/\/one-horizon.ch\/fr\/wp-json\/wp\/v2\/product_cat?post=114202"},{"taxonomy":"product_tag","embeddable":true,"href":"https:\/\/one-horizon.ch\/fr\/wp-json\/wp\/v2\/product_tag?post=114202"}],"curies":[{"name":"wp","href":"https:\/\/api.w.org\/{rel}","templated":true}]}}