{"id":114319,"date":"2026-03-17T22:45:04","date_gmt":"2026-03-17T21:45:04","guid":{"rendered":"https:\/\/one-horizon.ch\/product\/kreafunk-atune-2\/"},"modified":"2026-04-07T23:22:57","modified_gmt":"2026-04-07T21:22:57","slug":"kreafunk-atune-2","status":"publish","type":"product","link":"https:\/\/one-horizon.ch\/fr\/product\/kreafunk-atune-2\/","title":{"rendered":"Kreafunk aTune 2"},"content":{"rendered":"<p>Le Kreafunk aTune 2 est un haut-parleur Bluetooth puissant avec une fonction st\u00e9r\u00e9o True Wireless et une protection IPX5 robuste &#8211; pour un son exceptionnel o\u00f9 que vous soyez.<\/p>\n<h2>Points forts<\/h2>\n<p>True <strong>Wireless Stereo (TWS)<\/strong> &#8211; Deux aTune 2 peuvent \u00eatre coupl\u00e9s pour un v\u00e9ritable son st\u00e9r\u00e9o.<\/p>\n<p><strong>Protection contre les \u00e9claboussures IPX5<\/strong> &#8211; Protection fiable pour une utilisation en ext\u00e9rieur.<\/p>\n<p><strong>Son puissant<\/strong> &#8211; 2 haut-parleurs DSP de 10W pour un son riche et \u00e9quilibr\u00e9.<\/p>\n<h2>D\u00e9tails techniques<\/h2>\n<ul>\n<li>Bluetooth 5.0<\/li>\n<li>Autonomie de la batterie : jusqu&#8217;\u00e0 16 heures<\/li>\n<li>Haut-parleurs : 2 x 10W DSP<\/li>\n<li>Protection contre les projections d&#8217;eau : IPX5<\/li>\n<li>V\u00e9ritable st\u00e9r\u00e9o sans fil (TWS)<\/li>\n<li>Port de charge USB-C<\/li>\n<li>Microphone int\u00e9gr\u00e9<\/li>\n<li>Dimensions (L x P x H) : 18 x 7 x 7 cm<\/li>\n<li>Poids : 0,54 kg<\/li>\n<\/ul>\n","protected":false},"excerpt":{"rendered":"<p>Puissant haut-parleur Bluetooth avec fonction TWS, protection IPX5 et jusqu&#8217;\u00e0 16 heures d&#8217;autonomie.<\/p>\n","protected":false},"featured_media":114286,"comment_status":"open","ping_status":"closed","template":"","meta":{"_acf_changed":false},"product_brand":[3016],"product_cat":[1023],"product_tag":[3292,3295],"class_list":{"0":"post-114319","1":"product","2":"type-product","3":"status-publish","4":"has-post-thumbnail","6":"product_brand-kreafunk","7":"product_cat-haut-parleur","8":"product_tag-pour-lui","9":"product_tag-pour-vous","10":"product_shipping_class-colis-jusqua-2-kg","11":"pa_farbe-explosion-de-mangue","12":"pa_farbe-noir","13":"pa_farbe-sable-divoire","14":"pa_farbe-terracotta-fr","15":"pa_farbe-vert-nordique","17":"first","18":"onbackorder","19":"taxable","20":"shipping-taxable","21":"purchasable","22":"product-type-variable"},"acf":[],"_links":{"self":[{"href":"https:\/\/one-horizon.ch\/fr\/wp-json\/wp\/v2\/product\/114319","targetHints":{"allow":["GET"]}}],"collection":[{"href":"https:\/\/one-horizon.ch\/fr\/wp-json\/wp\/v2\/product"}],"about":[{"href":"https:\/\/one-horizon.ch\/fr\/wp-json\/wp\/v2\/types\/product"}],"replies":[{"embeddable":true,"href":"https:\/\/one-horizon.ch\/fr\/wp-json\/wp\/v2\/comments?post=114319"}],"wp:featuredmedia":[{"embeddable":true,"href":"https:\/\/one-horizon.ch\/fr\/wp-json\/wp\/v2\/media\/114286"}],"wp:attachment":[{"href":"https:\/\/one-horizon.ch\/fr\/wp-json\/wp\/v2\/media?parent=114319"}],"wp:term":[{"taxonomy":"product_brand","embeddable":true,"href":"https:\/\/one-horizon.ch\/fr\/wp-json\/wp\/v2\/product_brand?post=114319"},{"taxonomy":"product_cat","embeddable":true,"href":"https:\/\/one-horizon.ch\/fr\/wp-json\/wp\/v2\/product_cat?post=114319"},{"taxonomy":"product_tag","embeddable":true,"href":"https:\/\/one-horizon.ch\/fr\/wp-json\/wp\/v2\/product_tag?post=114319"}],"curies":[{"name":"wp","href":"https:\/\/api.w.org\/{rel}","templated":true}]}}