{"id":114445,"date":"2026-04-10T18:53:09","date_gmt":"2026-04-10T16:53:09","guid":{"rendered":"https:\/\/one-horizon.ch\/product\/key-organiser-pro-multitool-v2-gift-set-limited-edition\/"},"modified":"2026-04-10T19:48:22","modified_gmt":"2026-04-10T17:48:22","slug":"key-organiser-pro-multitool-v2-set","status":"publish","type":"product","link":"https:\/\/one-horizon.ch\/fr\/product\/key-organiser-pro-multitool-v2-set\/","title":{"rendered":"Kit cadeau Key Organiser Pro + Multitool V2 (\u00e9dition limit\u00e9e)"},"content":{"rendered":"<p>Ce coffret cadeau en \u00e9dition limit\u00e9e d&#8217;Orbitkey est la combinaison parfaite de deux Carry Essentials embl\u00e9matiques &#8211; soigneusement emball\u00e9s dans une bo\u00eete cadeau \u00e9l\u00e9gante et pr\u00eats \u00e0 \u00eatre utilis\u00e9s au quotidien.<\/p>\n<h2>Organisateur de cl\u00e9s Pro<\/h2>\n<p>Le Key Organiser Pro en cuir Top-Grain de haute qualit\u00e9 peut contenir jusqu&#8217;\u00e0 7 cl\u00e9s et les garder compactes, organis\u00e9es et silencieuses. L&#8217;outil Quick Flip Tool permet de d\u00e9plier la cl\u00e9 la plus utilis\u00e9e d&#8217;un seul geste. <\/p>\n<h2>Multitool V2<\/h2>\n<p>Le Multitool V2 est un outil 9 en 1 au format cl\u00e9 &#8211; tournevis, d\u00e9capsuleur, levier et plus encore. Profil mince qui s&#8217;adapte parfaitement \u00e0 l&#8217;organiseur \u00e0 cl\u00e9s. <\/p>\n<h2>\u00c9dition limit\u00e9e : Blackout \/ Blue Stitching<\/h2>\n<p>L&#8217;\u00e9dition Blackout associe le noir mat \u00e0 un point d\u00e9coratif bleu &#8211; un design discret et de caract\u00e8re qui se d\u00e9marque de la masse.<\/p>\n<ul>\n<li><strong>Peut contenir jusqu&#8217;\u00e0 7 cl\u00e9s<\/strong><\/li>\n<li><strong>9 fonctions d&#8217;outils<\/strong> dans Multitool V2<\/li>\n<li><strong>Cuir Top-Grain<\/strong>, finition protectrice<\/li>\n<li><strong>Outil Quick Flip<\/strong> pour un acc\u00e8s rapide<\/li>\n<li>Emballage cadeau premium inclus<\/li>\n<li>\u00c9dition limit\u00e9e<\/li>\n<\/ul>\n","protected":false},"excerpt":{"rendered":"<p>L&#8217;\u00e9dition limit\u00e9e Orbitkey Gift Set combine le Key Organiser Pro et le Multitool V2 dans l&#8217;\u00e9dition Blackout\/Blue Stitching. Le Key Organiser Pro peut contenir jusqu&#8217;\u00e0 7 cl\u00e9s de mani\u00e8re ordonn\u00e9e et silencieuse. Le Multitool V2 offre 9 fonctions au format d&#8217;une cl\u00e9, le tout dans un coffret cadeau haut de gamme.  <\/p>\n","protected":false},"featured_media":114432,"comment_status":"open","ping_status":"closed","template":"","meta":{"_acf_changed":false},"product_brand":[3032],"product_cat":[3276],"product_tag":[3355,3292],"class_list":{"0":"post-114445","1":"product","2":"type-product","3":"status-publish","4":"has-post-thumbnail","6":"product_brand-orbitkey","7":"product_cat-carry-essentials","8":"product_tag-limitee","9":"product_tag-pour-lui","11":"first","12":"onbackorder","13":"taxable","14":"shipping-taxable","15":"purchasable","16":"product-type-simple"},"acf":[],"_links":{"self":[{"href":"https:\/\/one-horizon.ch\/fr\/wp-json\/wp\/v2\/product\/114445","targetHints":{"allow":["GET"]}}],"collection":[{"href":"https:\/\/one-horizon.ch\/fr\/wp-json\/wp\/v2\/product"}],"about":[{"href":"https:\/\/one-horizon.ch\/fr\/wp-json\/wp\/v2\/types\/product"}],"replies":[{"embeddable":true,"href":"https:\/\/one-horizon.ch\/fr\/wp-json\/wp\/v2\/comments?post=114445"}],"wp:featuredmedia":[{"embeddable":true,"href":"https:\/\/one-horizon.ch\/fr\/wp-json\/wp\/v2\/media\/114432"}],"wp:attachment":[{"href":"https:\/\/one-horizon.ch\/fr\/wp-json\/wp\/v2\/media?parent=114445"}],"wp:term":[{"taxonomy":"product_brand","embeddable":true,"href":"https:\/\/one-horizon.ch\/fr\/wp-json\/wp\/v2\/product_brand?post=114445"},{"taxonomy":"product_cat","embeddable":true,"href":"https:\/\/one-horizon.ch\/fr\/wp-json\/wp\/v2\/product_cat?post=114445"},{"taxonomy":"product_tag","embeddable":true,"href":"https:\/\/one-horizon.ch\/fr\/wp-json\/wp\/v2\/product_tag?post=114445"}],"curies":[{"name":"wp","href":"https:\/\/api.w.org\/{rel}","templated":true}]}}