{"id":114481,"date":"2026-04-10T20:34:56","date_gmt":"2026-04-10T18:34:56","guid":{"rendered":"https:\/\/one-horizon.ch\/product\/orbitkey-key-organiser-hybrid\/"},"modified":"2026-04-10T20:40:48","modified_gmt":"2026-04-10T18:40:48","slug":"orbitkey-key-organiser-hybrid","status":"publish","type":"product","link":"https:\/\/one-horizon.ch\/fr\/product\/orbitkey-key-organiser-hybrid\/","title":{"rendered":"Organisateur de cl\u00e9s Orbitkey en cuir hybride"},"content":{"rendered":"<p>L&#8217;organiseur de cl\u00e9s Hybrid Leather d&#8217;Orbitkey allie l&#8217;\u00e9l\u00e9gance du cuir nappa premium \u00e0 la r\u00e9sistance du polym\u00e8re TPU. Un organiseur de cl\u00e9s qui s\u00e9duit tant par son aspect que par sa fonctionnalit\u00e9 &#8211; fait pour tous ceux qui g\u00e8rent leur quotidien actif avec style. <\/p>\n<h2>Un ordre qui se ressent<\/h2>\n<p>Fini le tintement des cl\u00e9s : Le Key Organiser empile de 2 \u00e0 7 cl\u00e9s standard de mani\u00e8re propre et silencieuse. Le m\u00e9canisme de fermeture prim\u00e9 maintient tout en place. Les cl\u00e9s de voiture et les pendentifs peuvent \u00eatre attach\u00e9s \u00e0 l&#8217;anneau en D int\u00e9gr\u00e9.  <\/p>\n<h2>Mat\u00e9riaux et finition<\/h2>\n<ul>\n<li>Finition : Cuir nappa de haute qualit\u00e9 avec rev\u00eatement en polym\u00e8re TPU<\/li>\n<li>M\u00e9canisme de fermeture : acier inoxydable, prim\u00e9<\/li>\n<li>Dimensions : 85,6 \u00d7 22,4 \u00d7 20 mm<\/li>\n<li>Poids : 16 g seulement<\/li>\n<\/ul>\n<p><strong>Remarque :<\/strong> pour plus de 7 cl\u00e9s standard, un Extension Post est n\u00e9cessaire (vendu s\u00e9par\u00e9ment).<\/p>\n","protected":false},"excerpt":{"rendered":"<p>L&#8217;organiseur de cl\u00e9s Orbitkey Hybrid Leather associe un cuir nappa de qualit\u00e9 sup\u00e9rieure \u00e0 un polym\u00e8re TPU robuste. Contient 2 \u00e0 7 cl\u00e9s empil\u00e9es proprement et silencieusement. M\u00e9canisme de fermeture en acier inoxydable prim\u00e9, compact et ne pesant que 16 g.  <\/p>\n","protected":false},"featured_media":114485,"comment_status":"open","ping_status":"closed","template":"","meta":{"_acf_changed":false},"product_brand":[3032],"product_cat":[3276],"product_tag":[],"class_list":{"0":"post-114481","1":"product","2":"type-product","3":"status-publish","4":"has-post-thumbnail","6":"product_brand-orbitkey","7":"product_cat-carry-essentials","9":"first","10":"onbackorder","11":"taxable","12":"shipping-taxable","13":"purchasable","14":"product-type-variable"},"acf":[],"_links":{"self":[{"href":"https:\/\/one-horizon.ch\/fr\/wp-json\/wp\/v2\/product\/114481","targetHints":{"allow":["GET"]}}],"collection":[{"href":"https:\/\/one-horizon.ch\/fr\/wp-json\/wp\/v2\/product"}],"about":[{"href":"https:\/\/one-horizon.ch\/fr\/wp-json\/wp\/v2\/types\/product"}],"replies":[{"embeddable":true,"href":"https:\/\/one-horizon.ch\/fr\/wp-json\/wp\/v2\/comments?post=114481"}],"wp:featuredmedia":[{"embeddable":true,"href":"https:\/\/one-horizon.ch\/fr\/wp-json\/wp\/v2\/media\/114485"}],"wp:attachment":[{"href":"https:\/\/one-horizon.ch\/fr\/wp-json\/wp\/v2\/media?parent=114481"}],"wp:term":[{"taxonomy":"product_brand","embeddable":true,"href":"https:\/\/one-horizon.ch\/fr\/wp-json\/wp\/v2\/product_brand?post=114481"},{"taxonomy":"product_cat","embeddable":true,"href":"https:\/\/one-horizon.ch\/fr\/wp-json\/wp\/v2\/product_cat?post=114481"},{"taxonomy":"product_tag","embeddable":true,"href":"https:\/\/one-horizon.ch\/fr\/wp-json\/wp\/v2\/product_tag?post=114481"}],"curies":[{"name":"wp","href":"https:\/\/api.w.org\/{rel}","templated":true}]}}