{"id":114793,"date":"2026-04-10T21:27:18","date_gmt":"2026-04-10T19:27:18","guid":{"rendered":"https:\/\/one-horizon.ch\/product\/orbitkey-urban-sling-plus\/"},"modified":"2026-04-10T21:44:15","modified_gmt":"2026-04-10T19:44:15","slug":"orbitkey-urban-sling-plus","status":"publish","type":"product","link":"https:\/\/one-horizon.ch\/fr\/product\/orbitkey-urban-sling-plus\/","title":{"rendered":"Orbitkey Urban Sling Plus"},"content":{"rendered":"<p>L&#8217;Orbitkey Urban Sling Plus est le plus grand et le plus polyvalent de la famille des Urban Sling. Avec un espace de rangement maximal et des compartiments d&#8217;organisation bien pens\u00e9s, il est id\u00e9al pour les longues journ\u00e9es, les excursions d&#8217;une journ\u00e9e et tout ce qui a besoin de plus d&#8217;espace. <\/p>\n<h2>Plus d&#8217;espace, m\u00eame s\u00e9curit\u00e9<\/h2>\n<p>Comme tous les Urban Slings, le Plus dispose d&#8217;une poche arri\u00e8re antivol cach\u00e9e et d&#8217;un porte-cartes bloquant la RFID. A cela s&#8217;ajoutent plusieurs poches d&#8217;organisation et un compartiment principal spacieux. <\/p>\n<h2>Caract\u00e9ristiques<\/h2>\n<ul>\n<li>Compartiment principal spacieux avec plusieurs poches d&#8217;organisation<\/li>\n<li>Poche arri\u00e8re cach\u00e9e avec protection antivol<\/li>\n<li>Porte-cartes bloquant la RFID<\/li>\n<li>Polyester recycl\u00e9 hydrofuge<\/li>\n<li>Bandouli\u00e8re ergonomique et r\u00e9glable<\/li>\n<li>Convient aux tablettes et aux petits ordinateurs portables<\/li>\n<\/ul>\n","protected":false},"excerpt":{"rendered":"<p>L&#8217;Orbitkey Urban Sling Plus offre un maximum d&#8217;espace de rangement avec une protection antivol cach\u00e9e et un bloqueur de RFID. Plusieurs compartiments, polyester recycl\u00e9 r\u00e9sistant \u00e0 l&#8217;eau &#8211; le compagnon id\u00e9al pour les longues journ\u00e9es et les excursions d&#8217;une journ\u00e9e. <\/p>\n","protected":false},"featured_media":114741,"comment_status":"open","ping_status":"closed","template":"","meta":{"_acf_changed":false},"product_brand":[3032],"product_cat":[1321],"product_tag":[],"class_list":{"0":"post-114793","1":"product","2":"type-product","3":"status-publish","4":"has-post-thumbnail","6":"product_brand-orbitkey","7":"product_cat-sacs-ventraux","9":"first","10":"onbackorder","11":"taxable","12":"shipping-taxable","13":"purchasable","14":"product-type-variable"},"acf":[],"_links":{"self":[{"href":"https:\/\/one-horizon.ch\/fr\/wp-json\/wp\/v2\/product\/114793","targetHints":{"allow":["GET"]}}],"collection":[{"href":"https:\/\/one-horizon.ch\/fr\/wp-json\/wp\/v2\/product"}],"about":[{"href":"https:\/\/one-horizon.ch\/fr\/wp-json\/wp\/v2\/types\/product"}],"replies":[{"embeddable":true,"href":"https:\/\/one-horizon.ch\/fr\/wp-json\/wp\/v2\/comments?post=114793"}],"wp:featuredmedia":[{"embeddable":true,"href":"https:\/\/one-horizon.ch\/fr\/wp-json\/wp\/v2\/media\/114741"}],"wp:attachment":[{"href":"https:\/\/one-horizon.ch\/fr\/wp-json\/wp\/v2\/media?parent=114793"}],"wp:term":[{"taxonomy":"product_brand","embeddable":true,"href":"https:\/\/one-horizon.ch\/fr\/wp-json\/wp\/v2\/product_brand?post=114793"},{"taxonomy":"product_cat","embeddable":true,"href":"https:\/\/one-horizon.ch\/fr\/wp-json\/wp\/v2\/product_cat?post=114793"},{"taxonomy":"product_tag","embeddable":true,"href":"https:\/\/one-horizon.ch\/fr\/wp-json\/wp\/v2\/product_tag?post=114793"}],"curies":[{"name":"wp","href":"https:\/\/api.w.org\/{rel}","templated":true}]}}