{"id":114804,"date":"2026-04-10T21:27:01","date_gmt":"2026-04-10T19:27:01","guid":{"rendered":"https:\/\/one-horizon.ch\/product\/orbitkey-urban-sling-mini\/"},"modified":"2026-04-10T21:48:15","modified_gmt":"2026-04-10T19:48:15","slug":"orbitkey-urban-sling-mini","status":"publish","type":"product","link":"https:\/\/one-horizon.ch\/fr\/product\/orbitkey-urban-sling-mini\/","title":{"rendered":"Orbitkey Urban Sling Mini"},"content":{"rendered":"<p>L&#8217;Orbitkey Urban Sling Mini est le compagnon compact de tous les jours pour ceux qui ne veulent emporter que le strict n\u00e9cessaire. L\u00e9ger, \u00e9troit et pourtant bien organis\u00e9 &#8211; avec les m\u00eames caract\u00e9ristiques de s\u00e9curit\u00e9 que ses fr\u00e8res et s\u0153urs plus grands. <\/p>\n<h2>Petit mais efficace<\/h2>\n<p>La poche arri\u00e8re cach\u00e9e offre une protection contre les pickpockets, tandis que le compartiment bloquant la RFID prot\u00e8ge les cartes de cr\u00e9dit. Le tout en polyester recycl\u00e9 r\u00e9sistant \u00e0 l&#8217;eau. <\/p>\n<h2>Caract\u00e9ristiques<\/h2>\n<ul>\n<li>Format compact &#8211; id\u00e9al pour les essentiels<\/li>\n<li>Poche arri\u00e8re cach\u00e9e avec protection antivol<\/li>\n<li>Porte-cartes bloquant la RFID<\/li>\n<li>Polyester recycl\u00e9 hydrofuge<\/li>\n<li>Bandouli\u00e8re r\u00e9glable<\/li>\n<\/ul>\n","protected":false},"excerpt":{"rendered":"<p>L&#8217;Orbitkey Urban Sling Mini est le plus compact de la famille des slings &#8211; parfait pour les essentiels. Poche arri\u00e8re cach\u00e9e avec antivol, bloqueur RFID et polyester recycl\u00e9 r\u00e9sistant \u00e0 l&#8217;eau pour des journ\u00e9es l\u00e9g\u00e8res en ville. <\/p>\n","protected":false},"featured_media":114702,"comment_status":"open","ping_status":"closed","template":"","meta":{"_acf_changed":false},"product_brand":[3032],"product_cat":[1321],"product_tag":[],"class_list":{"0":"post-114804","1":"product","2":"type-product","3":"status-publish","4":"has-post-thumbnail","6":"product_brand-orbitkey","7":"product_cat-sacs-ventraux","9":"first","10":"onbackorder","11":"taxable","12":"shipping-taxable","13":"purchasable","14":"product-type-variable"},"acf":[],"_links":{"self":[{"href":"https:\/\/one-horizon.ch\/fr\/wp-json\/wp\/v2\/product\/114804","targetHints":{"allow":["GET"]}}],"collection":[{"href":"https:\/\/one-horizon.ch\/fr\/wp-json\/wp\/v2\/product"}],"about":[{"href":"https:\/\/one-horizon.ch\/fr\/wp-json\/wp\/v2\/types\/product"}],"replies":[{"embeddable":true,"href":"https:\/\/one-horizon.ch\/fr\/wp-json\/wp\/v2\/comments?post=114804"}],"wp:featuredmedia":[{"embeddable":true,"href":"https:\/\/one-horizon.ch\/fr\/wp-json\/wp\/v2\/media\/114702"}],"wp:attachment":[{"href":"https:\/\/one-horizon.ch\/fr\/wp-json\/wp\/v2\/media?parent=114804"}],"wp:term":[{"taxonomy":"product_brand","embeddable":true,"href":"https:\/\/one-horizon.ch\/fr\/wp-json\/wp\/v2\/product_brand?post=114804"},{"taxonomy":"product_cat","embeddable":true,"href":"https:\/\/one-horizon.ch\/fr\/wp-json\/wp\/v2\/product_cat?post=114804"},{"taxonomy":"product_tag","embeddable":true,"href":"https:\/\/one-horizon.ch\/fr\/wp-json\/wp\/v2\/product_tag?post=114804"}],"curies":[{"name":"wp","href":"https:\/\/api.w.org\/{rel}","templated":true}]}}