{"id":114810,"date":"2026-04-10T21:26:40","date_gmt":"2026-04-10T19:26:40","guid":{"rendered":"https:\/\/one-horizon.ch\/product\/orbitkey-urban-sling\/"},"modified":"2026-04-10T21:26:40","modified_gmt":"2026-04-10T19:26:40","slug":"orbitkey-urban-sling","status":"publish","type":"product","link":"https:\/\/one-horizon.ch\/fr\/product\/orbitkey-urban-sling\/","title":{"rendered":"Orbitkey Urban Sling"},"content":{"rendered":"<p>L&#8217;Orbitkey Urban Sling est le compagnon quotidien de tous ceux qui veulent rester organis\u00e9s lors de leurs d\u00e9placements. Avec une capacit\u00e9 de 2 litres, il s&#8217;adapte \u00e0 tous les styles de vie, qu&#8217;il s&#8217;agisse de faire la navette, de se promener en ville ou de faire une courte excursion. <\/p>\n<h2>Pens\u00e9 dans les moindres d\u00e9tails<\/h2>\n<p>La poche arri\u00e8re cach\u00e9e est plac\u00e9e directement contre le corps et est inaccessible aux pickpockets. Le porte-cartes bloquant la RFID prot\u00e8ge vos cartes de cr\u00e9dit et vos passeports. <\/p>\n<h2>Caract\u00e9ristiques<\/h2>\n<ul>\n<li>Capacit\u00e9 de 2 litres<\/li>\n<li>Poche arri\u00e8re cach\u00e9e avec protection antivol<\/li>\n<li>Porte-cartes bloquant la RFID<\/li>\n<li>Polyester recycl\u00e9 hydrofuge<\/li>\n<li>Bandouli\u00e8re ergonomique et r\u00e9glable<\/li>\n<li>Fermeture magn\u00e9tique pour un acc\u00e8s rapide<\/li>\n<\/ul>\n","protected":false},"excerpt":{"rendered":"<p>Le sac Orbitkey Urban Sling contient tout ce dont vous avez besoin au quotidien : poche arri\u00e8re antivol dissimul\u00e9e, bloqueur RFID et polyester recycl\u00e9 r\u00e9sistant \u00e0 l&#8217;eau. Capacit\u00e9 de 2 litres pour un transport compact et organis\u00e9 en ville. <\/p>\n","protected":false},"featured_media":114644,"comment_status":"open","ping_status":"closed","template":"","meta":{"_acf_changed":false},"product_brand":[3032],"product_cat":[1321],"product_tag":[],"class_list":{"0":"post-114810","1":"product","2":"type-product","3":"status-publish","4":"has-post-thumbnail","6":"product_brand-orbitkey","7":"product_cat-sacs-ventraux","9":"first","10":"onbackorder","11":"taxable","12":"shipping-taxable","13":"purchasable","14":"product-type-variable"},"acf":[],"_links":{"self":[{"href":"https:\/\/one-horizon.ch\/fr\/wp-json\/wp\/v2\/product\/114810","targetHints":{"allow":["GET"]}}],"collection":[{"href":"https:\/\/one-horizon.ch\/fr\/wp-json\/wp\/v2\/product"}],"about":[{"href":"https:\/\/one-horizon.ch\/fr\/wp-json\/wp\/v2\/types\/product"}],"replies":[{"embeddable":true,"href":"https:\/\/one-horizon.ch\/fr\/wp-json\/wp\/v2\/comments?post=114810"}],"wp:featuredmedia":[{"embeddable":true,"href":"https:\/\/one-horizon.ch\/fr\/wp-json\/wp\/v2\/media\/114644"}],"wp:attachment":[{"href":"https:\/\/one-horizon.ch\/fr\/wp-json\/wp\/v2\/media?parent=114810"}],"wp:term":[{"taxonomy":"product_brand","embeddable":true,"href":"https:\/\/one-horizon.ch\/fr\/wp-json\/wp\/v2\/product_brand?post=114810"},{"taxonomy":"product_cat","embeddable":true,"href":"https:\/\/one-horizon.ch\/fr\/wp-json\/wp\/v2\/product_cat?post=114810"},{"taxonomy":"product_tag","embeddable":true,"href":"https:\/\/one-horizon.ch\/fr\/wp-json\/wp\/v2\/product_tag?post=114810"}],"curies":[{"name":"wp","href":"https:\/\/api.w.org\/{rel}","templated":true}]}}