{"id":114932,"date":"2026-04-10T23:44:37","date_gmt":"2026-04-10T21:44:37","guid":{"rendered":"https:\/\/one-horizon.ch\/product\/mini-turbo-fan\/"},"modified":"2026-04-10T23:50:05","modified_gmt":"2026-04-10T21:50:05","slug":"mini-turbo-fan","status":"publish","type":"product","link":"https:\/\/one-horizon.ch\/fr\/product\/mini-turbo-fan\/","title":{"rendered":"Mini Turbo Fan"},"content":{"rendered":"<p>Le Mini Turbo Fan de Kreafunk met fin \u00e0 la transpiration &#8211; o\u00f9 que vous soyez. Que vous soyez au bureau, dans le train ou en d\u00e9placement par une chaude journ\u00e9e d&#8217;\u00e9t\u00e9, ce ventilateur compact \u00e0 main se glisse dans votre poche et fonctionne jusqu&#8217;\u00e0 8 heures d&#8217;affil\u00e9e. <\/p>\n<h2>5 niveaux de vitesse, un \u00e9cran clair<\/h2>\n<p>Vous d\u00e9cidez du niveau de refroidissement dont vous avez besoin. Gr\u00e2ce \u00e0 l&#8217;affichage int\u00e9gr\u00e9, vous pouvez voir \u00e0 tout moment l&#8217;\u00e9tat de la batterie et la vitesse du ventilateur &#8211; pas de devinettes, un contr\u00f4le total. <\/p>\n<h2>Compact, l\u00e9ger, adapt\u00e9 \u00e0 la vie quotidienne<\/h2>\n<ul>\n<li>Design ultra-compact &#8211; tient dans la paume de votre main<\/li>\n<li>5 niveaux de vitesse s\u00e9lectionnables<\/li>\n<li>Indicateur de niveau de batterie et de vitesse du ventilateur<\/li>\n<li>Jusqu&#8217;\u00e0 8 heures d&#8217;utilisation<\/li>\n<li>Port de charge USB-C<\/li>\n<li>Dragonne incluse<\/li>\n<li>Hauteur : 120 mm | Largeur \u00e0 la t\u00eate du ventilateur : 55 mm | Largeur \u00e0 la poign\u00e9e : 25 mm<\/li>\n<li>Poids : 129 g<\/li>\n<\/ul>\n","protected":false},"excerpt":{"rendered":"<p>Le Kreafunk Mini Turbo Fan vous rafra\u00eechit en d\u00e9placement, au bureau et lors de votre prochaine sortie en plein air. Ultral\u00e9ger (129 g), avec 5 niveaux, une charge USB-C et jusqu&#8217;\u00e0 8 heures d&#8217;autonomie, il est suffisamment compact pour tenir dans votre poche. <\/p>\n","protected":false},"featured_media":114463,"comment_status":"closed","ping_status":"closed","template":"","meta":{"_acf_changed":false},"product_brand":[3032],"product_cat":[3357],"product_tag":[],"class_list":{"0":"post-114932","1":"product","2":"type-product","3":"status-publish","4":"has-post-thumbnail","6":"product_brand-orbitkey","7":"product_cat-plein-air-camping","8":"pa_farbe-black-fr","9":"pa_farbe-sable-divoire","11":"first","12":"onbackorder","13":"taxable","14":"shipping-taxable","15":"purchasable","16":"product-type-variable"},"acf":[],"_links":{"self":[{"href":"https:\/\/one-horizon.ch\/fr\/wp-json\/wp\/v2\/product\/114932","targetHints":{"allow":["GET"]}}],"collection":[{"href":"https:\/\/one-horizon.ch\/fr\/wp-json\/wp\/v2\/product"}],"about":[{"href":"https:\/\/one-horizon.ch\/fr\/wp-json\/wp\/v2\/types\/product"}],"replies":[{"embeddable":true,"href":"https:\/\/one-horizon.ch\/fr\/wp-json\/wp\/v2\/comments?post=114932"}],"wp:featuredmedia":[{"embeddable":true,"href":"https:\/\/one-horizon.ch\/fr\/wp-json\/wp\/v2\/media\/114463"}],"wp:attachment":[{"href":"https:\/\/one-horizon.ch\/fr\/wp-json\/wp\/v2\/media?parent=114932"}],"wp:term":[{"taxonomy":"product_brand","embeddable":true,"href":"https:\/\/one-horizon.ch\/fr\/wp-json\/wp\/v2\/product_brand?post=114932"},{"taxonomy":"product_cat","embeddable":true,"href":"https:\/\/one-horizon.ch\/fr\/wp-json\/wp\/v2\/product_cat?post=114932"},{"taxonomy":"product_tag","embeddable":true,"href":"https:\/\/one-horizon.ch\/fr\/wp-json\/wp\/v2\/product_tag?post=114932"}],"curies":[{"name":"wp","href":"https:\/\/api.w.org\/{rel}","templated":true}]}}