{"id":115879,"date":"2026-03-17T22:46:01","date_gmt":"2026-03-17T21:46:01","guid":{"rendered":"https:\/\/one-horizon.ch\/product\/designbite-big-hug-niedriges-wandregal\/"},"modified":"2026-03-17T22:46:01","modified_gmt":"2026-03-17T21:46:01","slug":"designbite-big-hug-niedriges-wandregal","status":"publish","type":"product","link":"https:\/\/one-horizon.ch\/fr\/product\/designbite-big-hug-niedriges-wandregal\/","title":{"rendered":"DesignBite Big Hug \u00c9tag\u00e8re murale basse"},"content":{"rendered":"<p>Petite en hauteur, grande en utilit\u00e9 : L&#8217;\u00e9tag\u00e8re murale basse Big Hug de DesignBite offre deux \u00e9tag\u00e8res pour les accessoires de cuisine, les objets de d\u00e9coration, les cl\u00e9s ou les cornes de chaussures. Les bords sur\u00e9lev\u00e9s et les supports en li\u00e8ge garantissent que tout est bien en place et ne se raye pas. <\/p>\n<h2>Collection Big Hug &#8211; Un design qui tient la route<\/h2>\n<p>L&#8217;assortiment de Hans Thyge &amp; Co. pour DesignBite montre comment le design scandinave et la pr\u00e9cision asiatique peuvent aller de pair. L&#8217;\u00e9tag\u00e8re murale basse est disponible en bleu nuit et en gris clair &#8211; claire, intemporelle et polyvalente. <\/p>\n<h2>D\u00e9tails du produit<\/h2>\n<ul>\n<li><strong>Mat\u00e9riaux :<\/strong> acier rev\u00eatu de poudre, li\u00e8ge<\/li>\n<li><strong>Dimensions :<\/strong> 62 \u00d7 12 \u00d7 58 cm (L \u00d7 P \u00d7 H)<\/li>\n<li><strong>Poids :<\/strong> 5,0 kg<\/li>\n<li><strong>Rangements :<\/strong> 2<\/li>\n<li><strong>Couleurs :<\/strong> Bleu nuit, gris clair<\/li>\n<li><strong>Design :<\/strong> Hans Thyge &amp; Co. pour DesignBite<\/li>\n<\/ul>\n","protected":false},"excerpt":{"rendered":"<p>L&#8217;\u00e9tag\u00e8re murale basse DesignBite Big Hug \u00e0 deux \u00e9tag\u00e8res permet de ranger les cl\u00e9s, les d\u00e9corations ou les accessoires de cuisine en toute s\u00e9curit\u00e9. En acier peint par poudrage avec des couches de li\u00e8ge &#8211; en bleu nuit ou gris clair, pour l&#8217;entr\u00e9e, la cuisine ou le salon. <\/p>\n","protected":false},"featured_media":115451,"comment_status":"open","ping_status":"closed","template":"","meta":{"_acf_changed":false},"product_brand":[2996],"product_cat":[1302],"product_tag":[3369],"class_list":{"0":"post-115879","1":"product","2":"type-product","3":"status-publish","4":"has-post-thumbnail","6":"product_brand-designbite","7":"product_cat-rangement","8":"product_tag-emmenagement","10":"first","11":"onbackorder","12":"taxable","13":"shipping-taxable","14":"purchasable","15":"product-type-variable"},"acf":[],"_links":{"self":[{"href":"https:\/\/one-horizon.ch\/fr\/wp-json\/wp\/v2\/product\/115879","targetHints":{"allow":["GET"]}}],"collection":[{"href":"https:\/\/one-horizon.ch\/fr\/wp-json\/wp\/v2\/product"}],"about":[{"href":"https:\/\/one-horizon.ch\/fr\/wp-json\/wp\/v2\/types\/product"}],"replies":[{"embeddable":true,"href":"https:\/\/one-horizon.ch\/fr\/wp-json\/wp\/v2\/comments?post=115879"}],"wp:featuredmedia":[{"embeddable":true,"href":"https:\/\/one-horizon.ch\/fr\/wp-json\/wp\/v2\/media\/115451"}],"wp:attachment":[{"href":"https:\/\/one-horizon.ch\/fr\/wp-json\/wp\/v2\/media?parent=115879"}],"wp:term":[{"taxonomy":"product_brand","embeddable":true,"href":"https:\/\/one-horizon.ch\/fr\/wp-json\/wp\/v2\/product_brand?post=115879"},{"taxonomy":"product_cat","embeddable":true,"href":"https:\/\/one-horizon.ch\/fr\/wp-json\/wp\/v2\/product_cat?post=115879"},{"taxonomy":"product_tag","embeddable":true,"href":"https:\/\/one-horizon.ch\/fr\/wp-json\/wp\/v2\/product_tag?post=115879"}],"curies":[{"name":"wp","href":"https:\/\/api.w.org\/{rel}","templated":true}]}}