{"id":115885,"date":"2026-03-17T22:46:00","date_gmt":"2026-03-17T21:46:00","guid":{"rendered":"https:\/\/one-horizon.ch\/product\/designbite-big-hug-hohes-wandregal\/"},"modified":"2026-03-17T22:46:00","modified_gmt":"2026-03-17T21:46:00","slug":"designbite-big-hug-hohes-wandregal","status":"publish","type":"product","link":"https:\/\/one-horizon.ch\/fr\/product\/designbite-big-hug-hohes-wandregal\/","title":{"rendered":"DesignBite Big Hug \u00c9tag\u00e8re murale haute"},"content":{"rendered":"<p>Plus de surface, plus de caract\u00e8re : l&#8217;\u00e9tag\u00e8re murale haute DesignBite Big Hug apporte au mur deux \u00e9tag\u00e8res spacieuses aux bords sur\u00e9lev\u00e9s. Les rev\u00eatements en li\u00e8ge prot\u00e8gent les livres, les plantes ou les objets de d\u00e9coration des rayures &#8211; le format haut donne un accent clair \u00e0 la pi\u00e8ce. <\/p>\n<h2>Collection Big Hug &#8211; scandinave et pr\u00e9cise<\/h2>\n<p>Con\u00e7ue par Hans Thyge &amp; Co. pour DesignBite, l&#8217;\u00e9tag\u00e8re murale haute allie lignes \u00e9pur\u00e9es et qualit\u00e9 de fabrication asiatique. Elle fait pendant \u00e0 l&#8217;\u00e9tag\u00e8re murale basse et est disponible en bleu nuit et en gris clair. <\/p>\n<h2>D\u00e9tails du produit<\/h2>\n<ul>\n<li><strong>Mat\u00e9riaux :<\/strong> acier rev\u00eatu de poudre, li\u00e8ge<\/li>\n<li><strong>Dimensions :<\/strong> 51 \u00d7 28 \u00d7 103 cm (L \u00d7 P \u00d7 H)<\/li>\n<li><strong>Poids :<\/strong> 9,0 kg<\/li>\n<li><strong>Rangements :<\/strong> 2<\/li>\n<li><strong>Couleurs :<\/strong> Bleu nuit, gris clair<\/li>\n<li><strong>Design :<\/strong> Hans Thyge &amp; Co. pour DesignBite<\/li>\n<\/ul>\n","protected":false},"excerpt":{"rendered":"<p>\u00c9tag\u00e8re murale haute en acier laqu\u00e9 \u00e9poxy avec deux \u00e9tag\u00e8res et des bords sur\u00e9lev\u00e9s. Les supports en li\u00e8ge prot\u00e8gent des rayures. Pour les livres, la d\u00e9coration ou les plantes &#8211; en bleu nuit ou gris clair. 51 \u00d7 28 \u00d7 103 cm.   <\/p>\n","protected":false},"featured_media":115477,"comment_status":"open","ping_status":"closed","template":"","meta":{"_acf_changed":false},"product_brand":[2996],"product_cat":[1302],"product_tag":[3369],"class_list":{"0":"post-115885","1":"product","2":"type-product","3":"status-publish","4":"has-post-thumbnail","6":"product_brand-designbite","7":"product_cat-rangement","8":"product_tag-emmenagement","10":"first","11":"onbackorder","12":"taxable","13":"shipping-taxable","14":"purchasable","15":"product-type-variable"},"acf":[],"_links":{"self":[{"href":"https:\/\/one-horizon.ch\/fr\/wp-json\/wp\/v2\/product\/115885","targetHints":{"allow":["GET"]}}],"collection":[{"href":"https:\/\/one-horizon.ch\/fr\/wp-json\/wp\/v2\/product"}],"about":[{"href":"https:\/\/one-horizon.ch\/fr\/wp-json\/wp\/v2\/types\/product"}],"replies":[{"embeddable":true,"href":"https:\/\/one-horizon.ch\/fr\/wp-json\/wp\/v2\/comments?post=115885"}],"wp:featuredmedia":[{"embeddable":true,"href":"https:\/\/one-horizon.ch\/fr\/wp-json\/wp\/v2\/media\/115477"}],"wp:attachment":[{"href":"https:\/\/one-horizon.ch\/fr\/wp-json\/wp\/v2\/media?parent=115885"}],"wp:term":[{"taxonomy":"product_brand","embeddable":true,"href":"https:\/\/one-horizon.ch\/fr\/wp-json\/wp\/v2\/product_brand?post=115885"},{"taxonomy":"product_cat","embeddable":true,"href":"https:\/\/one-horizon.ch\/fr\/wp-json\/wp\/v2\/product_cat?post=115885"},{"taxonomy":"product_tag","embeddable":true,"href":"https:\/\/one-horizon.ch\/fr\/wp-json\/wp\/v2\/product_tag?post=115885"}],"curies":[{"name":"wp","href":"https:\/\/api.w.org\/{rel}","templated":true}]}}