{"id":115888,"date":"2026-03-17T22:46:26","date_gmt":"2026-03-17T21:46:26","guid":{"rendered":"https:\/\/one-horizon.ch\/product\/designbite-big-hug-gewuerz-set-wandregal\/"},"modified":"2026-03-17T22:46:26","modified_gmt":"2026-03-17T21:46:26","slug":"designbite-big-hug-gewuerz-set-wandregal","status":"publish","type":"product","link":"https:\/\/one-horizon.ch\/fr\/product\/designbite-big-hug-gewuerz-set-wandregal\/","title":{"rendered":"DesignBite Big Hug Set d&#8217;\u00e9pices \u00c9tag\u00e8re murale"},"content":{"rendered":"<p>Les herbes et les \u00e9pices sont toujours \u00e0 port\u00e9e de main, sans avoir \u00e0 chercher dans les tiroirs &#8211; c&#8217;est possible avec l&#8217;\u00e9tag\u00e8re murale DesignBite Big Hug pour \u00e9pices. Le cadre en acier laqu\u00e9 \u00e9poxy accueille huit r\u00e9cipients en c\u00e9ramique avec des couvercles en li\u00e8ge et s&#8217;accroche directement au mur de la cuisine pour un gain de place. <\/p>\n<h2>Le design scandinave rencontre la qualit\u00e9 ta\u00efwanaise<\/h2>\n<p>Con\u00e7ue par Hans Thyge &amp; Co. pour DesignBite, la gamme Big Hug combine des lignes scandinaves \u00e9pur\u00e9es avec une finition asiatique pr\u00e9cise. Le cadre est disponible en quatre couleurs &#8211; rose, bleu, jaune ou gris &#8211; pour s&#8217;adapter \u00e0 toutes les cuisines. <\/p>\n<h2>D\u00e9tails du produit<\/h2>\n<ul>\n<li><strong>Mat\u00e9riaux :<\/strong> Acier rev\u00eatu de poudre, c\u00e9ramique, li\u00e8ge<\/li>\n<li><strong>Dimensions :<\/strong> 29 \u00d7 7 \u00d7 44 cm<\/li>\n<li><strong>Poids :<\/strong> 1,0 kg<\/li>\n<li><strong>Livraison :<\/strong> \u00e9tag\u00e8re murale + 8 r\u00e9cipients \u00e0 \u00e9pices en c\u00e9ramique avec couvercles en li\u00e8ge<\/li>\n<li><strong>Couleurs :<\/strong> rose, bleu, jaune, gris<\/li>\n<li><strong>Design :<\/strong> Hans Thyge &amp; Co. pour DesignBite<\/li>\n<\/ul>\n","protected":false},"excerpt":{"rendered":"<p>Le kit d&#8217;\u00e9pices Big Hug de DesignBite maintient l&#8217;ordre dans la cuisine : huit r\u00e9cipients en c\u00e9ramique avec des couvercles en li\u00e8ge dans un cadre en acier peint par poudrage. Montage mural en quelques minutes &#8211; au choix en rose, bleu, jaune ou gris. <\/p>\n","protected":false},"featured_media":115426,"comment_status":"open","ping_status":"closed","template":"","meta":{"_acf_changed":false},"product_brand":[2996],"product_cat":[1392,1302],"product_tag":[3369],"class_list":{"0":"post-115888","1":"product","2":"type-product","3":"status-publish","4":"has-post-thumbnail","6":"product_brand-designbite","7":"product_cat-cuisine","8":"product_cat-rangement","9":"product_tag-emmenagement","11":"first","12":"onbackorder","13":"taxable","14":"shipping-taxable","15":"purchasable","16":"product-type-variable"},"acf":[],"_links":{"self":[{"href":"https:\/\/one-horizon.ch\/fr\/wp-json\/wp\/v2\/product\/115888","targetHints":{"allow":["GET"]}}],"collection":[{"href":"https:\/\/one-horizon.ch\/fr\/wp-json\/wp\/v2\/product"}],"about":[{"href":"https:\/\/one-horizon.ch\/fr\/wp-json\/wp\/v2\/types\/product"}],"replies":[{"embeddable":true,"href":"https:\/\/one-horizon.ch\/fr\/wp-json\/wp\/v2\/comments?post=115888"}],"wp:featuredmedia":[{"embeddable":true,"href":"https:\/\/one-horizon.ch\/fr\/wp-json\/wp\/v2\/media\/115426"}],"wp:attachment":[{"href":"https:\/\/one-horizon.ch\/fr\/wp-json\/wp\/v2\/media?parent=115888"}],"wp:term":[{"taxonomy":"product_brand","embeddable":true,"href":"https:\/\/one-horizon.ch\/fr\/wp-json\/wp\/v2\/product_brand?post=115888"},{"taxonomy":"product_cat","embeddable":true,"href":"https:\/\/one-horizon.ch\/fr\/wp-json\/wp\/v2\/product_cat?post=115888"},{"taxonomy":"product_tag","embeddable":true,"href":"https:\/\/one-horizon.ch\/fr\/wp-json\/wp\/v2\/product_tag?post=115888"}],"curies":[{"name":"wp","href":"https:\/\/api.w.org\/{rel}","templated":true}]}}