{"id":116710,"date":"2026-04-22T00:57:18","date_gmt":"2026-04-21T22:57:18","guid":{"rendered":"https:\/\/one-horizon.ch\/product\/key-organiser-matte-leather\/"},"modified":"2026-04-22T00:57:18","modified_gmt":"2026-04-21T22:57:18","slug":"key-organiser-matte-leather","status":"publish","type":"product","link":"https:\/\/one-horizon.ch\/fr\/product\/key-organiser-matte-leather\/","title":{"rendered":"Organiseur de cl\u00e9s en cuir mat"},"content":{"rendered":"<p>Le <strong>Key Organiser Matte Leather<\/strong> d&#8217;Orbitkey est un classique parmi les organiseurs de cl\u00e9s &#8211; intemporel, compact et fabriqu\u00e9 en cuir de vachette de qualit\u00e9 sup\u00e9rieure. Finis les cliquetis bruyants et les trousseaux de cl\u00e9s encombrants : Cet organiseur peut empiler jusqu&#8217;\u00e0 7 cl\u00e9s et les maintenir en place gr\u00e2ce \u00e0 un m\u00e9canisme de fermeture prim\u00e9. <\/p>\n<h2>Caract\u00e9ristiques<\/h2>\n<ul>\n<li>Peut contenir 2 \u00e0 7 cl\u00e9s, plus des cl\u00e9s de voiture et un pendentif sur l&#8217;anneau en D<\/li>\n<li>M\u00e9canisme d&#8217;empilage silencieux &#8211; plus de cliquetis dans le sac<\/li>\n<li>Un m\u00e9canisme de fermeture s\u00fbr et prim\u00e9<\/li>\n<li>Cuir de vache Top Grain de haute qualit\u00e9 \u00e0 l&#8217;ext\u00e9rieur et \u00e0 l&#8217;int\u00e9rieur<\/li>\n<li>Mat\u00e9riel en acier inoxydable avec finition finement sabl\u00e9e<\/li>\n<\/ul>\n<h2>Donn\u00e9es techniques<\/h2>\n<ul>\n<li><strong>Dimensions :<\/strong> 85,6 \u00d7 22,4 \u00d7 20 mm<\/li>\n<li><strong>Poids :<\/strong> 16 g<\/li>\n<li><strong>Mat\u00e9riau cuir :<\/strong> Top Grain Cowhide<\/li>\n<li><strong>Mat\u00e9riel :<\/strong> acier inoxydable, finition sablage<\/li>\n<\/ul>\n","protected":false},"excerpt":{"rendered":"<p>Des cl\u00e9s bien rang\u00e9es au lieu d&#8217;un cliquetis aga\u00e7ant : le Key Organiser Matte Leather d&#8217;Orbitkey peut contenir de 2 \u00e0 7 cl\u00e9s dans une \u00e9l\u00e9gante pile de cuir. En cuir de vachette Top Grain, mat\u00e9riel en acier inoxydable bross\u00e9. 85,6 \u00d7 22,4 \u00d7 20 mm, 16 g seulement.  <\/p>\n","protected":false},"featured_media":116183,"comment_status":"open","ping_status":"closed","template":"","meta":{"_acf_changed":false},"product_brand":[3032],"product_cat":[3276],"product_tag":[],"class_list":{"0":"post-116710","1":"product","2":"type-product","3":"status-publish","4":"has-post-thumbnail","6":"product_brand-orbitkey","7":"product_cat-carry-essentials","9":"first","10":"onbackorder","11":"taxable","12":"shipping-taxable","13":"purchasable","14":"product-type-variable"},"acf":[],"_links":{"self":[{"href":"https:\/\/one-horizon.ch\/fr\/wp-json\/wp\/v2\/product\/116710","targetHints":{"allow":["GET"]}}],"collection":[{"href":"https:\/\/one-horizon.ch\/fr\/wp-json\/wp\/v2\/product"}],"about":[{"href":"https:\/\/one-horizon.ch\/fr\/wp-json\/wp\/v2\/types\/product"}],"replies":[{"embeddable":true,"href":"https:\/\/one-horizon.ch\/fr\/wp-json\/wp\/v2\/comments?post=116710"}],"wp:featuredmedia":[{"embeddable":true,"href":"https:\/\/one-horizon.ch\/fr\/wp-json\/wp\/v2\/media\/116183"}],"wp:attachment":[{"href":"https:\/\/one-horizon.ch\/fr\/wp-json\/wp\/v2\/media?parent=116710"}],"wp:term":[{"taxonomy":"product_brand","embeddable":true,"href":"https:\/\/one-horizon.ch\/fr\/wp-json\/wp\/v2\/product_brand?post=116710"},{"taxonomy":"product_cat","embeddable":true,"href":"https:\/\/one-horizon.ch\/fr\/wp-json\/wp\/v2\/product_cat?post=116710"},{"taxonomy":"product_tag","embeddable":true,"href":"https:\/\/one-horizon.ch\/fr\/wp-json\/wp\/v2\/product_tag?post=116710"}],"curies":[{"name":"wp","href":"https:\/\/api.w.org\/{rel}","templated":true}]}}