{"id":116721,"date":"2026-04-22T01:07:43","date_gmt":"2026-04-21T23:07:43","guid":{"rendered":"https:\/\/one-horizon.ch\/product\/key-organiser-pro-saffiano\/"},"modified":"2026-04-22T01:07:43","modified_gmt":"2026-04-21T23:07:43","slug":"key-organiser-pro-saffiano","status":"publish","type":"product","link":"https:\/\/one-horizon.ch\/fr\/product\/key-organiser-pro-saffiano\/","title":{"rendered":"Organiseur de cl\u00e9s Pro Saffiano"},"content":{"rendered":"<p>L&#8217;organiseur de cl\u00e9s Orbitkey Pro en cuir Saffiano de qualit\u00e9 sup\u00e9rieure met de l&#8217;ordre dans tous les trousseaux de cl\u00e9s &#8211; compact, silencieux et durable. Au lieu d&#8217;avoir \u00e0 classer vos cl\u00e9s de mani\u00e8re chaotique, vous les avez toutes empil\u00e9es et \u00e0 port\u00e9e de main. Disponible en quatre couleurs \u00e9l\u00e9gantes : Lilac, Liquorice Black, Olive et Oxford Navy.  <\/p>\n<h2>Ce qui rend le Key Organiser Pro sp\u00e9cial<\/h2>\n<ul>\n<li><strong>Contient 3 \u00e0 9 cl\u00e9s standard<\/strong> &#8211; mat\u00e9riel micro-r\u00e9glable, r\u00e9glable sans outils<\/li>\n<li><strong>Outil Quick-Flip<\/strong> &#8211; acc\u00e8s direct \u00e0 vos cl\u00e9s pr\u00e9f\u00e9r\u00e9es, sans avoir \u00e0 les chercher<\/li>\n<li><strong>Cuir Saffiano certifi\u00e9 LWG<\/strong> &#8211; robuste, r\u00e9sistant aux rayures et d&#8217;une \u00e9l\u00e9gance intemporelle<\/li>\n<li><strong>Ressort int\u00e9gr\u00e9<\/strong> pour un montage facile et un guidage stable des cl\u00e9s<\/li>\n<li><strong>Mat\u00e9riel en acier inoxydable<\/strong> en PVD noir ou PVD or jaune<\/li>\n<\/ul>\n<h2>Mat\u00e9riaux et dimensions<\/h2>\n<ul>\n<li>Mat\u00e9riau : Cuir Saffiano certifi\u00e9 LWG, acier inoxydable (PVD noir \/ PVD or jaune)<\/li>\n<li>Dimensions : 93 \u00d7 21 \u00d7 35 mm<\/li>\n<li>Poids : environ 24 g<\/li>\n<\/ul>\n<h2>Questions fr\u00e9quentes<\/h2>\n<p><strong>Combien de cl\u00e9s peuvent \u00eatre rang\u00e9es dans le Key Organiser Pro ?<\/strong><br \/>Il peut contenir de 3 \u00e0 9 cl\u00e9s standard. Le mat\u00e9riel est micro-r\u00e9glable sans outil, ce qui vous permet de personnaliser la tension et la capacit\u00e9. <\/p>\n<p><strong>En quoi consiste-t-il ?<\/strong><br \/>En cuir Saffiano certifi\u00e9 LWG avec mat\u00e9riel en acier inoxydable en PVD noir ou PVD or jaune &#8211; robuste et facile \u00e0 entretenir.<\/p>\n<p><strong>Fonctionne-t-il \u00e9galement avec des cl\u00e9s de voiture de grande taille ?<\/strong><br \/>Le Key Organiser Pro est con\u00e7u pour des cl\u00e9s standard. Les cl\u00e9s tr\u00e8s \u00e9paisses ou de forme inhabituelle (par exemple les cl\u00e9s de voiture modernes dot\u00e9es d&#8217;un syst\u00e8me \u00e9lectronique) ne s&#8217;y adaptent g\u00e9n\u00e9ralement pas. <\/p>\n","protected":false},"excerpt":{"rendered":"<p>De l&#8217;ordre dans votre trousseau de cl\u00e9s : le Key Organiser Pro Saffiano d&#8217;Orbitkey empile 3 \u00e0 9 cl\u00e9s de mani\u00e8re \u00e9l\u00e9gante et silencieuse. Un r\u00e9glage sans outil, un acc\u00e8s Quick-Flip et un cuir Saffiano de haute qualit\u00e9 certifi\u00e9 LWG en font le parfait compagnon de tous les jours. <\/p>\n","protected":false},"featured_media":116347,"comment_status":"open","ping_status":"closed","template":"","meta":{"_acf_changed":false},"product_brand":[3032],"product_cat":[3276],"product_tag":[3359,3373,3292],"class_list":{"0":"post-116721","1":"product","2":"type-product","3":"status-publish","4":"has-post-thumbnail","6":"product_brand-orbitkey","7":"product_cat-carry-essentials","8":"product_tag-anniversaire","9":"product_tag-fete-des-peres","10":"product_tag-pour-lui","12":"first","13":"onbackorder","14":"taxable","15":"shipping-taxable","16":"purchasable","17":"product-type-variable"},"acf":[],"_links":{"self":[{"href":"https:\/\/one-horizon.ch\/fr\/wp-json\/wp\/v2\/product\/116721","targetHints":{"allow":["GET"]}}],"collection":[{"href":"https:\/\/one-horizon.ch\/fr\/wp-json\/wp\/v2\/product"}],"about":[{"href":"https:\/\/one-horizon.ch\/fr\/wp-json\/wp\/v2\/types\/product"}],"replies":[{"embeddable":true,"href":"https:\/\/one-horizon.ch\/fr\/wp-json\/wp\/v2\/comments?post=116721"}],"wp:featuredmedia":[{"embeddable":true,"href":"https:\/\/one-horizon.ch\/fr\/wp-json\/wp\/v2\/media\/116347"}],"wp:attachment":[{"href":"https:\/\/one-horizon.ch\/fr\/wp-json\/wp\/v2\/media?parent=116721"}],"wp:term":[{"taxonomy":"product_brand","embeddable":true,"href":"https:\/\/one-horizon.ch\/fr\/wp-json\/wp\/v2\/product_brand?post=116721"},{"taxonomy":"product_cat","embeddable":true,"href":"https:\/\/one-horizon.ch\/fr\/wp-json\/wp\/v2\/product_cat?post=116721"},{"taxonomy":"product_tag","embeddable":true,"href":"https:\/\/one-horizon.ch\/fr\/wp-json\/wp\/v2\/product_tag?post=116721"}],"curies":[{"name":"wp","href":"https:\/\/api.w.org\/{rel}","templated":true}]}}