{"id":116727,"date":"2026-04-22T01:04:17","date_gmt":"2026-04-21T23:04:17","guid":{"rendered":"https:\/\/one-horizon.ch\/product\/desk-pouch-2\/"},"modified":"2026-04-22T01:04:17","modified_gmt":"2026-04-21T23:04:17","slug":"desk-pouch-2","status":"publish","type":"product","link":"https:\/\/one-horizon.ch\/fr\/product\/desk-pouch-2\/","title":{"rendered":"Pochette de bureau"},"content":{"rendered":"<p>La <strong>Desk Pouch<\/strong> d&#8217;Orbitkey est une pochette de bureau intelligente pour ceux qui aiment l&#8217;ordre. Avec des compartiments bien pens\u00e9s, un passant pour stylo et un rabat int\u00e9gr\u00e9 pour les petits objets, vous avez tout ce dont vous avez besoin au quotidien \u00e0 port\u00e9e de main, sans avoir \u00e0 fouiller. <\/p>\n<h2>Caract\u00e9ristiques<\/h2>\n<ul>\n<li>Rabat int\u00e9gr\u00e9 pour faciliter l&#8217;acc\u00e8s aux petits objets<\/li>\n<li>Espace de rangement extensible pour une utilisation flexible<\/li>\n<li>Conception efficace et autoportante &#8211; stable sur n&#8217;importe quel bureau<\/li>\n<li>Porte-stylo fonctionnel pour un acc\u00e8s rapide<\/li>\n<li>Fabriqu\u00e9 \u00e0 partir de mat\u00e9riaux recycl\u00e9s<\/li>\n<\/ul>\n<h2>Donn\u00e9es techniques<\/h2>\n<ul>\n<li><strong>Dimensions ext\u00e9rieures :<\/strong> 220 \u00d7 120 \u00d7 50 mm<\/li>\n<li><strong>Poids :<\/strong> 95,8 g<\/li>\n<li><strong>Mat\u00e9riau :<\/strong> mat\u00e9riaux recycl\u00e9s<\/li>\n<\/ul>\n","protected":false},"excerpt":{"rendered":"<p>Sacoche de bureau compacte fabriqu\u00e9e \u00e0 partir de mat\u00e9riaux recycl\u00e9s &#8211; avec un rabat, un passant pour stylo et un espace de rangement extensible. Garde les c\u00e2bles, les chargeurs, les stylos et les petits objets \u00e0 port\u00e9e de main. Stable et autoportante. 220 \u00d7 120 \u00d7 50 mm, 95,8 g.   <\/p>\n","protected":false},"featured_media":116485,"comment_status":"open","ping_status":"closed","template":"","meta":{"_acf_changed":false},"product_brand":[3032],"product_cat":[3253],"product_tag":[3371],"class_list":{"0":"post-116727","1":"product","2":"type-product","3":"status-publish","4":"has-post-thumbnail","6":"product_brand-orbitkey","7":"product_cat-rangement-organiseur","8":"product_tag-recycle","10":"first","11":"onbackorder","12":"taxable","13":"shipping-taxable","14":"purchasable","15":"product-type-variable"},"acf":[],"_links":{"self":[{"href":"https:\/\/one-horizon.ch\/fr\/wp-json\/wp\/v2\/product\/116727","targetHints":{"allow":["GET"]}}],"collection":[{"href":"https:\/\/one-horizon.ch\/fr\/wp-json\/wp\/v2\/product"}],"about":[{"href":"https:\/\/one-horizon.ch\/fr\/wp-json\/wp\/v2\/types\/product"}],"replies":[{"embeddable":true,"href":"https:\/\/one-horizon.ch\/fr\/wp-json\/wp\/v2\/comments?post=116727"}],"wp:featuredmedia":[{"embeddable":true,"href":"https:\/\/one-horizon.ch\/fr\/wp-json\/wp\/v2\/media\/116485"}],"wp:attachment":[{"href":"https:\/\/one-horizon.ch\/fr\/wp-json\/wp\/v2\/media?parent=116727"}],"wp:term":[{"taxonomy":"product_brand","embeddable":true,"href":"https:\/\/one-horizon.ch\/fr\/wp-json\/wp\/v2\/product_brand?post=116727"},{"taxonomy":"product_cat","embeddable":true,"href":"https:\/\/one-horizon.ch\/fr\/wp-json\/wp\/v2\/product_cat?post=116727"},{"taxonomy":"product_tag","embeddable":true,"href":"https:\/\/one-horizon.ch\/fr\/wp-json\/wp\/v2\/product_tag?post=116727"}],"curies":[{"name":"wp","href":"https:\/\/api.w.org\/{rel}","templated":true}]}}