{"id":117280,"date":"2026-04-16T23:17:55","date_gmt":"2026-04-16T21:17:55","guid":{"rendered":"https:\/\/one-horizon.ch\/product\/craighill-playing-cards-schwarz\/"},"modified":"2026-04-28T20:00:07","modified_gmt":"2026-04-28T18:00:07","slug":"craighill-playing-cards-schwarz","status":"publish","type":"product","link":"https:\/\/one-horizon.ch\/fr\/product\/craighill-playing-cards-schwarz\/","title":{"rendered":"Cartes \u00e0 jouer Noir"},"content":{"rendered":"<p>Un jeu de cartes est un jeu de cartes &#8211; jusqu&#8217;\u00e0 ce que vous preniez en main les <strong>Craighill Playing Cards<\/strong>. Ici, un design graphique coh\u00e9rent et une jouabilit\u00e9 parfaite se rencontrent. Les 54 cartes sont d&#8217;un noir profond avec des d\u00e9tails subtils, la bo\u00eete se ferme magn\u00e9tiquement et rappelle une cassette.  <\/p>\n<h2>Des d\u00e9tails qui font la diff\u00e9rence<\/h2>\n<p>Craighill a d\u00e9lib\u00e9r\u00e9ment plac\u00e9 chaque \u00e9l\u00e9ment de design &#8211; du dos de la carte \u00e0 la bo\u00eete. La bo\u00eete-cassette s&#8217;ouvre et se ferme avec une fermeture magn\u00e9tique, prot\u00e9geant le jeu et faisant du d\u00e9ballage lui-m\u00eame un petit rituel. <\/p>\n<h2>D\u00e9tails du produit<\/h2>\n<ul>\n<li>54 cartes \u00e0 jouer au design noir<\/li>\n<li>Bo\u00eete \u00e0 cassettes magn\u00e9tique<\/li>\n<li>Format standard, tous les jeux de cartes sont jouables<\/li>\n<li>De Craighill, Brooklyn NY<\/li>\n<\/ul>\n<p>Le cadeau id\u00e9al pour les soir\u00e9es jeux, les fans de design et tous ceux qui aiment que le quotidien sorte de l&#8217;ordinaire.<\/p>\n","protected":false},"excerpt":{"rendered":"<p>Cartes \u00e0 jouer de Craighill &#8211; chics, bien con\u00e7ues et parfaitement jouables. Bo\u00eete magn\u00e9tique en forme de cassette, 54 cartes en noir avec de fins d\u00e9tails dor\u00e9s. Un jeu de cartes aussi beau qu&#8217;agr\u00e9able \u00e0 jouer.  <\/p>\n","protected":false},"featured_media":115541,"comment_status":"open","ping_status":"closed","template":"","meta":{"_acf_changed":false},"product_brand":[3114],"product_cat":[1302],"product_tag":[3359,3140],"class_list":{"0":"post-117280","1":"product","2":"type-product","3":"status-publish","4":"has-post-thumbnail","6":"product_brand-craighill","7":"product_cat-rangement","8":"product_tag-anniversaire","9":"product_tag-noel","11":"first","12":"onbackorder","13":"taxable","14":"shipping-taxable","15":"purchasable","16":"product-type-simple"},"acf":[],"_links":{"self":[{"href":"https:\/\/one-horizon.ch\/fr\/wp-json\/wp\/v2\/product\/117280","targetHints":{"allow":["GET"]}}],"collection":[{"href":"https:\/\/one-horizon.ch\/fr\/wp-json\/wp\/v2\/product"}],"about":[{"href":"https:\/\/one-horizon.ch\/fr\/wp-json\/wp\/v2\/types\/product"}],"replies":[{"embeddable":true,"href":"https:\/\/one-horizon.ch\/fr\/wp-json\/wp\/v2\/comments?post=117280"}],"wp:featuredmedia":[{"embeddable":true,"href":"https:\/\/one-horizon.ch\/fr\/wp-json\/wp\/v2\/media\/115541"}],"wp:attachment":[{"href":"https:\/\/one-horizon.ch\/fr\/wp-json\/wp\/v2\/media?parent=117280"}],"wp:term":[{"taxonomy":"product_brand","embeddable":true,"href":"https:\/\/one-horizon.ch\/fr\/wp-json\/wp\/v2\/product_brand?post=117280"},{"taxonomy":"product_cat","embeddable":true,"href":"https:\/\/one-horizon.ch\/fr\/wp-json\/wp\/v2\/product_cat?post=117280"},{"taxonomy":"product_tag","embeddable":true,"href":"https:\/\/one-horizon.ch\/fr\/wp-json\/wp\/v2\/product_tag?post=117280"}],"curies":[{"name":"wp","href":"https:\/\/api.w.org\/{rel}","templated":true}]}}