{"id":117287,"date":"2026-04-16T23:20:36","date_gmt":"2026-04-16T21:20:36","guid":{"rendered":"https:\/\/one-horizon.ch\/product\/craighill-lark-knife-mini\/"},"modified":"2026-04-16T23:20:36","modified_gmt":"2026-04-16T21:20:36","slug":"craighill-lark-knife-mini","status":"publish","type":"product","link":"https:\/\/one-horizon.ch\/fr\/product\/craighill-lark-knife-mini\/","title":{"rendered":"Lark Knife Mini"},"content":{"rendered":"<p>Le <strong>Craighill Lark Knife<\/strong> est votre nouveau compagnon de tous les jours &#8211; suffisamment compact pour \u00eatre accroch\u00e9 \u00e0 votre trousseau de cl\u00e9s, suffisamment robuste pour une utilisation r\u00e9elle. De l&#8217;ouverture de paquets \u00e0 la d\u00e9coupe lors d&#8217;un pique-nique, un petit couteau est souvent plus utile qu&#8217;un grand, car il vous suit partout. <\/p>\n<h2>La pr\u00e9cision en miniature<\/h2>\n<p>Craighill a con\u00e7u le couteau Lark pour une utilisation quotidienne. La lame est fabriqu\u00e9e en acier de coutellerie 12C27 &#8211; un acier r\u00e9put\u00e9 pour son excellente tenue de coupe et sa facilit\u00e9 d&#8217;aff\u00fbtage. L&#8217;aff\u00fbtage Drop Point rend la lame polyvalente et s\u00fbre \u00e0 utiliser.  <\/p>\n<h2>D\u00e9tails du produit<\/h2>\n<ul>\n<li>Acier de la lame : 12C27<\/li>\n<li>Type de lame : Drop Point<\/li>\n<li>Longueur de la lame : 3,8 cm<\/li>\n<li>Longueur ferm\u00e9e : 6,6 cm<\/li>\n<li>Longueur ouverte : 10,4 cm<\/li>\n<li>Verrouillage : verrouillage du cadre (Frame Lock)<\/li>\n<li>Mat\u00e9riau : acier inoxydable, laiton, DLC noir (selon le mod\u00e8le)<\/li>\n<\/ul>\n","protected":false},"excerpt":{"rendered":"<p>Le Craighill Lark Knife est un couteau pliant EDC compact &#8211; lame drop-point de 3,8 cm en acier 12C27, verrouillage du cadre, construction enti\u00e8rement m\u00e9tallique. Une fois ferm\u00e9, il ne mesure que 6,6 cm de long &#8211; il s&#8217;adapte \u00e0 n&#8217;importe quel trousseau de cl\u00e9s. <\/p>\n","protected":false},"featured_media":115591,"comment_status":"open","ping_status":"closed","template":"","meta":{"_acf_changed":false},"product_brand":[3114],"product_cat":[3276],"product_tag":[3359,3373,3140,3292],"class_list":{"0":"post-117287","1":"product","2":"type-product","3":"status-publish","4":"has-post-thumbnail","6":"product_brand-craighill","7":"product_cat-carry-essentials","8":"product_tag-anniversaire","9":"product_tag-fete-des-peres","10":"product_tag-noel","11":"product_tag-pour-lui","13":"first","14":"onbackorder","15":"taxable","16":"shipping-taxable","17":"purchasable","18":"product-type-variable"},"acf":[],"_links":{"self":[{"href":"https:\/\/one-horizon.ch\/fr\/wp-json\/wp\/v2\/product\/117287","targetHints":{"allow":["GET"]}}],"collection":[{"href":"https:\/\/one-horizon.ch\/fr\/wp-json\/wp\/v2\/product"}],"about":[{"href":"https:\/\/one-horizon.ch\/fr\/wp-json\/wp\/v2\/types\/product"}],"replies":[{"embeddable":true,"href":"https:\/\/one-horizon.ch\/fr\/wp-json\/wp\/v2\/comments?post=117287"}],"wp:featuredmedia":[{"embeddable":true,"href":"https:\/\/one-horizon.ch\/fr\/wp-json\/wp\/v2\/media\/115591"}],"wp:attachment":[{"href":"https:\/\/one-horizon.ch\/fr\/wp-json\/wp\/v2\/media?parent=117287"}],"wp:term":[{"taxonomy":"product_brand","embeddable":true,"href":"https:\/\/one-horizon.ch\/fr\/wp-json\/wp\/v2\/product_brand?post=117287"},{"taxonomy":"product_cat","embeddable":true,"href":"https:\/\/one-horizon.ch\/fr\/wp-json\/wp\/v2\/product_cat?post=117287"},{"taxonomy":"product_tag","embeddable":true,"href":"https:\/\/one-horizon.ch\/fr\/wp-json\/wp\/v2\/product_tag?post=117287"}],"curies":[{"name":"wp","href":"https:\/\/api.w.org\/{rel}","templated":true}]}}